{"id":122103,"date":"2026-05-06T08:51:07","date_gmt":"2026-05-06T11:51:07","guid":{"rendered":"https:\/\/www.hediyepazar.com\/?product=solar-panel-sarjli-tasinabilir-radyo-bluetooth-hoparlor-muzik-kutusu"},"modified":"2026-05-06T08:51:07","modified_gmt":"2026-05-06T11:51:07","slug":"solar-panel-sarjli-tasinabilir-radyo-bluetooth-hoparlor-muzik-kutusu","status":"publish","type":"product","link":"https:\/\/www.hediyepazar.com\/?product=solar-panel-sarjli-tasinabilir-radyo-bluetooth-hoparlor-muzik-kutusu","title":{"rendered":"Solar Panel \u015earjl\u0131 Ta\u015f\u0131nabilir Radyo Bluetooth Hoparl\u00f6r M\u00fczik Kutusu"},"content":{"rendered":"<p>Solar \u015farj destekli ta\u015f\u0131nabilir radyo ve hoparl\u00f6r, retro tasar\u0131m\u0131yla dikkat \u00e7ekerken modern multimedya \u00e7\u00f6z\u00fcmleriyle fonksiyonel bir kullan\u0131m sunar. \u00dczerindeki solar panel sayesinde g\u00fcne\u015ften enerji alarak kendi kendine \u015farj olabilir. Elektrik olmayan ortamlarda b\u00fcy\u00fck kolayl\u0131k sa\u011flayarak kamp, do\u011fa y\u00fcr\u00fcy\u00fc\u015f\u00fc, piknik gibi aktivitelerin vazge\u00e7ilmez cihaz\u0131 h\u00e2line gelir.AM\/FM\/SW \u00fc\u00e7l\u00fc radyo sistemi geni\u015f kapsama alan\u0131 sayesinde net ve g\u00fc\u00e7l\u00fc radyo sinyali sa\u011flar. Klasik radyo k\u00fclt\u00fcr\u00fcn\u00fc ya\u015fat\u0131rken modern komponentlerle desteklenen bir radyo deneyimi sunar. Radyo \u00e7ekim g\u00fcc\u00fc y\u00fcksek oldu\u011fu i\u00e7in \u015fehir i\u00e7inde de k\u0131rsal b\u00f6lgelerde de ba\u015far\u0131l\u0131 performans g\u00f6sterir.Bluetooth teknolojisiyle telefonlardan kablosuz m\u00fczik aktar\u0131m\u0131 yap\u0131labilir. USB, SD ve TF kart giri\u015fleri sayesinde harici belleklerden do\u011frudan m\u00fczik \u00e7alabilir. AUX ba\u011flant\u0131s\u0131 ile eski cihazlardan m\u00fczik aktarma imk\u00e2n\u0131 da vard\u0131r. B\u00f6ylece \u00e7oklu medya deste\u011fi sayesinde m\u00fczik keyfi her yerde devam eder.Hoparl\u00f6r g\u00fc\u00e7l\u00fc ses \u00e7\u0131k\u0131\u015f\u0131na sahiptir ve d\u0131\u015f mek\u00e2nlarda bile ses performans\u0131n\u0131 korur. G\u00f6vdesi dayan\u0131kl\u0131 malzemeden \u00fcretilmi\u015f olup ta\u015f\u0131ma kulbu ile kolay ta\u015f\u0131nabilir. Kompakt yap\u0131s\u0131 sayesinde her ortama uyum sa\u011flar.\u015earj edilebilir ak\u00fcs\u00fc uzun s\u00fcre kullan\u0131m sunar. Solar panel sayesinde enerji sorunu ya\u015famadan saatlerce radyo ve m\u00fczik keyfi ya\u015fanabilir. Kamp\u00e7\u0131lar, do\u011fa severler ve m\u00fczikten vazge\u00e7emeyen kullan\u0131c\u0131lar i\u00e7in ideal bir \u00e7\u00f6z\u00fcmd\u00fcr.<\/p>\n","protected":false},"excerpt":{"rendered":"<p>Solar \u015farj destekli ta\u015f\u0131nabilir radyo ve hoparl\u00f6r, retro tasar\u0131m\u0131yla dikkat \u00e7ekerken modern multimedya \u00e7\u00f6z\u00fcmleriyle fonksiyonel bir kullan\u0131m sunar. \u00dczerindeki solar panel sayesinde g\u00fcne\u015ften enerji alarak kendi kendine \u015farj olabilir. Elektrik olmayan ortamlarda b\u00fcy\u00fck kolayl\u0131k sa\u011flayarak kamp, do\u011fa y\u00fcr\u00fcy\u00fc\u015f\u00fc, piknik gibi aktivitelerin vazge\u00e7ilmez cihaz\u0131 h\u00e2line gelir.AM\/FM\/SW \u00fc\u00e7l\u00fc radyo sistemi geni\u015f kapsama alan\u0131 sayesinde net ve g\u00fc\u00e7l\u00fc&#8230;<\/p>\n","protected":false},"featured_media":122102,"comment_status":"open","ping_status":"closed","template":"","meta":{"_kad_post_transparent":"","_kad_post_title":"","_kad_post_layout":"","_kad_post_sidebar_id":"","_kad_post_content_style":"","_kad_post_vertical_padding":"","_kad_post_feature":"","_kad_post_feature_position":"","_kad_post_header":false,"_kad_post_footer":false,"_kad_post_classname":""},"product_brand":[],"product_cat":[14911],"product_tag":[],"class_list":{"0":"post-122103","1":"product","2":"type-product","3":"status-publish","4":"has-post-thumbnail","6":"product_cat-kablosuz-hoparlor-kablosuz-hoparlor","8":"first","9":"instock","10":"purchasable","11":"product-type-simple","12":"entry","13":"content-bg","14":"loop-entry"},"_links":{"self":[{"href":"https:\/\/www.hediyepazar.com\/index.php?rest_route=\/wp\/v2\/product\/122103","targetHints":{"allow":["GET"]}}],"collection":[{"href":"https:\/\/www.hediyepazar.com\/index.php?rest_route=\/wp\/v2\/product"}],"about":[{"href":"https:\/\/www.hediyepazar.com\/index.php?rest_route=\/wp\/v2\/types\/product"}],"replies":[{"embeddable":true,"href":"https:\/\/www.hediyepazar.com\/index.php?rest_route=%2Fwp%2Fv2%2Fcomments&post=122103"}],"wp:featuredmedia":[{"embeddable":true,"href":"https:\/\/www.hediyepazar.com\/index.php?rest_route=\/wp\/v2\/media\/122102"}],"wp:attachment":[{"href":"https:\/\/www.hediyepazar.com\/index.php?rest_route=%2Fwp%2Fv2%2Fmedia&parent=122103"}],"wp:term":[{"taxonomy":"product_brand","embeddable":true,"href":"https:\/\/www.hediyepazar.com\/index.php?rest_route=%2Fwp%2Fv2%2Fproduct_brand&post=122103"},{"taxonomy":"product_cat","embeddable":true,"href":"https:\/\/www.hediyepazar.com\/index.php?rest_route=%2Fwp%2Fv2%2Fproduct_cat&post=122103"},{"taxonomy":"product_tag","embeddable":true,"href":"https:\/\/www.hediyepazar.com\/index.php?rest_route=%2Fwp%2Fv2%2Fproduct_tag&post=122103"}],"curies":[{"name":"wp","href":"https:\/\/api.w.org\/{rel}","templated":true}]}}