{"id":122113,"date":"2026-05-06T08:52:13","date_gmt":"2026-05-06T11:52:13","guid":{"rendered":"https:\/\/www.hediyepazar.com\/?product=tasinabilir-yogurma-masaj-cihazi-boyun-bel-sirt-ayak"},"modified":"2026-05-06T08:52:13","modified_gmt":"2026-05-06T11:52:13","slug":"tasinabilir-yogurma-masaj-cihazi-boyun-bel-sirt-ayak","status":"publish","type":"product","link":"https:\/\/www.hediyepazar.com\/?product=tasinabilir-yogurma-masaj-cihazi-boyun-bel-sirt-ayak","title":{"rendered":"Ta\u015f\u0131nabilir Yo\u011furma Masaj Cihaz\u0131 Boyun Bel S\u0131rt Ayak"},"content":{"rendered":"<p>Yo\u011fun i\u015f temposunda uzun s\u00fcre oturuyorsan\u0131z bu masaj yast\u0131\u011f\u0131, g\u00fcn boyu biriken kas gerginliklerini profesyonel \u015fekilde gidermeye yard\u0131mc\u0131 olur. 8 yo\u011furma topu sayesinde ger\u00e7ek bir mas\u00f6r etkisi yarat\u0131r. Priz ve \u00e7akmak giri\u015fli adapt\u00f6rleri, \u00fcr\u00fcn\u00fc hem ev hem ara\u00e7 ortam\u0131nda kullanmay\u0131 m\u00fcmk\u00fcn k\u0131lar. Esnek yap\u0131s\u0131 v\u00fccudun farkl\u0131 b\u00f6lgelerine uyum sa\u011flayarak \u00e7ok y\u00f6nl\u00fc kullan\u0131m sunar.<\/p>\n","protected":false},"excerpt":{"rendered":"<p>Yo\u011fun i\u015f temposunda uzun s\u00fcre oturuyorsan\u0131z bu masaj yast\u0131\u011f\u0131, g\u00fcn boyu biriken kas gerginliklerini profesyonel \u015fekilde gidermeye yard\u0131mc\u0131 olur. 8 yo\u011furma topu sayesinde ger\u00e7ek bir mas\u00f6r etkisi yarat\u0131r. Priz ve \u00e7akmak giri\u015fli adapt\u00f6rleri, \u00fcr\u00fcn\u00fc hem ev hem ara\u00e7 ortam\u0131nda kullanmay\u0131 m\u00fcmk\u00fcn k\u0131lar. Esnek yap\u0131s\u0131 v\u00fccudun farkl\u0131 b\u00f6lgelerine uyum sa\u011flayarak \u00e7ok y\u00f6nl\u00fc kullan\u0131m sunar.<\/p>\n","protected":false},"featured_media":122112,"comment_status":"open","ping_status":"closed","template":"","meta":{"_kad_post_transparent":"","_kad_post_title":"","_kad_post_layout":"","_kad_post_sidebar_id":"","_kad_post_content_style":"","_kad_post_vertical_padding":"","_kad_post_feature":"","_kad_post_feature_position":"","_kad_post_header":false,"_kad_post_footer":false,"_kad_post_classname":""},"product_brand":[],"product_cat":[14939],"product_tag":[],"class_list":{"0":"post-122113","1":"product","2":"type-product","3":"status-publish","4":"has-post-thumbnail","6":"product_cat-masaj-cihazi-masaj-cihazi","8":"first","9":"instock","10":"purchasable","11":"product-type-simple","12":"entry","13":"content-bg","14":"loop-entry"},"_links":{"self":[{"href":"https:\/\/www.hediyepazar.com\/index.php?rest_route=\/wp\/v2\/product\/122113","targetHints":{"allow":["GET"]}}],"collection":[{"href":"https:\/\/www.hediyepazar.com\/index.php?rest_route=\/wp\/v2\/product"}],"about":[{"href":"https:\/\/www.hediyepazar.com\/index.php?rest_route=\/wp\/v2\/types\/product"}],"replies":[{"embeddable":true,"href":"https:\/\/www.hediyepazar.com\/index.php?rest_route=%2Fwp%2Fv2%2Fcomments&post=122113"}],"wp:featuredmedia":[{"embeddable":true,"href":"https:\/\/www.hediyepazar.com\/index.php?rest_route=\/wp\/v2\/media\/122112"}],"wp:attachment":[{"href":"https:\/\/www.hediyepazar.com\/index.php?rest_route=%2Fwp%2Fv2%2Fmedia&parent=122113"}],"wp:term":[{"taxonomy":"product_brand","embeddable":true,"href":"https:\/\/www.hediyepazar.com\/index.php?rest_route=%2Fwp%2Fv2%2Fproduct_brand&post=122113"},{"taxonomy":"product_cat","embeddable":true,"href":"https:\/\/www.hediyepazar.com\/index.php?rest_route=%2Fwp%2Fv2%2Fproduct_cat&post=122113"},{"taxonomy":"product_tag","embeddable":true,"href":"https:\/\/www.hediyepazar.com\/index.php?rest_route=%2Fwp%2Fv2%2Fproduct_tag&post=122113"}],"curies":[{"name":"wp","href":"https:\/\/api.w.org\/{rel}","templated":true}]}}