{"id":122115,"date":"2026-05-06T08:52:20","date_gmt":"2026-05-06T11:52:20","guid":{"rendered":"https:\/\/www.hediyepazar.com\/?product=isitma-ozellikli-derin-yogurma-masaj-yastigi-priz-cakmak-girisli"},"modified":"2026-05-06T08:52:20","modified_gmt":"2026-05-06T11:52:20","slug":"isitma-ozellikli-derin-yogurma-masaj-yastigi-priz-cakmak-girisli","status":"publish","type":"product","link":"https:\/\/www.hediyepazar.com\/?product=isitma-ozellikli-derin-yogurma-masaj-yastigi-priz-cakmak-girisli","title":{"rendered":"Is\u0131tma \u00d6zellikli Derin Yo\u011furma Masaj Yast\u0131\u011f\u0131 Priz &#038; \u00c7akmak Giri\u015fli"},"content":{"rendered":"<p>Bu masaj yast\u0131\u011f\u0131, 8 adet g\u00fc\u00e7l\u00fc yo\u011furma ba\u015fl\u0131\u011f\u0131yla derin kas dokular\u0131na etki eder ve kaslarda biriken gerginlik ile yorgunlu\u011fu k\u0131sa s\u00fcrede azalt\u0131r. Hem ev hem ara\u00e7 kullan\u0131m\u0131na uygun olmas\u0131, \u00fcr\u00fcn\u00fc her an kullanabilece\u011finiz pratik bir masaj \u00e7\u00f6z\u00fcm\u00fcne d\u00f6n\u00fc\u015ft\u00fcr\u00fcr. Ergonomik yap\u0131s\u0131 sayesinde boyun, bel, s\u0131rt, omuz, bacak ve ayaklara tamamen uyum sa\u011flar.Tek tu\u015fla kontrol edilen fonksiyon sisteminde \u0131s\u0131tma modu, y\u00f6n de\u011fi\u015ftirme ve otomatik kapanma \u00f6zellikleri yer al\u0131r. Is\u0131tma \u00f6zelli\u011fi kaslar\u0131n gev\u015femesini kolayla\u015ft\u0131r\u0131r. Lastik sabitleme bantlar\u0131, \u00fcr\u00fcn\u00fc sandalyeye veya ara\u00e7 koltu\u011funa sabitleyerek sabit pozisyonda kullan\u0131m sunar. Hafif ve ta\u015f\u0131nabilir tasar\u0131m\u0131 sayesinde \u00e7antada kolayca ta\u015f\u0131nabilir.<\/p>\n","protected":false},"excerpt":{"rendered":"<p>Bu masaj yast\u0131\u011f\u0131, 8 adet g\u00fc\u00e7l\u00fc yo\u011furma ba\u015fl\u0131\u011f\u0131yla derin kas dokular\u0131na etki eder ve kaslarda biriken gerginlik ile yorgunlu\u011fu k\u0131sa s\u00fcrede azalt\u0131r. Hem ev hem ara\u00e7 kullan\u0131m\u0131na uygun olmas\u0131, \u00fcr\u00fcn\u00fc her an kullanabilece\u011finiz pratik bir masaj \u00e7\u00f6z\u00fcm\u00fcne d\u00f6n\u00fc\u015ft\u00fcr\u00fcr. Ergonomik yap\u0131s\u0131 sayesinde boyun, bel, s\u0131rt, omuz, bacak ve ayaklara tamamen uyum sa\u011flar.Tek tu\u015fla kontrol edilen fonksiyon&#8230;<\/p>\n","protected":false},"featured_media":122114,"comment_status":"open","ping_status":"closed","template":"","meta":{"_kad_post_transparent":"","_kad_post_title":"","_kad_post_layout":"","_kad_post_sidebar_id":"","_kad_post_content_style":"","_kad_post_vertical_padding":"","_kad_post_feature":"","_kad_post_feature_position":"","_kad_post_header":false,"_kad_post_footer":false,"_kad_post_classname":""},"product_brand":[],"product_cat":[14939],"product_tag":[],"class_list":{"0":"post-122115","1":"product","2":"type-product","3":"status-publish","4":"has-post-thumbnail","6":"product_cat-masaj-cihazi-masaj-cihazi","8":"first","9":"instock","10":"purchasable","11":"product-type-simple","12":"entry","13":"content-bg","14":"loop-entry"},"_links":{"self":[{"href":"https:\/\/www.hediyepazar.com\/index.php?rest_route=\/wp\/v2\/product\/122115","targetHints":{"allow":["GET"]}}],"collection":[{"href":"https:\/\/www.hediyepazar.com\/index.php?rest_route=\/wp\/v2\/product"}],"about":[{"href":"https:\/\/www.hediyepazar.com\/index.php?rest_route=\/wp\/v2\/types\/product"}],"replies":[{"embeddable":true,"href":"https:\/\/www.hediyepazar.com\/index.php?rest_route=%2Fwp%2Fv2%2Fcomments&post=122115"}],"wp:featuredmedia":[{"embeddable":true,"href":"https:\/\/www.hediyepazar.com\/index.php?rest_route=\/wp\/v2\/media\/122114"}],"wp:attachment":[{"href":"https:\/\/www.hediyepazar.com\/index.php?rest_route=%2Fwp%2Fv2%2Fmedia&parent=122115"}],"wp:term":[{"taxonomy":"product_brand","embeddable":true,"href":"https:\/\/www.hediyepazar.com\/index.php?rest_route=%2Fwp%2Fv2%2Fproduct_brand&post=122115"},{"taxonomy":"product_cat","embeddable":true,"href":"https:\/\/www.hediyepazar.com\/index.php?rest_route=%2Fwp%2Fv2%2Fproduct_cat&post=122115"},{"taxonomy":"product_tag","embeddable":true,"href":"https:\/\/www.hediyepazar.com\/index.php?rest_route=%2Fwp%2Fv2%2Fproduct_tag&post=122115"}],"curies":[{"name":"wp","href":"https:\/\/api.w.org\/{rel}","templated":true}]}}