{"id":122137,"date":"2026-05-06T08:56:01","date_gmt":"2026-05-06T11:56:01","guid":{"rendered":"https:\/\/www.hediyepazar.com\/?product=tasinabilir-silindir-tasarim-bluetooth-5-0-hoparlor-yuksek-bas-performansli"},"modified":"2026-05-06T08:56:01","modified_gmt":"2026-05-06T11:56:01","slug":"tasinabilir-silindir-tasarim-bluetooth-5-0-hoparlor-yuksek-bas-performansli","status":"publish","type":"product","link":"https:\/\/www.hediyepazar.com\/?product=tasinabilir-silindir-tasarim-bluetooth-5-0-hoparlor-yuksek-bas-performansli","title":{"rendered":"Ta\u015f\u0131nabilir Silindir Tasar\u0131m Bluetooth 5.0 Hoparl\u00f6r Y\u00fcksek Bas Performansl\u0131"},"content":{"rendered":"<p>Silindir metal tasar\u0131m\u0131yla dikkat \u00e7eken bu mini Bluetooth hoparl\u00f6r, hem sa\u011flam g\u00f6vde yap\u0131s\u0131 hem de modern g\u00f6r\u00fcn\u00fcm\u00fcyle her ortamda kullan\u0131m i\u00e7in uygundur. 4W \u00e7\u0131k\u0131\u015f g\u00fcc\u00fc, boyutunu a\u015fan bir performans sunarak y\u00fcksek bas ve temiz ses kalitesi sa\u011flar. Bluetooth 5.0 ba\u011flant\u0131s\u0131 ile h\u0131zl\u0131 e\u015fle\u015fme m\u00fcmk\u00fcn olurken, 10 metre \u00e7ekim mesafesi sayesinde m\u00fczi\u011finizi cihaz\u0131 elinizde tutmadan y\u00f6netebilirsiniz.TWS stereo \u00f6zelli\u011fi, iki hoparl\u00f6r\u00fc birbirine ba\u011flayarak iki kat g\u00fc\u00e7l\u00fc ve \u00e7evresel bir ses deneyimi ya\u015faman\u0131z\u0131 sa\u011flar. Film gecelerinde, a\u00e7\u0131k hava etkinliklerinde veya oda i\u00e7inde olduk\u00e7a etkileyici sonu\u00e7lar verir. 400 mAh pil kapasitesi uzun s\u00fcreli dinleme imk\u00e2n\u0131 sunarken h\u0131zl\u0131 \u015farj \u00f6zelli\u011fi de g\u00fcnl\u00fck kullan\u0131mda kolayl\u0131k sa\u011flar.Dahili mikrofon sayesinde telefon g\u00f6r\u00fc\u015fmelerinizi hoparl\u00f6r \u00fczerinden kesintisiz \u015fekilde yapabilirsiniz. Sesli asistan uyumlulu\u011fu ile komut verebilir, \u00e7a\u011fr\u0131 cevaplayabilir veya m\u00fczi\u011fi y\u00f6netebilirsiniz.Silindir formu elde rahat tutu\u015f sa\u011flar, hafif g\u00f6vdesi ta\u015f\u0131may\u0131 kolayla\u015ft\u0131r\u0131r. Spor yaparken, kamp yaparken, sahilde veya evinizde her an yan\u0131n\u0131zda ta\u015f\u0131yabilece\u011finiz bu hoparl\u00f6r, hem \u015f\u0131kl\u0131\u011f\u0131 hem performans\u0131 bir arada sunarak m\u00fczik keyfini her yere ta\u015f\u0131r.<\/p>\n","protected":false},"excerpt":{"rendered":"<p>Silindir metal tasar\u0131m\u0131yla dikkat \u00e7eken bu mini Bluetooth hoparl\u00f6r, hem sa\u011flam g\u00f6vde yap\u0131s\u0131 hem de modern g\u00f6r\u00fcn\u00fcm\u00fcyle her ortamda kullan\u0131m i\u00e7in uygundur. 4W \u00e7\u0131k\u0131\u015f g\u00fcc\u00fc, boyutunu a\u015fan bir performans sunarak y\u00fcksek bas ve temiz ses kalitesi sa\u011flar. Bluetooth 5.0 ba\u011flant\u0131s\u0131 ile h\u0131zl\u0131 e\u015fle\u015fme m\u00fcmk\u00fcn olurken, 10 metre \u00e7ekim mesafesi sayesinde m\u00fczi\u011finizi cihaz\u0131 elinizde tutmadan y\u00f6netebilirsiniz.TWS&#8230;<\/p>\n","protected":false},"featured_media":122136,"comment_status":"open","ping_status":"closed","template":"","meta":{"_kad_post_transparent":"","_kad_post_title":"","_kad_post_layout":"","_kad_post_sidebar_id":"","_kad_post_content_style":"","_kad_post_vertical_padding":"","_kad_post_feature":"","_kad_post_feature_position":"","_kad_post_header":false,"_kad_post_footer":false,"_kad_post_classname":""},"product_brand":[],"product_cat":[14911],"product_tag":[],"class_list":{"0":"post-122137","1":"product","2":"type-product","3":"status-publish","4":"has-post-thumbnail","6":"product_cat-kablosuz-hoparlor-kablosuz-hoparlor","8":"first","9":"instock","10":"purchasable","11":"product-type-simple","12":"entry","13":"content-bg","14":"loop-entry"},"_links":{"self":[{"href":"https:\/\/www.hediyepazar.com\/index.php?rest_route=\/wp\/v2\/product\/122137","targetHints":{"allow":["GET"]}}],"collection":[{"href":"https:\/\/www.hediyepazar.com\/index.php?rest_route=\/wp\/v2\/product"}],"about":[{"href":"https:\/\/www.hediyepazar.com\/index.php?rest_route=\/wp\/v2\/types\/product"}],"replies":[{"embeddable":true,"href":"https:\/\/www.hediyepazar.com\/index.php?rest_route=%2Fwp%2Fv2%2Fcomments&post=122137"}],"wp:featuredmedia":[{"embeddable":true,"href":"https:\/\/www.hediyepazar.com\/index.php?rest_route=\/wp\/v2\/media\/122136"}],"wp:attachment":[{"href":"https:\/\/www.hediyepazar.com\/index.php?rest_route=%2Fwp%2Fv2%2Fmedia&parent=122137"}],"wp:term":[{"taxonomy":"product_brand","embeddable":true,"href":"https:\/\/www.hediyepazar.com\/index.php?rest_route=%2Fwp%2Fv2%2Fproduct_brand&post=122137"},{"taxonomy":"product_cat","embeddable":true,"href":"https:\/\/www.hediyepazar.com\/index.php?rest_route=%2Fwp%2Fv2%2Fproduct_cat&post=122137"},{"taxonomy":"product_tag","embeddable":true,"href":"https:\/\/www.hediyepazar.com\/index.php?rest_route=%2Fwp%2Fv2%2Fproduct_tag&post=122137"}],"curies":[{"name":"wp","href":"https:\/\/api.w.org\/{rel}","templated":true}]}}