{"id":122139,"date":"2026-05-06T08:56:07","date_gmt":"2026-05-06T11:56:07","guid":{"rendered":"https:\/\/www.hediyepazar.com\/?product=mini-aluminyum-bluetooth-hoparlor-yuksek-bas-performansi"},"modified":"2026-05-06T08:56:07","modified_gmt":"2026-05-06T11:56:07","slug":"mini-aluminyum-bluetooth-hoparlor-yuksek-bas-performansi","status":"publish","type":"product","link":"https:\/\/www.hediyepazar.com\/?product=mini-aluminyum-bluetooth-hoparlor-yuksek-bas-performansi","title":{"rendered":"Mini Al\u00fcminyum Bluetooth Hoparl\u00f6r Y\u00fcksek Bas Performans\u0131"},"content":{"rendered":"<p>Mini Top Al\u00fcminyum Bluetooth Hoparl\u00f6r, kompakt tasar\u0131m\u0131na ra\u011fmen sundu\u011fu g\u00fc\u00e7l\u00fc performans ile g\u00fcnl\u00fck kullan\u0131m, seyahat, ofis ve ev i\u00e7in ideal bir ses \u00e7\u00f6z\u00fcm\u00fcd\u00fcr. 4W \u00e7\u0131k\u0131\u015f g\u00fcc\u00fcne sahip 36 mm hoparl\u00f6r s\u00fcr\u00fcc\u00fcs\u00fc sayesinde y\u00fcksek bas (bass) performans\u0131 sunar ve m\u00fczik dinlerken net, dengeli ve dolgun bir ses deneyimi ya\u015faman\u0131z\u0131 sa\u011flar. Metal al\u00fcminyum g\u00f6vdesi hem dayan\u0131kl\u0131d\u0131r hem de premium bir g\u00f6r\u00fcn\u00fcm sunar. K\u00fc\u00e7\u00fck boyutuna ra\u011fmen g\u00fc\u00e7l\u00fc yap\u0131s\u0131 ile dikkat \u00e7eker.Bu mini hoparl\u00f6r, Bluetooth 5.0 teknolojisi ile donat\u0131lm\u0131\u015ft\u0131r. B\u00f6ylece daha h\u0131zl\u0131 ba\u011flant\u0131, d\u00fc\u015f\u00fck gecikme ve 10 metreye kadar kesintisiz kullan\u0131m sa\u011flar. TWS (True Wireless Stereo) \u00f6zelli\u011fi sayesinde iki hoparl\u00f6r\u00fc e\u015fle\u015ftirerek stereo m\u00fczik keyfi ya\u015fayabilir, ses performans\u0131n\u0131 iki kat\u0131na \u00e7\u0131karabilirsiniz. Eller serbest arama \u00f6zelli\u011fi, telefon g\u00f6r\u00fc\u015fmelerini hoparl\u00f6r \u00fczerinden net \u015fekilde yapman\u0131za imk\u00e2n tan\u0131r.400 mAh pil kapasitesi uzun s\u00fcreli kullan\u0131m sunar ve DC 5V giri\u015f sayesinde kolayl\u0131kla \u015farj edilebilir. Hafif yap\u0131s\u0131 (60 gram) ve kompakt \u00f6l\u00e7\u00fcleri (4,8 x 4,8 x 3,3 cm) ile cebinizde, \u00e7antan\u0131zda veya masan\u0131zda rahatl\u0131kla ta\u015f\u0131yabilirsiniz. Spor yaparken, piknikte, arabada, ofiste veya evde her zaman yan\u0131n\u0131zda olur.\u0130ster y\u00fcksek bas gerektiren m\u00fcziklerde, ister podcast veya film i\u00e7eriklerinde maksimum performans almak isteyen herkes i\u00e7in m\u00fckemmel bir \u00e7\u00f6z\u00fcmd\u00fcr. \u015e\u0131k, modern, portatif ve g\u00fc\u00e7l\u00fc bu mini Bluetooth hoparl\u00f6r, g\u00fcnl\u00fck hayat\u0131n\u0131za hem pratiklik hem de kaliteli bir ses deneyimi kazand\u0131r\u0131r.<\/p>\n","protected":false},"excerpt":{"rendered":"<p>Mini Top Al\u00fcminyum Bluetooth Hoparl\u00f6r, kompakt tasar\u0131m\u0131na ra\u011fmen sundu\u011fu g\u00fc\u00e7l\u00fc performans ile g\u00fcnl\u00fck kullan\u0131m, seyahat, ofis ve ev i\u00e7in ideal bir ses \u00e7\u00f6z\u00fcm\u00fcd\u00fcr. 4W \u00e7\u0131k\u0131\u015f g\u00fcc\u00fcne sahip 36 mm hoparl\u00f6r s\u00fcr\u00fcc\u00fcs\u00fc sayesinde y\u00fcksek bas (bass) performans\u0131 sunar ve m\u00fczik dinlerken net, dengeli ve dolgun bir ses deneyimi ya\u015faman\u0131z\u0131 sa\u011flar. Metal al\u00fcminyum g\u00f6vdesi hem dayan\u0131kl\u0131d\u0131r hem&#8230;<\/p>\n","protected":false},"featured_media":122138,"comment_status":"open","ping_status":"closed","template":"","meta":{"_kad_post_transparent":"","_kad_post_title":"","_kad_post_layout":"","_kad_post_sidebar_id":"","_kad_post_content_style":"","_kad_post_vertical_padding":"","_kad_post_feature":"","_kad_post_feature_position":"","_kad_post_header":false,"_kad_post_footer":false,"_kad_post_classname":""},"product_brand":[],"product_cat":[14911],"product_tag":[],"class_list":{"0":"post-122139","1":"product","2":"type-product","3":"status-publish","4":"has-post-thumbnail","6":"product_cat-kablosuz-hoparlor-kablosuz-hoparlor","8":"first","9":"instock","10":"purchasable","11":"product-type-simple","12":"entry","13":"content-bg","14":"loop-entry"},"_links":{"self":[{"href":"https:\/\/www.hediyepazar.com\/index.php?rest_route=\/wp\/v2\/product\/122139","targetHints":{"allow":["GET"]}}],"collection":[{"href":"https:\/\/www.hediyepazar.com\/index.php?rest_route=\/wp\/v2\/product"}],"about":[{"href":"https:\/\/www.hediyepazar.com\/index.php?rest_route=\/wp\/v2\/types\/product"}],"replies":[{"embeddable":true,"href":"https:\/\/www.hediyepazar.com\/index.php?rest_route=%2Fwp%2Fv2%2Fcomments&post=122139"}],"wp:featuredmedia":[{"embeddable":true,"href":"https:\/\/www.hediyepazar.com\/index.php?rest_route=\/wp\/v2\/media\/122138"}],"wp:attachment":[{"href":"https:\/\/www.hediyepazar.com\/index.php?rest_route=%2Fwp%2Fv2%2Fmedia&parent=122139"}],"wp:term":[{"taxonomy":"product_brand","embeddable":true,"href":"https:\/\/www.hediyepazar.com\/index.php?rest_route=%2Fwp%2Fv2%2Fproduct_brand&post=122139"},{"taxonomy":"product_cat","embeddable":true,"href":"https:\/\/www.hediyepazar.com\/index.php?rest_route=%2Fwp%2Fv2%2Fproduct_cat&post=122139"},{"taxonomy":"product_tag","embeddable":true,"href":"https:\/\/www.hediyepazar.com\/index.php?rest_route=%2Fwp%2Fv2%2Fproduct_tag&post=122139"}],"curies":[{"name":"wp","href":"https:\/\/api.w.org\/{rel}","templated":true}]}}