{"id":122145,"date":"2026-05-06T08:56:59","date_gmt":"2026-05-06T11:56:59","guid":{"rendered":"https:\/\/www.hediyepazar.com\/?product=tasinabilir-bluetooth-hoparlor-yuksek-ses-kaliteli-mini-tasarim"},"modified":"2026-05-06T08:56:59","modified_gmt":"2026-05-06T11:56:59","slug":"tasinabilir-bluetooth-hoparlor-yuksek-ses-kaliteli-mini-tasarim","status":"publish","type":"product","link":"https:\/\/www.hediyepazar.com\/?product=tasinabilir-bluetooth-hoparlor-yuksek-ses-kaliteli-mini-tasarim","title":{"rendered":"Ta\u015f\u0131nabilir Bluetooth Hoparl\u00f6r Y\u00fcksek Ses Kaliteli Mini Tasar\u0131m"},"content":{"rendered":"<p>Bu mini Bluetooth hoparl\u00f6r, k\u00fc\u00e7\u00fck boyutuna ra\u011fmen sundu\u011fu etkileyici ses performans\u0131 ile g\u00fcnl\u00fck ya\u015famda her an yan\u0131n\u0131zda ta\u015f\u0131yabilece\u011finiz g\u00fc\u00e7l\u00fc ve fonksiyonel bir ses cihaz\u0131d\u0131r. TWS (True Wireless Stereo) \u00f6zelli\u011fi sayesinde iki hoparl\u00f6r\u00fc e\u015fle\u015ftirerek stereo ses deneyimi ya\u015fama imk\u00e2n\u0131 tan\u0131r. Hem i\u00e7 mek\u00e2n hem d\u0131\u015f mek\u00e2n kullan\u0131m\u0131na uygun kompakt tasar\u0131m\u0131 ile ister evde, ister ofiste, ister d\u0131\u015far\u0131da m\u00fczik keyfini kesintisiz s\u00fcrd\u00fcrmenizi sa\u011flar. Kablosuz Bluetooth ba\u011flant\u0131s\u0131 sayesinde telefon, tablet, bilgisayar ve di\u011fer t\u00fcm Bluetooth destekli cihazlarla kolayca e\u015fle\u015fir.Hoparl\u00f6r\u00fcn g\u00fc\u00e7l\u00fc dahili bataryas\u0131, uzun s\u00fcreli kullan\u0131m sa\u011flarken \u015farj edilebilir yap\u0131s\u0131 sayesinde pratiklik sunar. Ergonomik yuvarlak tasar\u0131m, elinizde rahat ta\u015f\u0131nabilir bir yap\u0131 sunar ve cebinize, \u00e7antan\u0131za kolayca s\u0131\u011far. Y\u00fcksek ses kalitesi, net tizler ve tatmin edici bas performans\u0131 ile boyutunun \u00e7ok \u00f6tesinde bir ses g\u00fcc\u00fc sunar. Film izleme, oyun oynama, telefon g\u00f6r\u00fc\u015fmeleri ve m\u00fczik dinleme gibi bir\u00e7ok kullan\u0131m alan\u0131nda ideal bir \u00e7\u00f6z\u00fcmd\u00fcr.Hoparl\u00f6r \u00fczerinde yer alan kontrol tu\u015flar\u0131 sayesinde ses a\u00e7ma-kapama, durdurma-ba\u015flatma gibi i\u015flemleri kolayca yapabilirsiniz. Ayr\u0131ca \u00e7a\u011fr\u0131 yan\u0131tlayabilme \u00f6zelli\u011fi telefon g\u00f6r\u00fc\u015fmelerinizi hoparl\u00f6r \u00fczerinden yapman\u0131za olanak tan\u0131r. Hafif g\u00f6vdesi sayesinde seyahatlerde, kamp alanlar\u0131nda, pikniklerde ve arkada\u015f bulu\u015fmalar\u0131nda en e\u011flenceli yard\u0131mc\u0131n\u0131z olur.Dayan\u0131kl\u0131 yap\u0131s\u0131 uzun \u00f6m\u00fcrl\u00fc kullan\u0131m sunarken modern tasar\u0131m\u0131 \u015f\u0131k bir g\u00f6r\u00fcn\u00fcm kazand\u0131r\u0131r. Ta\u015f\u0131nabilir yap\u0131s\u0131 sayesinde istedi\u011finiz her an g\u00fc\u00e7l\u00fc bir ses deneyimi ya\u015fayabilir, kablosuz \u00f6zg\u00fcrl\u00fc\u011f\u00fcn tad\u0131n\u0131 \u00e7\u0131karabilirsiniz. Hem kendiniz hem de sevdikleriniz i\u00e7in harika bir hediye se\u00e7ene\u011fi niteli\u011findedir.<\/p>\n","protected":false},"excerpt":{"rendered":"<p>Bu mini Bluetooth hoparl\u00f6r, k\u00fc\u00e7\u00fck boyutuna ra\u011fmen sundu\u011fu etkileyici ses performans\u0131 ile g\u00fcnl\u00fck ya\u015famda her an yan\u0131n\u0131zda ta\u015f\u0131yabilece\u011finiz g\u00fc\u00e7l\u00fc ve fonksiyonel bir ses cihaz\u0131d\u0131r. TWS (True Wireless Stereo) \u00f6zelli\u011fi sayesinde iki hoparl\u00f6r\u00fc e\u015fle\u015ftirerek stereo ses deneyimi ya\u015fama imk\u00e2n\u0131 tan\u0131r. Hem i\u00e7 mek\u00e2n hem d\u0131\u015f mek\u00e2n kullan\u0131m\u0131na uygun kompakt tasar\u0131m\u0131 ile ister evde, ister ofiste, ister&#8230;<\/p>\n","protected":false},"featured_media":122144,"comment_status":"open","ping_status":"closed","template":"","meta":{"_kad_post_transparent":"","_kad_post_title":"","_kad_post_layout":"","_kad_post_sidebar_id":"","_kad_post_content_style":"","_kad_post_vertical_padding":"","_kad_post_feature":"","_kad_post_feature_position":"","_kad_post_header":false,"_kad_post_footer":false,"_kad_post_classname":""},"product_brand":[],"product_cat":[14911],"product_tag":[],"class_list":{"0":"post-122145","1":"product","2":"type-product","3":"status-publish","4":"has-post-thumbnail","6":"product_cat-kablosuz-hoparlor-kablosuz-hoparlor","8":"first","9":"instock","10":"purchasable","11":"product-type-simple","12":"entry","13":"content-bg","14":"loop-entry"},"_links":{"self":[{"href":"https:\/\/www.hediyepazar.com\/index.php?rest_route=\/wp\/v2\/product\/122145","targetHints":{"allow":["GET"]}}],"collection":[{"href":"https:\/\/www.hediyepazar.com\/index.php?rest_route=\/wp\/v2\/product"}],"about":[{"href":"https:\/\/www.hediyepazar.com\/index.php?rest_route=\/wp\/v2\/types\/product"}],"replies":[{"embeddable":true,"href":"https:\/\/www.hediyepazar.com\/index.php?rest_route=%2Fwp%2Fv2%2Fcomments&post=122145"}],"wp:featuredmedia":[{"embeddable":true,"href":"https:\/\/www.hediyepazar.com\/index.php?rest_route=\/wp\/v2\/media\/122144"}],"wp:attachment":[{"href":"https:\/\/www.hediyepazar.com\/index.php?rest_route=%2Fwp%2Fv2%2Fmedia&parent=122145"}],"wp:term":[{"taxonomy":"product_brand","embeddable":true,"href":"https:\/\/www.hediyepazar.com\/index.php?rest_route=%2Fwp%2Fv2%2Fproduct_brand&post=122145"},{"taxonomy":"product_cat","embeddable":true,"href":"https:\/\/www.hediyepazar.com\/index.php?rest_route=%2Fwp%2Fv2%2Fproduct_cat&post=122145"},{"taxonomy":"product_tag","embeddable":true,"href":"https:\/\/www.hediyepazar.com\/index.php?rest_route=%2Fwp%2Fv2%2Fproduct_tag&post=122145"}],"curies":[{"name":"wp","href":"https:\/\/api.w.org\/{rel}","templated":true}]}}