{"id":122171,"date":"2026-05-06T09:00:18","date_gmt":"2026-05-06T12:00:18","guid":{"rendered":"https:\/\/www.hediyepazar.com\/?product=cocuk-ve-evcil-hayvan-dostu-elektrikli-sinek-raketi-guvenli-kullanim"},"modified":"2026-05-06T09:00:18","modified_gmt":"2026-05-06T12:00:18","slug":"cocuk-ve-evcil-hayvan-dostu-elektrikli-sinek-raketi-guvenli-kullanim","status":"publish","type":"product","link":"https:\/\/www.hediyepazar.com\/?product=cocuk-ve-evcil-hayvan-dostu-elektrikli-sinek-raketi-guvenli-kullanim","title":{"rendered":"\u00c7ocuk ve Evcil Hayvan Dostu Elektrikli Sinek Raketi | G\u00fcvenli Kullan\u0131m"},"content":{"rendered":"<p>Elektrikli sineklik, hem i\u00e7 hem d\u0131\u015f mekanlarda sinek ve sivrisinek sorununu ortadan kald\u0131r\u0131r. Y\u00fcksek voltajl\u0131 i\u00e7 \u0131zgara b\u00f6cekleri temas an\u0131nda \u00f6ld\u00fcr\u00fcr. Kan lekesi b\u0131rakmaz, temiz ve hijyenik kullan\u0131m sa\u011flar. \u00dc\u00e7 katmanl\u0131 g\u00fcvenlik sistemi sayesinde \u00e7ocuklar ve evcil hayvanlar i\u00e7in g\u00fcvenlidir. Pil ile \u00e7al\u0131\u015fmas\u0131 sayesinde kablosuz kullan\u0131m sunar, ta\u015f\u0131nabilirli\u011fi art\u0131r\u0131r. Kimyasal ve toksin i\u00e7ermedi\u011fi i\u00e7in sa\u011fl\u0131kl\u0131 bir \u00e7\u00f6z\u00fcmd\u00fcr. Hafif ve ergonomik tasar\u0131m\u0131yla balkonda, bah\u00e7ede, piknikte ve kampta rahatl\u0131kla kullan\u0131labilir.<\/p>\n","protected":false},"excerpt":{"rendered":"<p>Elektrikli sineklik, hem i\u00e7 hem d\u0131\u015f mekanlarda sinek ve sivrisinek sorununu ortadan kald\u0131r\u0131r. Y\u00fcksek voltajl\u0131 i\u00e7 \u0131zgara b\u00f6cekleri temas an\u0131nda \u00f6ld\u00fcr\u00fcr. Kan lekesi b\u0131rakmaz, temiz ve hijyenik kullan\u0131m sa\u011flar. \u00dc\u00e7 katmanl\u0131 g\u00fcvenlik sistemi sayesinde \u00e7ocuklar ve evcil hayvanlar i\u00e7in g\u00fcvenlidir. Pil ile \u00e7al\u0131\u015fmas\u0131 sayesinde kablosuz kullan\u0131m sunar, ta\u015f\u0131nabilirli\u011fi art\u0131r\u0131r. Kimyasal ve toksin i\u00e7ermedi\u011fi i\u00e7in sa\u011fl\u0131kl\u0131&#8230;<\/p>\n","protected":false},"featured_media":122170,"comment_status":"open","ping_status":"closed","template":"","meta":{"_kad_post_transparent":"","_kad_post_title":"","_kad_post_layout":"","_kad_post_sidebar_id":"","_kad_post_content_style":"","_kad_post_vertical_padding":"","_kad_post_feature":"","_kad_post_feature_position":"","_kad_post_header":false,"_kad_post_footer":false,"_kad_post_classname":""},"product_brand":[],"product_cat":[15078],"product_tag":[],"class_list":{"0":"post-122171","1":"product","2":"type-product","3":"status-publish","4":"has-post-thumbnail","6":"product_cat-hasere-kovucular-hasere-kovucular","8":"first","9":"instock","10":"purchasable","11":"product-type-simple","12":"entry","13":"content-bg","14":"loop-entry"},"_links":{"self":[{"href":"https:\/\/www.hediyepazar.com\/index.php?rest_route=\/wp\/v2\/product\/122171","targetHints":{"allow":["GET"]}}],"collection":[{"href":"https:\/\/www.hediyepazar.com\/index.php?rest_route=\/wp\/v2\/product"}],"about":[{"href":"https:\/\/www.hediyepazar.com\/index.php?rest_route=\/wp\/v2\/types\/product"}],"replies":[{"embeddable":true,"href":"https:\/\/www.hediyepazar.com\/index.php?rest_route=%2Fwp%2Fv2%2Fcomments&post=122171"}],"wp:featuredmedia":[{"embeddable":true,"href":"https:\/\/www.hediyepazar.com\/index.php?rest_route=\/wp\/v2\/media\/122170"}],"wp:attachment":[{"href":"https:\/\/www.hediyepazar.com\/index.php?rest_route=%2Fwp%2Fv2%2Fmedia&parent=122171"}],"wp:term":[{"taxonomy":"product_brand","embeddable":true,"href":"https:\/\/www.hediyepazar.com\/index.php?rest_route=%2Fwp%2Fv2%2Fproduct_brand&post=122171"},{"taxonomy":"product_cat","embeddable":true,"href":"https:\/\/www.hediyepazar.com\/index.php?rest_route=%2Fwp%2Fv2%2Fproduct_cat&post=122171"},{"taxonomy":"product_tag","embeddable":true,"href":"https:\/\/www.hediyepazar.com\/index.php?rest_route=%2Fwp%2Fv2%2Fproduct_tag&post=122171"}],"curies":[{"name":"wp","href":"https:\/\/api.w.org\/{rel}","templated":true}]}}