{"id":122177,"date":"2026-05-06T09:01:14","date_gmt":"2026-05-06T12:01:14","guid":{"rendered":"https:\/\/www.hediyepazar.com\/?product=pil-ile-calisan-elektrikli-sivrisinek-raketi-kimyasal-icermeyen-hijyenik-cozum"},"modified":"2026-05-06T09:01:14","modified_gmt":"2026-05-06T12:01:14","slug":"pil-ile-calisan-elektrikli-sivrisinek-raketi-kimyasal-icermeyen-hijyenik-cozum","status":"publish","type":"product","link":"https:\/\/www.hediyepazar.com\/?product=pil-ile-calisan-elektrikli-sivrisinek-raketi-kimyasal-icermeyen-hijyenik-cozum","title":{"rendered":"Pil ile \u00c7al\u0131\u015fan Elektrikli Sivrisinek Raketi | Kimyasal \u0130\u00e7ermeyen Hijyenik \u00c7\u00f6z\u00fcm"},"content":{"rendered":"<p>Hijyenik ve h\u0131zl\u0131 bir \u00e7\u00f6z\u00fcm arayanlar i\u00e7in elektrikli sineklik, sinek ve sivrisinekleri an\u0131nda yok eder. Y\u00fcksek gerilimli \u0131zgaras\u0131 b\u00f6cekleri fel\u00e7 eder ya da \u00f6ld\u00fcr\u00fcr. \u00dc\u00e7 katmanl\u0131 g\u00fcvenlik a\u011f\u0131 sayesinde elektrik \u00e7arpma riski minimuma indirilmi\u015ftir. Pil ile \u00e7al\u0131\u015fan yap\u0131s\u0131 ta\u015f\u0131nabilirli\u011fi art\u0131r\u0131r. Kimyasal ve toksin i\u00e7ermedi\u011fi i\u00e7in g\u00fcvenle kullan\u0131labilir. Ergonomik ve hafif tasar\u0131m\u0131yla balkonda, bah\u00e7ede, kampta veya evde rahat\u00e7a kullan\u0131labilir.<\/p>\n","protected":false},"excerpt":{"rendered":"<p>Hijyenik ve h\u0131zl\u0131 bir \u00e7\u00f6z\u00fcm arayanlar i\u00e7in elektrikli sineklik, sinek ve sivrisinekleri an\u0131nda yok eder. Y\u00fcksek gerilimli \u0131zgaras\u0131 b\u00f6cekleri fel\u00e7 eder ya da \u00f6ld\u00fcr\u00fcr. \u00dc\u00e7 katmanl\u0131 g\u00fcvenlik a\u011f\u0131 sayesinde elektrik \u00e7arpma riski minimuma indirilmi\u015ftir. Pil ile \u00e7al\u0131\u015fan yap\u0131s\u0131 ta\u015f\u0131nabilirli\u011fi art\u0131r\u0131r. Kimyasal ve toksin i\u00e7ermedi\u011fi i\u00e7in g\u00fcvenle kullan\u0131labilir. Ergonomik ve hafif tasar\u0131m\u0131yla balkonda, bah\u00e7ede, kampta veya&#8230;<\/p>\n","protected":false},"featured_media":122176,"comment_status":"open","ping_status":"closed","template":"","meta":{"_kad_post_transparent":"","_kad_post_title":"","_kad_post_layout":"","_kad_post_sidebar_id":"","_kad_post_content_style":"","_kad_post_vertical_padding":"","_kad_post_feature":"","_kad_post_feature_position":"","_kad_post_header":false,"_kad_post_footer":false,"_kad_post_classname":""},"product_brand":[],"product_cat":[15078],"product_tag":[],"class_list":{"0":"post-122177","1":"product","2":"type-product","3":"status-publish","4":"has-post-thumbnail","6":"product_cat-hasere-kovucular-hasere-kovucular","8":"first","9":"instock","10":"purchasable","11":"product-type-simple","12":"entry","13":"content-bg","14":"loop-entry"},"_links":{"self":[{"href":"https:\/\/www.hediyepazar.com\/index.php?rest_route=\/wp\/v2\/product\/122177","targetHints":{"allow":["GET"]}}],"collection":[{"href":"https:\/\/www.hediyepazar.com\/index.php?rest_route=\/wp\/v2\/product"}],"about":[{"href":"https:\/\/www.hediyepazar.com\/index.php?rest_route=\/wp\/v2\/types\/product"}],"replies":[{"embeddable":true,"href":"https:\/\/www.hediyepazar.com\/index.php?rest_route=%2Fwp%2Fv2%2Fcomments&post=122177"}],"wp:featuredmedia":[{"embeddable":true,"href":"https:\/\/www.hediyepazar.com\/index.php?rest_route=\/wp\/v2\/media\/122176"}],"wp:attachment":[{"href":"https:\/\/www.hediyepazar.com\/index.php?rest_route=%2Fwp%2Fv2%2Fmedia&parent=122177"}],"wp:term":[{"taxonomy":"product_brand","embeddable":true,"href":"https:\/\/www.hediyepazar.com\/index.php?rest_route=%2Fwp%2Fv2%2Fproduct_brand&post=122177"},{"taxonomy":"product_cat","embeddable":true,"href":"https:\/\/www.hediyepazar.com\/index.php?rest_route=%2Fwp%2Fv2%2Fproduct_cat&post=122177"},{"taxonomy":"product_tag","embeddable":true,"href":"https:\/\/www.hediyepazar.com\/index.php?rest_route=%2Fwp%2Fv2%2Fproduct_tag&post=122177"}],"curies":[{"name":"wp","href":"https:\/\/api.w.org\/{rel}","templated":true}]}}