{"id":122179,"date":"2026-05-06T09:01:20","date_gmt":"2026-05-06T12:01:20","guid":{"rendered":"https:\/\/www.hediyepazar.com\/?product=bocek-onleyici-elektronik-sinek-oldurucu-uc-katmanli-guvenlik-izgarasi"},"modified":"2026-05-06T09:01:20","modified_gmt":"2026-05-06T12:01:20","slug":"bocek-onleyici-elektronik-sinek-oldurucu-uc-katmanli-guvenlik-izgarasi","status":"publish","type":"product","link":"https:\/\/www.hediyepazar.com\/?product=bocek-onleyici-elektronik-sinek-oldurucu-uc-katmanli-guvenlik-izgarasi","title":{"rendered":"B\u00f6cek \u00d6nleyici Elektronik Sinek \u00d6ld\u00fcr\u00fcc\u00fc | \u00dc\u00e7 Katmanl\u0131 G\u00fcvenlik Izgaras\u0131"},"content":{"rendered":"<p>Evde veya d\u0131\u015far\u0131da sineklerden kurtulman\u0131n en pratik yolu elektrikli sineklik! Y\u00fcksek voltajl\u0131 \u0131zgaras\u0131, b\u00f6cekleri h\u0131zl\u0131ca etkisiz hale getirir. Kan lekesi b\u0131rakmad\u0131\u011f\u0131 i\u00e7in mobilyalar\u0131n\u0131z ve duvarlar\u0131n\u0131z temiz kal\u0131r. G\u00fcvenlik i\u00e7in \u00f6zel \u00fc\u00e7 katmanl\u0131 \u0131zgara tasarlanm\u0131\u015ft\u0131r, b\u00f6ylece yanl\u0131\u015fl\u0131kla temaslarda g\u00fcvenli kullan\u0131m sa\u011flan\u0131r. Pil ile \u00e7al\u0131\u015fmas\u0131 sayesinde ta\u015f\u0131nabilir ve kablo derdi yoktur. Kimyasal i\u00e7ermemesi, \u00e7ocuk ve evcil hayvan bulunan ortamlarda g\u00fcvenli kullan\u0131m imkan\u0131 sunar. Ergonomik sap\u0131 sayesinde kolay kavrama ve uzun s\u00fcre konforlu kullan\u0131m sa\u011flar.<\/p>\n","protected":false},"excerpt":{"rendered":"<p>Evde veya d\u0131\u015far\u0131da sineklerden kurtulman\u0131n en pratik yolu elektrikli sineklik! Y\u00fcksek voltajl\u0131 \u0131zgaras\u0131, b\u00f6cekleri h\u0131zl\u0131ca etkisiz hale getirir. Kan lekesi b\u0131rakmad\u0131\u011f\u0131 i\u00e7in mobilyalar\u0131n\u0131z ve duvarlar\u0131n\u0131z temiz kal\u0131r. G\u00fcvenlik i\u00e7in \u00f6zel \u00fc\u00e7 katmanl\u0131 \u0131zgara tasarlanm\u0131\u015ft\u0131r, b\u00f6ylece yanl\u0131\u015fl\u0131kla temaslarda g\u00fcvenli kullan\u0131m sa\u011flan\u0131r. Pil ile \u00e7al\u0131\u015fmas\u0131 sayesinde ta\u015f\u0131nabilir ve kablo derdi yoktur. Kimyasal i\u00e7ermemesi, \u00e7ocuk ve evcil hayvan&#8230;<\/p>\n","protected":false},"featured_media":122178,"comment_status":"open","ping_status":"closed","template":"","meta":{"_kad_post_transparent":"","_kad_post_title":"","_kad_post_layout":"","_kad_post_sidebar_id":"","_kad_post_content_style":"","_kad_post_vertical_padding":"","_kad_post_feature":"","_kad_post_feature_position":"","_kad_post_header":false,"_kad_post_footer":false,"_kad_post_classname":""},"product_brand":[],"product_cat":[15078],"product_tag":[],"class_list":{"0":"post-122179","1":"product","2":"type-product","3":"status-publish","4":"has-post-thumbnail","6":"product_cat-hasere-kovucular-hasere-kovucular","8":"first","9":"instock","10":"purchasable","11":"product-type-simple","12":"entry","13":"content-bg","14":"loop-entry"},"_links":{"self":[{"href":"https:\/\/www.hediyepazar.com\/index.php?rest_route=\/wp\/v2\/product\/122179","targetHints":{"allow":["GET"]}}],"collection":[{"href":"https:\/\/www.hediyepazar.com\/index.php?rest_route=\/wp\/v2\/product"}],"about":[{"href":"https:\/\/www.hediyepazar.com\/index.php?rest_route=\/wp\/v2\/types\/product"}],"replies":[{"embeddable":true,"href":"https:\/\/www.hediyepazar.com\/index.php?rest_route=%2Fwp%2Fv2%2Fcomments&post=122179"}],"wp:featuredmedia":[{"embeddable":true,"href":"https:\/\/www.hediyepazar.com\/index.php?rest_route=\/wp\/v2\/media\/122178"}],"wp:attachment":[{"href":"https:\/\/www.hediyepazar.com\/index.php?rest_route=%2Fwp%2Fv2%2Fmedia&parent=122179"}],"wp:term":[{"taxonomy":"product_brand","embeddable":true,"href":"https:\/\/www.hediyepazar.com\/index.php?rest_route=%2Fwp%2Fv2%2Fproduct_brand&post=122179"},{"taxonomy":"product_cat","embeddable":true,"href":"https:\/\/www.hediyepazar.com\/index.php?rest_route=%2Fwp%2Fv2%2Fproduct_cat&post=122179"},{"taxonomy":"product_tag","embeddable":true,"href":"https:\/\/www.hediyepazar.com\/index.php?rest_route=%2Fwp%2Fv2%2Fproduct_tag&post=122179"}],"curies":[{"name":"wp","href":"https:\/\/api.w.org\/{rel}","templated":true}]}}