{"id":122183,"date":"2026-05-06T09:03:16","date_gmt":"2026-05-06T12:03:16","guid":{"rendered":"https:\/\/www.hediyepazar.com\/?product=2-metre-guclu-coklu-priz-8-soket"},"modified":"2026-05-06T09:03:16","modified_gmt":"2026-05-06T12:03:16","slug":"2-metre-guclu-coklu-priz-8-soket","status":"publish","type":"product","link":"https:\/\/www.hediyepazar.com\/?product=2-metre-guclu-coklu-priz-8-soket","title":{"rendered":"2 Metre G\u00fc\u00e7l\u00fc \u00c7oklu Priz 8 Soket"},"content":{"rendered":"<p>Bu ak\u0131m korumal\u0131 uzatma kablosu, farkl\u0131 cihazlar\u0131 ayn\u0131 anda g\u00fcvenli \u015fekilde \u00e7al\u0131\u015ft\u0131rmak isteyen kullan\u0131c\u0131lar i\u00e7in geli\u015ftirilmi\u015ftir. \u00dczerinde toplam 8 adet priz \u00e7\u0131k\u0131\u015f\u0131 bulunur ve bu \u00e7\u0131k\u0131\u015flar g\u00fc\u00e7l\u00fc elektrik gerektiren cihazlar i\u00e7in idealdir. USB \u00e7\u0131k\u0131\u015flar\u0131, telefon ve di\u011fer dijital cihazlar\u0131 h\u0131zl\u0131 ve g\u00fcvenli \u015fekilde \u015farj eder. Y\u00fcksek g\u00fc\u00e7 kapasitesine ra\u011fmen enerji da\u011f\u0131t\u0131m\u0131n\u0131 dengeli \u015fekilde ayarlayarak a\u015f\u0131r\u0131 y\u00fcklenmeyi \u00f6nler. Termal koruma teknolojisi, s\u0131cakl\u0131k tehlikeli seviyelere ula\u015ft\u0131\u011f\u0131nda devreyi otomatik kapatarak kullan\u0131c\u0131 g\u00fcvenli\u011fini sa\u011flar. 2 metre uzunlu\u011fundaki kablo, bir\u00e7ok alanda esnek yerle\u015fim imk\u00e2n\u0131 sunar. Ev, ofis, mutfak, at\u00f6lye ve bili\u015fim ekipman\u0131 kullan\u0131lan t\u00fcm alanlarda rahatl\u0131kla tercih edilebilir. Dengeli enerji da\u011f\u0131t\u0131m\u0131 sayesinde cihazlar\u0131n\u0131z daha uzun \u00f6m\u00fcrl\u00fc olur. Sa\u011flam d\u0131\u015f g\u00f6vdesi ve \u0131s\u0131ya dayan\u0131kl\u0131 yap\u0131s\u0131 ile uzun s\u00fcreli kullan\u0131m sa\u011flar.<\/p>\n","protected":false},"excerpt":{"rendered":"<p>Bu ak\u0131m korumal\u0131 uzatma kablosu, farkl\u0131 cihazlar\u0131 ayn\u0131 anda g\u00fcvenli \u015fekilde \u00e7al\u0131\u015ft\u0131rmak isteyen kullan\u0131c\u0131lar i\u00e7in geli\u015ftirilmi\u015ftir. \u00dczerinde toplam 8 adet priz \u00e7\u0131k\u0131\u015f\u0131 bulunur ve bu \u00e7\u0131k\u0131\u015flar g\u00fc\u00e7l\u00fc elektrik gerektiren cihazlar i\u00e7in idealdir. USB \u00e7\u0131k\u0131\u015flar\u0131, telefon ve di\u011fer dijital cihazlar\u0131 h\u0131zl\u0131 ve g\u00fcvenli \u015fekilde \u015farj eder. Y\u00fcksek g\u00fc\u00e7 kapasitesine ra\u011fmen enerji da\u011f\u0131t\u0131m\u0131n\u0131 dengeli \u015fekilde ayarlayarak a\u015f\u0131r\u0131&#8230;<\/p>\n","protected":false},"featured_media":122182,"comment_status":"open","ping_status":"closed","template":"","meta":{"_kad_post_transparent":"","_kad_post_title":"","_kad_post_layout":"","_kad_post_sidebar_id":"","_kad_post_content_style":"","_kad_post_vertical_padding":"","_kad_post_feature":"","_kad_post_feature_position":"","_kad_post_header":false,"_kad_post_footer":false,"_kad_post_classname":""},"product_brand":[],"product_cat":[14975],"product_tag":[],"class_list":{"0":"post-122183","1":"product","2":"type-product","3":"status-publish","4":"has-post-thumbnail","6":"product_cat-sarj-aletleri-sarj-aletleri","8":"first","9":"instock","10":"purchasable","11":"product-type-simple","12":"entry","13":"content-bg","14":"loop-entry"},"_links":{"self":[{"href":"https:\/\/www.hediyepazar.com\/index.php?rest_route=\/wp\/v2\/product\/122183","targetHints":{"allow":["GET"]}}],"collection":[{"href":"https:\/\/www.hediyepazar.com\/index.php?rest_route=\/wp\/v2\/product"}],"about":[{"href":"https:\/\/www.hediyepazar.com\/index.php?rest_route=\/wp\/v2\/types\/product"}],"replies":[{"embeddable":true,"href":"https:\/\/www.hediyepazar.com\/index.php?rest_route=%2Fwp%2Fv2%2Fcomments&post=122183"}],"wp:featuredmedia":[{"embeddable":true,"href":"https:\/\/www.hediyepazar.com\/index.php?rest_route=\/wp\/v2\/media\/122182"}],"wp:attachment":[{"href":"https:\/\/www.hediyepazar.com\/index.php?rest_route=%2Fwp%2Fv2%2Fmedia&parent=122183"}],"wp:term":[{"taxonomy":"product_brand","embeddable":true,"href":"https:\/\/www.hediyepazar.com\/index.php?rest_route=%2Fwp%2Fv2%2Fproduct_brand&post=122183"},{"taxonomy":"product_cat","embeddable":true,"href":"https:\/\/www.hediyepazar.com\/index.php?rest_route=%2Fwp%2Fv2%2Fproduct_cat&post=122183"},{"taxonomy":"product_tag","embeddable":true,"href":"https:\/\/www.hediyepazar.com\/index.php?rest_route=%2Fwp%2Fv2%2Fproduct_tag&post=122183"}],"curies":[{"name":"wp","href":"https:\/\/api.w.org\/{rel}","templated":true}]}}