{"id":122430,"date":"2026-05-06T09:46:12","date_gmt":"2026-05-06T12:46:12","guid":{"rendered":"https:\/\/www.hediyepazar.com\/?product=tirtil-kurabiye-sekillendirici"},"modified":"2026-05-06T09:46:12","modified_gmt":"2026-05-06T12:46:12","slug":"tirtil-kurabiye-sekillendirici","status":"publish","type":"product","link":"https:\/\/www.hediyepazar.com\/?product=tirtil-kurabiye-sekillendirici","title":{"rendered":"T\u0131rt\u0131l Kurabiye \u015eekillendirici"},"content":{"rendered":"<p>\n\t<strong>\u00dcr\u00fcn \u00d6zellikleri : <\/strong><\/p>\n<p>\t<strong>Materyal : <\/strong> PP Plastik<\/p>\n<p>\t<strong>Adet \/ Renk \/ Tasar\u0131m : <\/strong> 1 Adet, HSNET FracassiDesign olarak tasarlad\u0131\u011f\u0131m\u0131z, resimde yer alan modeli, s\u00fcrpriz ya\u015famaman\u0131z i\u00e7in birebir g\u00f6nderiyoruz<\/p>\n<p>\t<strong>\u00d6l\u00e7\u00fcler : <\/strong>Y 7 CM X \u00fcst \u00e7ap 5 cm x dip \u00e7ap 2 cm<\/p>\n<p>\n\tT\u0131rt\u0131l, Dragon Kurabiye vb kurabiye \u00e7e\u015fitlerine \u015fekil verirken kullan\u0131lan ergonomik aparatt\u0131r<br \/>\n\tK\u00fc\u00e7\u00fck huni stilindedir ve hamur i\u00e7ine doldurulup Boru ucuna hamuru d\u0131\u015far\u0131 itmek i\u00e7in ba\u015f parma\u011f\u0131n\u0131z\u0131 kullan\u0131n.<\/p>\n<p>\n\t<strong>M\u00dcKEMMEL SATI\u015e SONRASI H\u0130ZMET : <\/strong>HSNET \/ HSNET olarak m\u00fc\u015fterilerimize en iyi hizmeti sunmay\u0131 ama\u00e7l\u0131yor, g\u00fcvenle sat\u0131n alabilmeniz i\u00e7in, ambalaj kalitemize g\u00fcveniyor, her \u00fcr\u00fcn sorunsuz teslimat i\u00e7in \u00f6zenle paketliyor ve resimde belirtilen renk, ebat, \u00f6zelikte \u00fcr\u00fcn g\u00f6ndermeyi taahh\u00fct ediyoruz. Hasarl\u0131 \u00fcr\u00fcn ald\u0131ysan\u0131z veya di\u011fer \u00fcr\u00fcn ve paket teslimat sorunlar\u0131 oldu\u011funda bizimle ileti\u015fime ge\u00e7mekten \u00e7ekinmeyin.<\/p>\n<p>\n\t<strong>Detayl\u0131 bilgi i\u00e7in ek resimleri inceleyebilirsiniz<\/strong><\/p>\n<p><\/p>\n<p>\n\t<strong><strong><img decoding=\"async\" alt=\"\" src=\"https:\/\/arabayaservis.com\/skins\/shared\/images\/NEWKASIM\/7430000719429-1.jpg\" \/> <\/strong><\/strong><\/p>\n<p>\n\t\u00a0<\/p>\n","protected":false},"excerpt":{"rendered":"<p>\u00dcr\u00fcn \u00d6zellikleri : Materyal : PP Plastik Adet \/ Renk \/ Tasar\u0131m : 1 Adet, HSNET FracassiDesign olarak tasarlad\u0131\u011f\u0131m\u0131z, resimde yer alan modeli, s\u00fcrpriz ya\u015famaman\u0131z i\u00e7in birebir g\u00f6nderiyoruz \u00d6l\u00e7\u00fcler : Y 7 CM X \u00fcst \u00e7ap 5 cm x dip \u00e7ap 2 cm T\u0131rt\u0131l, Dragon Kurabiye vb kurabiye \u00e7e\u015fitlerine \u015fekil verirken kullan\u0131lan ergonomik aparatt\u0131r K\u00fc\u00e7\u00fck&#8230;<\/p>\n","protected":false},"featured_media":122429,"comment_status":"open","ping_status":"closed","template":"","meta":{"_kad_post_transparent":"","_kad_post_title":"","_kad_post_layout":"","_kad_post_sidebar_id":"","_kad_post_content_style":"","_kad_post_vertical_padding":"","_kad_post_feature":"","_kad_post_feature_position":"","_kad_post_header":false,"_kad_post_footer":false,"_kad_post_classname":""},"product_brand":[],"product_cat":[14898],"product_tag":[],"class_list":{"0":"post-122430","1":"product","2":"type-product","3":"status-publish","4":"has-post-thumbnail","6":"product_cat-hamur-sekillendirici-yemek-hazirlik-sofra-mutfak-ev-yasam-hamur-sekillendirici","8":"first","9":"instock","10":"purchasable","11":"product-type-simple","12":"entry","13":"content-bg","14":"loop-entry"},"_links":{"self":[{"href":"https:\/\/www.hediyepazar.com\/index.php?rest_route=\/wp\/v2\/product\/122430","targetHints":{"allow":["GET"]}}],"collection":[{"href":"https:\/\/www.hediyepazar.com\/index.php?rest_route=\/wp\/v2\/product"}],"about":[{"href":"https:\/\/www.hediyepazar.com\/index.php?rest_route=\/wp\/v2\/types\/product"}],"replies":[{"embeddable":true,"href":"https:\/\/www.hediyepazar.com\/index.php?rest_route=%2Fwp%2Fv2%2Fcomments&post=122430"}],"wp:featuredmedia":[{"embeddable":true,"href":"https:\/\/www.hediyepazar.com\/index.php?rest_route=\/wp\/v2\/media\/122429"}],"wp:attachment":[{"href":"https:\/\/www.hediyepazar.com\/index.php?rest_route=%2Fwp%2Fv2%2Fmedia&parent=122430"}],"wp:term":[{"taxonomy":"product_brand","embeddable":true,"href":"https:\/\/www.hediyepazar.com\/index.php?rest_route=%2Fwp%2Fv2%2Fproduct_brand&post=122430"},{"taxonomy":"product_cat","embeddable":true,"href":"https:\/\/www.hediyepazar.com\/index.php?rest_route=%2Fwp%2Fv2%2Fproduct_cat&post=122430"},{"taxonomy":"product_tag","embeddable":true,"href":"https:\/\/www.hediyepazar.com\/index.php?rest_route=%2Fwp%2Fv2%2Fproduct_tag&post=122430"}],"curies":[{"name":"wp","href":"https:\/\/api.w.org\/{rel}","templated":true}]}}