{"id":122469,"date":"2026-05-06T09:52:29","date_gmt":"2026-05-06T12:52:29","guid":{"rendered":"https:\/\/www.hediyepazar.com\/?product=profesyonel-sarimsak-ezici-saglam-yapi-ve-rahat-kavrama"},"modified":"2026-05-06T09:52:29","modified_gmt":"2026-05-06T12:52:29","slug":"profesyonel-sarimsak-ezici-saglam-yapi-ve-rahat-kavrama","status":"publish","type":"product","link":"https:\/\/www.hediyepazar.com\/?product=profesyonel-sarimsak-ezici-saglam-yapi-ve-rahat-kavrama","title":{"rendered":"Profesyonel Sar\u0131msak Ezici Sa\u011flam Yap\u0131 ve Rahat Kavrama"},"content":{"rendered":"<p>Metal Sar\u0131msak Ezici, pratik kullan\u0131m sunan sa\u011flam bir mutfak gerecidir. Sar\u0131msa\u011f\u0131 elinizle do\u011framadan, b\u0131\u00e7ak kullanmadan h\u0131zl\u0131ca ezebilir ve do\u011frudan yeme\u011fe ekleyebilirsiniz. Bu hem zamandan tasarruf sa\u011flar hem de mutfakta hijyeni art\u0131r\u0131r. Eliniz sar\u0131msak kokmaz, kesilme veya kayma riski ortadan kalkar.G\u00fc\u00e7l\u00fc bask\u0131 mekanizmas\u0131 sayesinde sar\u0131msaklar tamamen ezilir ve ince k\u0131vaml\u0131 bir p\u00fcre h\u00e2line gelir. B\u00f6ylece tariflerde daha yo\u011fun aroma elde edilir. Ayr\u0131ca hem \u00e7i\u011f hem de pi\u015fmi\u015f sar\u0131msakta ayn\u0131 performans\u0131 sunar. Paslanmaz metal g\u00f6vdesi uzun s\u00fcreli kullan\u0131m i\u00e7in uygundur.Ergonomik tutma kollar\u0131 elinizde kaymaz ve sa\u011flam kavrama sunar. Bu \u00f6zellik, \u00f6zellikle k\u00fc\u00e7\u00fck el yap\u0131s\u0131na sahip kullan\u0131c\u0131lar i\u00e7in bile kolay kullan\u0131m sa\u011flar. Temizlik konusunda da olduk\u00e7a kullan\u0131c\u0131 dostudur. \u0130\u00e7 k\u0131sm\u0131 geni\u015f oldu\u011fu i\u00e7in yiyecek art\u0131klar\u0131 kolayca temizlenir. Su alt\u0131nda y\u0131kad\u0131ktan sonra kurutman\u0131z yeterlidir.G\u00fcnl\u00fck yemeklerde, \u00f6zel tariflerde ve yo\u011fun mutfak haz\u0131rl\u0131klar\u0131nda b\u00fcy\u00fck kolayl\u0131k sa\u011flayan bu sar\u0131msak ezici, pratikli\u011fiyle mutfaklar\u0131n vazge\u00e7ilmez ara\u00e7lar\u0131ndan biri olur.<\/p>\n","protected":false},"excerpt":{"rendered":"<p>Metal Sar\u0131msak Ezici, pratik kullan\u0131m sunan sa\u011flam bir mutfak gerecidir. Sar\u0131msa\u011f\u0131 elinizle do\u011framadan, b\u0131\u00e7ak kullanmadan h\u0131zl\u0131ca ezebilir ve do\u011frudan yeme\u011fe ekleyebilirsiniz. Bu hem zamandan tasarruf sa\u011flar hem de mutfakta hijyeni art\u0131r\u0131r. Eliniz sar\u0131msak kokmaz, kesilme veya kayma riski ortadan kalkar.G\u00fc\u00e7l\u00fc bask\u0131 mekanizmas\u0131 sayesinde sar\u0131msaklar tamamen ezilir ve ince k\u0131vaml\u0131 bir p\u00fcre h\u00e2line gelir. B\u00f6ylece tariflerde&#8230;<\/p>\n","protected":false},"featured_media":122468,"comment_status":"open","ping_status":"closed","template":"","meta":{"_kad_post_transparent":"","_kad_post_title":"","_kad_post_layout":"","_kad_post_sidebar_id":"","_kad_post_content_style":"","_kad_post_vertical_padding":"","_kad_post_feature":"","_kad_post_feature_position":"","_kad_post_header":false,"_kad_post_footer":false,"_kad_post_classname":""},"product_brand":[],"product_cat":[15068],"product_tag":[],"class_list":{"0":"post-122469","1":"product","2":"type-product","3":"status-publish","4":"has-post-thumbnail","6":"product_cat-pratik-mutfak-gerecleri-pratik-mutfak-gerecleri-2","8":"first","9":"instock","10":"purchasable","11":"product-type-simple","12":"entry","13":"content-bg","14":"loop-entry"},"_links":{"self":[{"href":"https:\/\/www.hediyepazar.com\/index.php?rest_route=\/wp\/v2\/product\/122469","targetHints":{"allow":["GET"]}}],"collection":[{"href":"https:\/\/www.hediyepazar.com\/index.php?rest_route=\/wp\/v2\/product"}],"about":[{"href":"https:\/\/www.hediyepazar.com\/index.php?rest_route=\/wp\/v2\/types\/product"}],"replies":[{"embeddable":true,"href":"https:\/\/www.hediyepazar.com\/index.php?rest_route=%2Fwp%2Fv2%2Fcomments&post=122469"}],"wp:featuredmedia":[{"embeddable":true,"href":"https:\/\/www.hediyepazar.com\/index.php?rest_route=\/wp\/v2\/media\/122468"}],"wp:attachment":[{"href":"https:\/\/www.hediyepazar.com\/index.php?rest_route=%2Fwp%2Fv2%2Fmedia&parent=122469"}],"wp:term":[{"taxonomy":"product_brand","embeddable":true,"href":"https:\/\/www.hediyepazar.com\/index.php?rest_route=%2Fwp%2Fv2%2Fproduct_brand&post=122469"},{"taxonomy":"product_cat","embeddable":true,"href":"https:\/\/www.hediyepazar.com\/index.php?rest_route=%2Fwp%2Fv2%2Fproduct_cat&post=122469"},{"taxonomy":"product_tag","embeddable":true,"href":"https:\/\/www.hediyepazar.com\/index.php?rest_route=%2Fwp%2Fv2%2Fproduct_tag&post=122469"}],"curies":[{"name":"wp","href":"https:\/\/api.w.org\/{rel}","templated":true}]}}