{"id":122471,"date":"2026-05-06T09:52:40","date_gmt":"2026-05-06T12:52:40","guid":{"rendered":"https:\/\/www.hediyepazar.com\/?product=sarimsak-presi-kolay-temizlik-ve-yuksek-basincli-ezme"},"modified":"2026-05-06T09:52:40","modified_gmt":"2026-05-06T12:52:40","slug":"sarimsak-presi-kolay-temizlik-ve-yuksek-basincli-ezme","status":"publish","type":"product","link":"https:\/\/www.hediyepazar.com\/?product=sarimsak-presi-kolay-temizlik-ve-yuksek-basincli-ezme","title":{"rendered":"Sar\u0131msak Presi Kolay Temizlik ve Y\u00fcksek Bas\u0131n\u00e7l\u0131 Ezme"},"content":{"rendered":"<p>Bu premium metal sar\u0131msak ezici, sadece sar\u0131msak de\u011fil zencefil, ceviz i\u00e7i, ufak baharatlar ve \u00e7e\u015fitli k\u00fc\u00e7\u00fck yiyecekleri ezmek i\u00e7in de kullan\u0131labilir. \u00c7ok fonksiyonlu yap\u0131s\u0131 sayesinde tek bir mutfak aletiyle bir\u00e7ok i\u015fi dakikalar i\u00e7inde halledebilirsiniz. Geli\u015ftirilmi\u015f s\u0131k\u0131\u015ft\u0131rma g\u00fcc\u00fc sayesinde yiyecekleri h\u0131zl\u0131 ve etkili \u015fekilde presler.Klasik plastik sar\u0131msak ezicilerin aksine tamamen metalden \u00fcretilmi\u015f dayan\u0131kl\u0131 bir g\u00f6vdeye sahiptir. Bu yap\u0131 hem uzun \u00f6m\u00fcr sunar hem de kullan\u0131c\u0131ya g\u00fcven hissi verir. Mekanizmas\u0131 esnemeye, k\u0131r\u0131lmaya veya gev\u015femeye kar\u015f\u0131 olduk\u00e7a dayan\u0131kl\u0131d\u0131r. Hem ev kullan\u0131c\u0131lar\u0131 hem profesyonel \u015fefler taraf\u0131ndan tercih edilir.Hijyenik ve sa\u011fl\u0131kl\u0131 kullan\u0131m sa\u011flayan metal y\u00fczeyi bakteri bar\u0131nd\u0131rmaz. Kolay temizlenir ve koku tutmaz. Yo\u011fun mutfak temposunda bile h\u0131zl\u0131 bir \u015fekilde haz\u0131rlan\u0131r ve yeniden kullan\u0131labilir. Kompakt boyutlar\u0131 \u00e7ekmecelerde yer kaplamaz, mutfak d\u00fczenini bozmadan rahat\u00e7a saklanabilir.Her mutfakta mutlaka bulunmas\u0131 gereken dayan\u0131kl\u0131 bir yard\u0131mc\u0131d\u0131r. Pratik, fonksiyonel ve uzun \u00f6m\u00fcrl\u00fc yap\u0131s\u0131yla kullan\u0131c\u0131lar\u0131na tam memnuniyet sa\u011flar.<\/p>\n","protected":false},"excerpt":{"rendered":"<p>Bu premium metal sar\u0131msak ezici, sadece sar\u0131msak de\u011fil zencefil, ceviz i\u00e7i, ufak baharatlar ve \u00e7e\u015fitli k\u00fc\u00e7\u00fck yiyecekleri ezmek i\u00e7in de kullan\u0131labilir. \u00c7ok fonksiyonlu yap\u0131s\u0131 sayesinde tek bir mutfak aletiyle bir\u00e7ok i\u015fi dakikalar i\u00e7inde halledebilirsiniz. Geli\u015ftirilmi\u015f s\u0131k\u0131\u015ft\u0131rma g\u00fcc\u00fc sayesinde yiyecekleri h\u0131zl\u0131 ve etkili \u015fekilde presler.Klasik plastik sar\u0131msak ezicilerin aksine tamamen metalden \u00fcretilmi\u015f dayan\u0131kl\u0131 bir g\u00f6vdeye sahiptir&#8230;.<\/p>\n","protected":false},"featured_media":122470,"comment_status":"open","ping_status":"closed","template":"","meta":{"_kad_post_transparent":"","_kad_post_title":"","_kad_post_layout":"","_kad_post_sidebar_id":"","_kad_post_content_style":"","_kad_post_vertical_padding":"","_kad_post_feature":"","_kad_post_feature_position":"","_kad_post_header":false,"_kad_post_footer":false,"_kad_post_classname":""},"product_brand":[],"product_cat":[15068],"product_tag":[],"class_list":{"0":"post-122471","1":"product","2":"type-product","3":"status-publish","4":"has-post-thumbnail","6":"product_cat-pratik-mutfak-gerecleri-pratik-mutfak-gerecleri-2","8":"first","9":"instock","10":"purchasable","11":"product-type-simple","12":"entry","13":"content-bg","14":"loop-entry"},"_links":{"self":[{"href":"https:\/\/www.hediyepazar.com\/index.php?rest_route=\/wp\/v2\/product\/122471","targetHints":{"allow":["GET"]}}],"collection":[{"href":"https:\/\/www.hediyepazar.com\/index.php?rest_route=\/wp\/v2\/product"}],"about":[{"href":"https:\/\/www.hediyepazar.com\/index.php?rest_route=\/wp\/v2\/types\/product"}],"replies":[{"embeddable":true,"href":"https:\/\/www.hediyepazar.com\/index.php?rest_route=%2Fwp%2Fv2%2Fcomments&post=122471"}],"wp:featuredmedia":[{"embeddable":true,"href":"https:\/\/www.hediyepazar.com\/index.php?rest_route=\/wp\/v2\/media\/122470"}],"wp:attachment":[{"href":"https:\/\/www.hediyepazar.com\/index.php?rest_route=%2Fwp%2Fv2%2Fmedia&parent=122471"}],"wp:term":[{"taxonomy":"product_brand","embeddable":true,"href":"https:\/\/www.hediyepazar.com\/index.php?rest_route=%2Fwp%2Fv2%2Fproduct_brand&post=122471"},{"taxonomy":"product_cat","embeddable":true,"href":"https:\/\/www.hediyepazar.com\/index.php?rest_route=%2Fwp%2Fv2%2Fproduct_cat&post=122471"},{"taxonomy":"product_tag","embeddable":true,"href":"https:\/\/www.hediyepazar.com\/index.php?rest_route=%2Fwp%2Fv2%2Fproduct_tag&post=122471"}],"curies":[{"name":"wp","href":"https:\/\/api.w.org\/{rel}","templated":true}]}}