{"id":122473,"date":"2026-05-06T09:52:45","date_gmt":"2026-05-06T12:52:45","guid":{"rendered":"https:\/\/www.hediyepazar.com\/?product=mutfak-sarimsak-ezici-kaymaz-sapli-guclu-mekanizma"},"modified":"2026-05-06T09:52:45","modified_gmt":"2026-05-06T12:52:45","slug":"mutfak-sarimsak-ezici-kaymaz-sapli-guclu-mekanizma","status":"publish","type":"product","link":"https:\/\/www.hediyepazar.com\/?product=mutfak-sarimsak-ezici-kaymaz-sapli-guclu-mekanizma","title":{"rendered":"Mutfak Sar\u0131msak Ezici Kaymaz Sapl\u0131 G\u00fc\u00e7l\u00fc Mekanizma"},"content":{"rendered":"<p>Mutfakta pratiklik arayanlar\u0131n favorisi olacak bu metal sar\u0131msak ezici, ergonomik ve el dostu tasar\u0131m\u0131yla dikkat \u00e7eker. Sap k\u0131sm\u0131n\u0131n k\u0131vr\u0131ml\u0131 yap\u0131s\u0131 elinizle m\u00fckemmel uyum sa\u011flar. Uzun s\u00fcreli kullan\u0131mda bile elinizde rahats\u0131zl\u0131k veya yorgunluk hissi olu\u015fmaz. \u00d6zellikle s\u0131k s\u0131k yemek yapan kullan\u0131c\u0131lar i\u00e7in b\u00fcy\u00fck konfor sa\u011flar.Y\u00fcksek s\u0131kma bas\u0131nc\u0131yla \u00e7al\u0131\u015fan mekanizmas\u0131, sar\u0131msaklar\u0131 e\u015fit \u015fekilde ezerek yo\u011fun bir k\u0131vam elde edilmesini sa\u011flar. B\u00f6ylece sar\u0131msak yemeklerde daha homojen da\u011f\u0131l\u0131r. \u00d6zellikle sebze yemekleri, makarnalar, \u0131zgaralar ve \u00e7orbalarda m\u00fckemmel tat elde edersiniz.\u00dcr\u00fcn kompakt boyutlarda oldu\u011fu i\u00e7in hem saklamas\u0131 hem de ta\u015f\u0131mas\u0131 kolayd\u0131r. Metal yap\u0131s\u0131 uzun y\u0131llar boyunca dayan\u0131kl\u0131l\u0131\u011f\u0131n\u0131 korur. Ayr\u0131ca y\u00fczeyindeki parlak kaplama mutfa\u011f\u0131n\u0131za modern bir g\u00f6r\u00fcn\u00fcm kazand\u0131r\u0131r. Paslanmaz yap\u0131s\u0131 sayesinde sudan etkilenmez, kabarmaya veya oksitlenmeye kar\u015f\u0131 dayan\u0131kl\u0131d\u0131r.Temizlik a\u00e7\u0131s\u0131ndan da olduk\u00e7a pratiktir. \u0130\u015finiz bitti\u011finde suyun alt\u0131nda durulay\u0131p kurutman\u0131z yeterlidir. Ya\u015fam alan\u0131nda hem hijyen hem de kullan\u0131m kolayl\u0131\u011f\u0131 arayan herkes i\u00e7in ideal bir sar\u0131msak ezicidir.<\/p>\n","protected":false},"excerpt":{"rendered":"<p>Mutfakta pratiklik arayanlar\u0131n favorisi olacak bu metal sar\u0131msak ezici, ergonomik ve el dostu tasar\u0131m\u0131yla dikkat \u00e7eker. Sap k\u0131sm\u0131n\u0131n k\u0131vr\u0131ml\u0131 yap\u0131s\u0131 elinizle m\u00fckemmel uyum sa\u011flar. Uzun s\u00fcreli kullan\u0131mda bile elinizde rahats\u0131zl\u0131k veya yorgunluk hissi olu\u015fmaz. \u00d6zellikle s\u0131k s\u0131k yemek yapan kullan\u0131c\u0131lar i\u00e7in b\u00fcy\u00fck konfor sa\u011flar.Y\u00fcksek s\u0131kma bas\u0131nc\u0131yla \u00e7al\u0131\u015fan mekanizmas\u0131, sar\u0131msaklar\u0131 e\u015fit \u015fekilde ezerek yo\u011fun bir k\u0131vam&#8230;<\/p>\n","protected":false},"featured_media":122472,"comment_status":"open","ping_status":"closed","template":"","meta":{"_kad_post_transparent":"","_kad_post_title":"","_kad_post_layout":"","_kad_post_sidebar_id":"","_kad_post_content_style":"","_kad_post_vertical_padding":"","_kad_post_feature":"","_kad_post_feature_position":"","_kad_post_header":false,"_kad_post_footer":false,"_kad_post_classname":""},"product_brand":[],"product_cat":[15068],"product_tag":[],"class_list":{"0":"post-122473","1":"product","2":"type-product","3":"status-publish","4":"has-post-thumbnail","6":"product_cat-pratik-mutfak-gerecleri-pratik-mutfak-gerecleri-2","8":"first","9":"instock","10":"purchasable","11":"product-type-simple","12":"entry","13":"content-bg","14":"loop-entry"},"_links":{"self":[{"href":"https:\/\/www.hediyepazar.com\/index.php?rest_route=\/wp\/v2\/product\/122473","targetHints":{"allow":["GET"]}}],"collection":[{"href":"https:\/\/www.hediyepazar.com\/index.php?rest_route=\/wp\/v2\/product"}],"about":[{"href":"https:\/\/www.hediyepazar.com\/index.php?rest_route=\/wp\/v2\/types\/product"}],"replies":[{"embeddable":true,"href":"https:\/\/www.hediyepazar.com\/index.php?rest_route=%2Fwp%2Fv2%2Fcomments&post=122473"}],"wp:featuredmedia":[{"embeddable":true,"href":"https:\/\/www.hediyepazar.com\/index.php?rest_route=\/wp\/v2\/media\/122472"}],"wp:attachment":[{"href":"https:\/\/www.hediyepazar.com\/index.php?rest_route=%2Fwp%2Fv2%2Fmedia&parent=122473"}],"wp:term":[{"taxonomy":"product_brand","embeddable":true,"href":"https:\/\/www.hediyepazar.com\/index.php?rest_route=%2Fwp%2Fv2%2Fproduct_brand&post=122473"},{"taxonomy":"product_cat","embeddable":true,"href":"https:\/\/www.hediyepazar.com\/index.php?rest_route=%2Fwp%2Fv2%2Fproduct_cat&post=122473"},{"taxonomy":"product_tag","embeddable":true,"href":"https:\/\/www.hediyepazar.com\/index.php?rest_route=%2Fwp%2Fv2%2Fproduct_tag&post=122473"}],"curies":[{"name":"wp","href":"https:\/\/api.w.org\/{rel}","templated":true}]}}