{"id":122475,"date":"2026-05-06T09:52:52","date_gmt":"2026-05-06T12:52:52","guid":{"rendered":"https:\/\/www.hediyepazar.com\/?product=sarimsak-ezici-kolay-kullanim-ve-dayanikli-govde"},"modified":"2026-05-06T09:52:52","modified_gmt":"2026-05-06T12:52:52","slug":"sarimsak-ezici-kolay-kullanim-ve-dayanikli-govde","status":"publish","type":"product","link":"https:\/\/www.hediyepazar.com\/?product=sarimsak-ezici-kolay-kullanim-ve-dayanikli-govde","title":{"rendered":"Sar\u0131msak Ezici Kolay Kullan\u0131m ve Dayan\u0131kl\u0131 G\u00f6vde"},"content":{"rendered":"<p>Bu sar\u0131msak ezici, tamamen dayan\u0131kl\u0131 metal g\u00f6vdeden \u00fcretilmi\u015f olup yo\u011fun mutfak kullan\u0131m\u0131na m\u00fckemmel \u015fekilde uyum sa\u011flar. Sap k\u0131s\u0131mlar\u0131ndaki ergonomik k\u0131vr\u0131m yap\u0131s\u0131, tutu\u015fu g\u00fc\u00e7lendirirken bask\u0131y\u0131 e\u015fit da\u011f\u0131tarak daha kolay s\u0131kma imk\u00e2n\u0131 sunar. Metal y\u00fczey darbelere, \u00e7izilmelere ve a\u015f\u0131nmalara kar\u015f\u0131 olduk\u00e7a diren\u00e7lidir. G\u00fcnl\u00fck kullan\u0131mda bile ilk g\u00fcnk\u00fc sa\u011flaml\u0131\u011f\u0131n\u0131 korur.Sar\u0131msak ezmede en b\u00fcy\u00fck sorunlardan biri zay\u0131f mekanizmad\u0131r. Bu \u00fcr\u00fcn\u00fcn d\u00f6ner mekanizmas\u0131 g\u00fc\u00e7lendirilmi\u015f olup minimum eforla maksimum verim sa\u011flar. Sar\u0131msa\u011f\u0131 tane tane par\u00e7alamak yerine tamamen p\u00fcre h\u00e2line getirerek yemeklerin daha homojen bir tat ve k\u0131vam kazanmas\u0131n\u0131 sa\u011flar. \u00d6zellikle soslar, salata soslar\u0131, k\u0131zartmalar ve et marinasyonlar\u0131nda m\u00fckemmel sonu\u00e7 verir.Hijyen a\u00e7\u0131s\u0131ndan da avantajl\u0131d\u0131r. Metal yap\u0131s\u0131 bakteri tutmaz ve sar\u0131msak kokusunun kal\u0131c\u0131 olmas\u0131n\u0131 engeller. Y\u0131kamas\u0131 son derece kolayd\u0131r; ister elde ister bula\u015f\u0131k deterjan\u0131yla an\u0131nda temizlenebilir. Ayr\u0131ca kullan\u0131rken sar\u0131msak elinize temas etmedi\u011fi i\u00e7in ho\u015f olmayan kokular da olu\u015fmaz. Uzun \u00f6m\u00fcrl\u00fc, sa\u011flam ve \u015f\u0131k bir mutfak gereci isteyenler i\u00e7in m\u00fckemmel bir tercihtir.<\/p>\n","protected":false},"excerpt":{"rendered":"<p>Bu sar\u0131msak ezici, tamamen dayan\u0131kl\u0131 metal g\u00f6vdeden \u00fcretilmi\u015f olup yo\u011fun mutfak kullan\u0131m\u0131na m\u00fckemmel \u015fekilde uyum sa\u011flar. Sap k\u0131s\u0131mlar\u0131ndaki ergonomik k\u0131vr\u0131m yap\u0131s\u0131, tutu\u015fu g\u00fc\u00e7lendirirken bask\u0131y\u0131 e\u015fit da\u011f\u0131tarak daha kolay s\u0131kma imk\u00e2n\u0131 sunar. Metal y\u00fczey darbelere, \u00e7izilmelere ve a\u015f\u0131nmalara kar\u015f\u0131 olduk\u00e7a diren\u00e7lidir. G\u00fcnl\u00fck kullan\u0131mda bile ilk g\u00fcnk\u00fc sa\u011flaml\u0131\u011f\u0131n\u0131 korur.Sar\u0131msak ezmede en b\u00fcy\u00fck sorunlardan biri zay\u0131f mekanizmad\u0131r. Bu&#8230;<\/p>\n","protected":false},"featured_media":122474,"comment_status":"open","ping_status":"closed","template":"","meta":{"_kad_post_transparent":"","_kad_post_title":"","_kad_post_layout":"","_kad_post_sidebar_id":"","_kad_post_content_style":"","_kad_post_vertical_padding":"","_kad_post_feature":"","_kad_post_feature_position":"","_kad_post_header":false,"_kad_post_footer":false,"_kad_post_classname":""},"product_brand":[],"product_cat":[15068],"product_tag":[],"class_list":{"0":"post-122475","1":"product","2":"type-product","3":"status-publish","4":"has-post-thumbnail","6":"product_cat-pratik-mutfak-gerecleri-pratik-mutfak-gerecleri-2","8":"first","9":"instock","10":"purchasable","11":"product-type-simple","12":"entry","13":"content-bg","14":"loop-entry"},"_links":{"self":[{"href":"https:\/\/www.hediyepazar.com\/index.php?rest_route=\/wp\/v2\/product\/122475","targetHints":{"allow":["GET"]}}],"collection":[{"href":"https:\/\/www.hediyepazar.com\/index.php?rest_route=\/wp\/v2\/product"}],"about":[{"href":"https:\/\/www.hediyepazar.com\/index.php?rest_route=\/wp\/v2\/types\/product"}],"replies":[{"embeddable":true,"href":"https:\/\/www.hediyepazar.com\/index.php?rest_route=%2Fwp%2Fv2%2Fcomments&post=122475"}],"wp:featuredmedia":[{"embeddable":true,"href":"https:\/\/www.hediyepazar.com\/index.php?rest_route=\/wp\/v2\/media\/122474"}],"wp:attachment":[{"href":"https:\/\/www.hediyepazar.com\/index.php?rest_route=%2Fwp%2Fv2%2Fmedia&parent=122475"}],"wp:term":[{"taxonomy":"product_brand","embeddable":true,"href":"https:\/\/www.hediyepazar.com\/index.php?rest_route=%2Fwp%2Fv2%2Fproduct_brand&post=122475"},{"taxonomy":"product_cat","embeddable":true,"href":"https:\/\/www.hediyepazar.com\/index.php?rest_route=%2Fwp%2Fv2%2Fproduct_cat&post=122475"},{"taxonomy":"product_tag","embeddable":true,"href":"https:\/\/www.hediyepazar.com\/index.php?rest_route=%2Fwp%2Fv2%2Fproduct_tag&post=122475"}],"curies":[{"name":"wp","href":"https:\/\/api.w.org\/{rel}","templated":true}]}}