{"id":122477,"date":"2026-05-06T09:53:01","date_gmt":"2026-05-06T12:53:01","guid":{"rendered":"https:\/\/www.hediyepazar.com\/?product=metal-sarimsak-ezici-ergonomik-tutma-ve-guclu-presleme"},"modified":"2026-05-06T09:53:01","modified_gmt":"2026-05-06T12:53:01","slug":"metal-sarimsak-ezici-ergonomik-tutma-ve-guclu-presleme","status":"publish","type":"product","link":"https:\/\/www.hediyepazar.com\/?product=metal-sarimsak-ezici-ergonomik-tutma-ve-guclu-presleme","title":{"rendered":"Metal Sar\u0131msak Ezici Ergonomik Tutma ve G\u00fc\u00e7l\u00fc Presleme"},"content":{"rendered":"<p>Metal Sar\u0131msak Ezici, mutfakta h\u0131z ve verimlilik isteyen herkes i\u00e7in ideal bir ara\u00e7t\u0131r. Dayan\u0131kl\u0131 metal g\u00f6vdesi sayesinde uzun y\u0131llar sorunsuz kullan\u0131m sunar. G\u00fc\u00e7l\u00fc mekanizmas\u0131, sar\u0131msa\u011f\u0131 minimum g\u00fc\u00e7le k\u0131sa s\u00fcrede tamamen ezebilmenizi sa\u011flar. Bu sayede yemeklerinize daha yo\u011fun aroma katabilir ve tariflerinizi profesyonel seviyeye ta\u015f\u0131yabilirsiniz. Ergonomik tasarlanan sap yap\u0131s\u0131, elinizi yormadan rahat bir kullan\u0131m sunar. Kaymaz y\u00fczeyi sayesinde \u0131slak ellerle bile g\u00fcvenle tutulabilir. \u0130ster profesyonel bir \u015fef olun ister ev kullan\u0131c\u0131s\u0131, bu sar\u0131msak ezici en pratik yard\u0131mc\u0131lar\u0131n\u0131zdan biri olur.Paslanmaz metalden \u00fcretilen g\u00f6vde, hijyen ve dayan\u0131kl\u0131l\u0131k a\u00e7\u0131s\u0131ndan b\u00fcy\u00fck avantaj sa\u011flar. Sar\u0131msak kokusunun metal y\u00fczeye i\u015flemesini engelleyen yap\u0131 sayesinde temizlik son derece kolayd\u0131r. Sadece suyun alt\u0131nda durulaman\u0131z yeterlidir. Ayr\u0131ca k\u00fc\u00e7\u00fck tasar\u0131m\u0131 sayesinde mutfak \u00e7ekmecesine kolayca yerle\u015ftirilebilir ve yer kaplamaz.Klasik sar\u0131msak ezicilere g\u00f6re daha y\u00fcksek s\u0131kma g\u00fcc\u00fc sunan mekanizmas\u0131, daha az eforla daha fazla sar\u0131msak \u00e7\u0131k\u0131\u015f\u0131 sa\u011flar. Sar\u0131msa\u011f\u0131 tamamen ezerek yeme\u011fe e\u015fit \u015fekilde da\u011f\u0131lmas\u0131n\u0131 sa\u011flar. Et yemeklerinden soslara, salatalara ve marinasyonlara kadar her tarifte m\u00fckemmel sonu\u00e7 verir. Sa\u011flam yap\u0131s\u0131 ve modern g\u00f6r\u00fcn\u00fcm\u00fcyle mutfa\u011f\u0131n\u0131za \u015f\u0131kl\u0131k katar. Mutfaklarda hijyenik, dayan\u0131kl\u0131 ve pratik \u00e7\u00f6z\u00fcmler arayan herkes i\u00e7in ideal bir \u00fcr\u00fcnd\u00fcr.<\/p>\n","protected":false},"excerpt":{"rendered":"<p>Metal Sar\u0131msak Ezici, mutfakta h\u0131z ve verimlilik isteyen herkes i\u00e7in ideal bir ara\u00e7t\u0131r. Dayan\u0131kl\u0131 metal g\u00f6vdesi sayesinde uzun y\u0131llar sorunsuz kullan\u0131m sunar. G\u00fc\u00e7l\u00fc mekanizmas\u0131, sar\u0131msa\u011f\u0131 minimum g\u00fc\u00e7le k\u0131sa s\u00fcrede tamamen ezebilmenizi sa\u011flar. Bu sayede yemeklerinize daha yo\u011fun aroma katabilir ve tariflerinizi profesyonel seviyeye ta\u015f\u0131yabilirsiniz. Ergonomik tasarlanan sap yap\u0131s\u0131, elinizi yormadan rahat bir kullan\u0131m sunar. Kaymaz&#8230;<\/p>\n","protected":false},"featured_media":122476,"comment_status":"open","ping_status":"closed","template":"","meta":{"_kad_post_transparent":"","_kad_post_title":"","_kad_post_layout":"","_kad_post_sidebar_id":"","_kad_post_content_style":"","_kad_post_vertical_padding":"","_kad_post_feature":"","_kad_post_feature_position":"","_kad_post_header":false,"_kad_post_footer":false,"_kad_post_classname":""},"product_brand":[],"product_cat":[15068],"product_tag":[],"class_list":{"0":"post-122477","1":"product","2":"type-product","3":"status-publish","4":"has-post-thumbnail","6":"product_cat-pratik-mutfak-gerecleri-pratik-mutfak-gerecleri-2","8":"first","9":"instock","10":"purchasable","11":"product-type-simple","12":"entry","13":"content-bg","14":"loop-entry"},"_links":{"self":[{"href":"https:\/\/www.hediyepazar.com\/index.php?rest_route=\/wp\/v2\/product\/122477","targetHints":{"allow":["GET"]}}],"collection":[{"href":"https:\/\/www.hediyepazar.com\/index.php?rest_route=\/wp\/v2\/product"}],"about":[{"href":"https:\/\/www.hediyepazar.com\/index.php?rest_route=\/wp\/v2\/types\/product"}],"replies":[{"embeddable":true,"href":"https:\/\/www.hediyepazar.com\/index.php?rest_route=%2Fwp%2Fv2%2Fcomments&post=122477"}],"wp:featuredmedia":[{"embeddable":true,"href":"https:\/\/www.hediyepazar.com\/index.php?rest_route=\/wp\/v2\/media\/122476"}],"wp:attachment":[{"href":"https:\/\/www.hediyepazar.com\/index.php?rest_route=%2Fwp%2Fv2%2Fmedia&parent=122477"}],"wp:term":[{"taxonomy":"product_brand","embeddable":true,"href":"https:\/\/www.hediyepazar.com\/index.php?rest_route=%2Fwp%2Fv2%2Fproduct_brand&post=122477"},{"taxonomy":"product_cat","embeddable":true,"href":"https:\/\/www.hediyepazar.com\/index.php?rest_route=%2Fwp%2Fv2%2Fproduct_cat&post=122477"},{"taxonomy":"product_tag","embeddable":true,"href":"https:\/\/www.hediyepazar.com\/index.php?rest_route=%2Fwp%2Fv2%2Fproduct_tag&post=122477"}],"curies":[{"name":"wp","href":"https:\/\/api.w.org\/{rel}","templated":true}]}}