{"id":122489,"date":"2026-05-06T09:54:11","date_gmt":"2026-05-06T12:54:11","guid":{"rendered":"https:\/\/www.hediyepazar.com\/?product=16li-matkap-ucu-seti"},"modified":"2026-05-06T09:54:11","modified_gmt":"2026-05-06T12:54:11","slug":"16li-matkap-ucu-seti","status":"publish","type":"product","link":"https:\/\/www.hediyepazar.com\/?product=16li-matkap-ucu-seti","title":{"rendered":"16LI MATKAP UCU SET\u0130"},"content":{"rendered":"<p>16 Par\u00e7a Bits ve Adapt\u00f6r Seti, kullan\u0131c\u0131lara profesyonel seviyede vidalama performans\u0131 sunmak i\u00e7in tasarlanm\u0131\u015f kapsaml\u0131 bir settir. Tamir i\u015flerini sevenler, ustalar ve g\u00fcnl\u00fck bak\u0131m i\u015fleriyle ilgilenen herkes i\u00e7in ideal bir \u00e7\u00f6z\u00fcmd\u00fcr. Set i\u00e7erisinde yer alan u\u00e7 \u00e7e\u015fitlili\u011fi, farkl\u0131 vida t\u00fcrleriyle uyumlu \u00e7al\u0131\u015farak geni\u015f kullan\u0131m imk\u00e2n\u0131 sa\u011flar.U\u00e7lar\u0131n dayan\u0131kl\u0131 metal malzemeden \u00fcretilmi\u015f olmas\u0131, uzun \u00f6m\u00fcrl\u00fc kullan\u0131m garanti eder. Adapt\u00f6r aparat\u0131 sayesinde u\u00e7lar \u00e7ok say\u0131da elektrikli ve manuel tornavida ile uyumlu \u00e7al\u0131\u015fabilir. Manyetik u\u00e7 tasar\u0131m\u0131 vidalar\u0131n sabit durmas\u0131n\u0131 sa\u011flayarak kullan\u0131c\u0131ya h\u0131z kazand\u0131r\u0131r.\u00d6zenle tasarlanm\u0131\u015f kutusu ile t\u00fcm par\u00e7alar g\u00fcvenli \u015fekilde saklan\u0131r. Ta\u015f\u0131nabilir yap\u0131s\u0131 sayesinde her ortamda kullan\u0131m kolayl\u0131\u011f\u0131 sunar. Elektronik tamirlerinden mobilya montaj\u0131na kadar geni\u015f bir kullan\u0131m alan\u0131 bulunan bu set, \u00e7al\u0131\u015f\u0131rken en b\u00fcy\u00fck yard\u0131mc\u0131n\u0131z olacakt\u0131r.Bu \u00fcr\u00fcn, tamir i\u015flerini daha h\u0131zl\u0131, pratik ve profesyonel bir seviyeye ta\u015f\u0131r. Hem ekonomik hem de fonksiyonel olmas\u0131, her kullan\u0131c\u0131 i\u00e7in b\u00fcy\u00fck bir avantajd\u0131r. 16 Par\u00e7a Bits ve Adapt\u00f6r Seti; dayan\u0131kl\u0131l\u0131\u011f\u0131, geni\u015f u\u00e7 \u00e7e\u015fitlili\u011fi ve uyumlulu\u011fu ile her tamir \u00e7antas\u0131nda bulunmas\u0131 gereken bir \u00fcr\u00fcnd\u00fcr.<\/p>\n","protected":false},"excerpt":{"rendered":"<p>16 Par\u00e7a Bits ve Adapt\u00f6r Seti, kullan\u0131c\u0131lara profesyonel seviyede vidalama performans\u0131 sunmak i\u00e7in tasarlanm\u0131\u015f kapsaml\u0131 bir settir. Tamir i\u015flerini sevenler, ustalar ve g\u00fcnl\u00fck bak\u0131m i\u015fleriyle ilgilenen herkes i\u00e7in ideal bir \u00e7\u00f6z\u00fcmd\u00fcr. Set i\u00e7erisinde yer alan u\u00e7 \u00e7e\u015fitlili\u011fi, farkl\u0131 vida t\u00fcrleriyle uyumlu \u00e7al\u0131\u015farak geni\u015f kullan\u0131m imk\u00e2n\u0131 sa\u011flar.U\u00e7lar\u0131n dayan\u0131kl\u0131 metal malzemeden \u00fcretilmi\u015f olmas\u0131, uzun \u00f6m\u00fcrl\u00fc kullan\u0131m garanti&#8230;<\/p>\n","protected":false},"featured_media":122488,"comment_status":"open","ping_status":"closed","template":"","meta":{"_kad_post_transparent":"","_kad_post_title":"","_kad_post_layout":"","_kad_post_sidebar_id":"","_kad_post_content_style":"","_kad_post_vertical_padding":"","_kad_post_feature":"","_kad_post_feature_position":"","_kad_post_header":false,"_kad_post_footer":false,"_kad_post_classname":""},"product_brand":[],"product_cat":[15000],"product_tag":[],"class_list":{"0":"post-122489","1":"product","2":"type-product","3":"status-publish","4":"has-post-thumbnail","6":"product_cat-tornavida-tornavida-2","8":"first","9":"instock","10":"purchasable","11":"product-type-simple","12":"entry","13":"content-bg","14":"loop-entry"},"_links":{"self":[{"href":"https:\/\/www.hediyepazar.com\/index.php?rest_route=\/wp\/v2\/product\/122489","targetHints":{"allow":["GET"]}}],"collection":[{"href":"https:\/\/www.hediyepazar.com\/index.php?rest_route=\/wp\/v2\/product"}],"about":[{"href":"https:\/\/www.hediyepazar.com\/index.php?rest_route=\/wp\/v2\/types\/product"}],"replies":[{"embeddable":true,"href":"https:\/\/www.hediyepazar.com\/index.php?rest_route=%2Fwp%2Fv2%2Fcomments&post=122489"}],"wp:featuredmedia":[{"embeddable":true,"href":"https:\/\/www.hediyepazar.com\/index.php?rest_route=\/wp\/v2\/media\/122488"}],"wp:attachment":[{"href":"https:\/\/www.hediyepazar.com\/index.php?rest_route=%2Fwp%2Fv2%2Fmedia&parent=122489"}],"wp:term":[{"taxonomy":"product_brand","embeddable":true,"href":"https:\/\/www.hediyepazar.com\/index.php?rest_route=%2Fwp%2Fv2%2Fproduct_brand&post=122489"},{"taxonomy":"product_cat","embeddable":true,"href":"https:\/\/www.hediyepazar.com\/index.php?rest_route=%2Fwp%2Fv2%2Fproduct_cat&post=122489"},{"taxonomy":"product_tag","embeddable":true,"href":"https:\/\/www.hediyepazar.com\/index.php?rest_route=%2Fwp%2Fv2%2Fproduct_tag&post=122489"}],"curies":[{"name":"wp","href":"https:\/\/api.w.org\/{rel}","templated":true}]}}