{"id":122491,"date":"2026-05-06T09:54:16","date_gmt":"2026-05-06T12:54:16","guid":{"rendered":"https:\/\/www.hediyepazar.com\/?product=ergonomik-16-parca-bits-tornavida-uc-ve-adaptor-seti"},"modified":"2026-05-06T09:54:16","modified_gmt":"2026-05-06T12:54:16","slug":"ergonomik-16-parca-bits-tornavida-uc-ve-adaptor-seti","status":"publish","type":"product","link":"https:\/\/www.hediyepazar.com\/?product=ergonomik-16-parca-bits-tornavida-uc-ve-adaptor-seti","title":{"rendered":"Ergonomik 16 Par\u00e7a Bits Tornavida U\u00e7 ve Adapt\u00f6r Seti"},"content":{"rendered":"<p>16 Par\u00e7a Bits ve Adapt\u00f6r Seti, vidalama i\u015flemlerini h\u0131zl\u0131 ve kolay hale getiren \u00e7ok y\u00f6nl\u00fc bir tamir setidir. Setin sundu\u011fu geni\u015f u\u00e7 yelpazesi, farkl\u0131 vida tiplerini kolayca s\u00f6k\u00fcp takman\u0131za olanak tan\u0131r. Ev tipi tamirlerde, hobi projelerinde, elektronik cihaz bak\u0131m\u0131nda ve profesyonel i\u015flerde rahatl\u0131kla kullan\u0131labilir.Her u\u00e7 y\u00fcksek kalitede metal malzemeden \u00fcretilmi\u015ftir ve dayan\u0131kl\u0131l\u0131\u011f\u0131 ile \u00f6ne \u00e7\u0131kar. K\u0131r\u0131lma riskini minimuma indiren yap\u0131s\u0131 sayesinde uzun y\u0131llar sorunsuz kullan\u0131m sunar. Adapt\u00f6r deste\u011fi ile u\u00e7lar\u0131 hem elektrikli hem manuel tornavida modellerinde kullanabilirsiniz. Manyetik u\u00e7 teknolojisi, vidalar\u0131n u\u00e7tan kaymas\u0131n\u0131 engelleyerek daha g\u00fcvenli bir kullan\u0131m sa\u011flar.Setin d\u00fczenli kutusu, t\u00fcm par\u00e7alar\u0131n her zaman d\u00fczg\u00fcn \u015fekilde saklanmas\u0131n\u0131 ve ihtiya\u00e7 duydu\u011funuzda h\u0131zl\u0131ca ula\u015f\u0131lmas\u0131n\u0131 sa\u011flar. Kolay ta\u015f\u0131nabilir olmas\u0131, i\u015f yerinden eve, evden araca her yerde pratik kullan\u0131m sa\u011flar.Bu set, her tamir i\u015fini daha pratik hale getirirken kullan\u0131c\u0131ya zaman kazand\u0131r\u0131r. Elinizdeki projeler ne kadar detayl\u0131 olursa olsun, geni\u015f u\u00e7 se\u00e7enekleri sayesinde do\u011fru \u00e7\u00f6z\u00fcme kolayca ula\u015fabilirsiniz. 16 Par\u00e7a Bits ve Adapt\u00f6r Seti, her evde bulunmas\u0131 gereken, ekonomik ve uzun \u00f6m\u00fcrl\u00fc bir tamir arkada\u015f\u0131n\u0131zd\u0131r.<\/p>\n","protected":false},"excerpt":{"rendered":"<p>16 Par\u00e7a Bits ve Adapt\u00f6r Seti, vidalama i\u015flemlerini h\u0131zl\u0131 ve kolay hale getiren \u00e7ok y\u00f6nl\u00fc bir tamir setidir. Setin sundu\u011fu geni\u015f u\u00e7 yelpazesi, farkl\u0131 vida tiplerini kolayca s\u00f6k\u00fcp takman\u0131za olanak tan\u0131r. Ev tipi tamirlerde, hobi projelerinde, elektronik cihaz bak\u0131m\u0131nda ve profesyonel i\u015flerde rahatl\u0131kla kullan\u0131labilir.Her u\u00e7 y\u00fcksek kalitede metal malzemeden \u00fcretilmi\u015ftir ve dayan\u0131kl\u0131l\u0131\u011f\u0131 ile \u00f6ne \u00e7\u0131kar&#8230;.<\/p>\n","protected":false},"featured_media":122490,"comment_status":"open","ping_status":"closed","template":"","meta":{"_kad_post_transparent":"","_kad_post_title":"","_kad_post_layout":"","_kad_post_sidebar_id":"","_kad_post_content_style":"","_kad_post_vertical_padding":"","_kad_post_feature":"","_kad_post_feature_position":"","_kad_post_header":false,"_kad_post_footer":false,"_kad_post_classname":""},"product_brand":[],"product_cat":[15000],"product_tag":[],"class_list":{"0":"post-122491","1":"product","2":"type-product","3":"status-publish","4":"has-post-thumbnail","6":"product_cat-tornavida-tornavida-2","8":"first","9":"instock","10":"purchasable","11":"product-type-simple","12":"entry","13":"content-bg","14":"loop-entry"},"_links":{"self":[{"href":"https:\/\/www.hediyepazar.com\/index.php?rest_route=\/wp\/v2\/product\/122491","targetHints":{"allow":["GET"]}}],"collection":[{"href":"https:\/\/www.hediyepazar.com\/index.php?rest_route=\/wp\/v2\/product"}],"about":[{"href":"https:\/\/www.hediyepazar.com\/index.php?rest_route=\/wp\/v2\/types\/product"}],"replies":[{"embeddable":true,"href":"https:\/\/www.hediyepazar.com\/index.php?rest_route=%2Fwp%2Fv2%2Fcomments&post=122491"}],"wp:featuredmedia":[{"embeddable":true,"href":"https:\/\/www.hediyepazar.com\/index.php?rest_route=\/wp\/v2\/media\/122490"}],"wp:attachment":[{"href":"https:\/\/www.hediyepazar.com\/index.php?rest_route=%2Fwp%2Fv2%2Fmedia&parent=122491"}],"wp:term":[{"taxonomy":"product_brand","embeddable":true,"href":"https:\/\/www.hediyepazar.com\/index.php?rest_route=%2Fwp%2Fv2%2Fproduct_brand&post=122491"},{"taxonomy":"product_cat","embeddable":true,"href":"https:\/\/www.hediyepazar.com\/index.php?rest_route=%2Fwp%2Fv2%2Fproduct_cat&post=122491"},{"taxonomy":"product_tag","embeddable":true,"href":"https:\/\/www.hediyepazar.com\/index.php?rest_route=%2Fwp%2Fv2%2Fproduct_tag&post=122491"}],"curies":[{"name":"wp","href":"https:\/\/api.w.org\/{rel}","templated":true}]}}