{"id":122493,"date":"2026-05-06T09:54:22","date_gmt":"2026-05-06T12:54:22","guid":{"rendered":"https:\/\/www.hediyepazar.com\/?product=metal-govdeli-16li-bits-seti-cok-fonksiyonlu-tamir-aleti"},"modified":"2026-05-06T09:54:22","modified_gmt":"2026-05-06T12:54:22","slug":"metal-govdeli-16li-bits-seti-cok-fonksiyonlu-tamir-aleti","status":"publish","type":"product","link":"https:\/\/www.hediyepazar.com\/?product=metal-govdeli-16li-bits-seti-cok-fonksiyonlu-tamir-aleti","title":{"rendered":"Metal G\u00f6vdeli 16l\u0131 Bits Seti \u00c7ok Fonksiyonlu Tamir Aleti"},"content":{"rendered":"<p>Bu \u00e7ok ama\u00e7l\u0131 16 Par\u00e7a Bits ve Adapt\u00f6r Seti, hem profesyoneller i\u00e7in hem de evde basit tamir i\u015fler yapmak isteyen kullan\u0131c\u0131lar i\u00e7in m\u00fckemmel bir \u00e7\u00f6z\u00fcmd\u00fcr. Set, farkl\u0131 vida tipleri ve boyutlar\u0131yla uyumlu olan \u00e7ok y\u00f6nl\u00fc u\u00e7larla donat\u0131lm\u0131\u015ft\u0131r. Elektronik cihazlardan mobilya montaj\u0131na kadar y\u00fczlerce tamir i\u015fleminde kullan\u0131labilir.U\u00e7lar\u0131n \u00fcretiminde kullan\u0131lan metal malzeme, y\u00fcksek dayan\u0131kl\u0131l\u0131k ve a\u015f\u0131nma direnci sunar. Zorlu vidalar\u0131 bile kolayca s\u0131kabilir veya gev\u015fetebilirsiniz. Adapt\u00f6r aparat\u0131 sayesinde u\u00e7lar, kablosuz vidalama makineleri ve manuel tornavidalarla uyumlu hale gelir. Manyetik u\u00e7 yap\u0131s\u0131 \u00e7al\u0131\u015fma s\u0131ras\u0131nda b\u00fcy\u00fck kolayl\u0131k sa\u011flar; vidalar\u0131n sabit kalmas\u0131na yard\u0131mc\u0131 olur ve \u00f6zellikle k\u00fc\u00e7\u00fck vida i\u015flemlerinde kontrol\u00fc art\u0131r\u0131r.Kompakt ta\u015f\u0131ma kutusu, par\u00e7alar\u0131n kaybolmas\u0131n\u0131 engelleyerek d\u00fczenli bir kullan\u0131m sa\u011flar. Bu kutu, \u00e7antada veya \u00e7ekmecede az yer kaplar ve her ortamda kullan\u0131ma haz\u0131rd\u0131r. Setin ergonomik tasar\u0131m\u0131 uzun s\u00fcreli kullan\u0131mda bile yormaz, i\u015fleri daha keyifli hale getirir.16 Par\u00e7a Bits ve Adapt\u00f6r Seti; ev bak\u0131m rutinlerinde, at\u00f6lye \u00e7al\u0131\u015fmalar\u0131nda, elektronik tamirlerinde ve profesyonel i\u015flerde m\u00fckemmel bir asistand\u0131r. Hem ekonomik hem de fonksiyonel bir \u00e7\u00f6z\u00fcm sunan bu set, her kullan\u0131c\u0131 i\u00e7in tamir i\u015flerinde vazge\u00e7ilmez bir yard\u0131mc\u0131 olacakt\u0131r.<\/p>\n","protected":false},"excerpt":{"rendered":"<p>Bu \u00e7ok ama\u00e7l\u0131 16 Par\u00e7a Bits ve Adapt\u00f6r Seti, hem profesyoneller i\u00e7in hem de evde basit tamir i\u015fler yapmak isteyen kullan\u0131c\u0131lar i\u00e7in m\u00fckemmel bir \u00e7\u00f6z\u00fcmd\u00fcr. Set, farkl\u0131 vida tipleri ve boyutlar\u0131yla uyumlu olan \u00e7ok y\u00f6nl\u00fc u\u00e7larla donat\u0131lm\u0131\u015ft\u0131r. Elektronik cihazlardan mobilya montaj\u0131na kadar y\u00fczlerce tamir i\u015fleminde kullan\u0131labilir.U\u00e7lar\u0131n \u00fcretiminde kullan\u0131lan metal malzeme, y\u00fcksek dayan\u0131kl\u0131l\u0131k ve a\u015f\u0131nma direnci&#8230;<\/p>\n","protected":false},"featured_media":122492,"comment_status":"open","ping_status":"closed","template":"","meta":{"_kad_post_transparent":"","_kad_post_title":"","_kad_post_layout":"","_kad_post_sidebar_id":"","_kad_post_content_style":"","_kad_post_vertical_padding":"","_kad_post_feature":"","_kad_post_feature_position":"","_kad_post_header":false,"_kad_post_footer":false,"_kad_post_classname":""},"product_brand":[],"product_cat":[15000],"product_tag":[],"class_list":{"0":"post-122493","1":"product","2":"type-product","3":"status-publish","4":"has-post-thumbnail","6":"product_cat-tornavida-tornavida-2","8":"first","9":"instock","10":"purchasable","11":"product-type-simple","12":"entry","13":"content-bg","14":"loop-entry"},"_links":{"self":[{"href":"https:\/\/www.hediyepazar.com\/index.php?rest_route=\/wp\/v2\/product\/122493","targetHints":{"allow":["GET"]}}],"collection":[{"href":"https:\/\/www.hediyepazar.com\/index.php?rest_route=\/wp\/v2\/product"}],"about":[{"href":"https:\/\/www.hediyepazar.com\/index.php?rest_route=\/wp\/v2\/types\/product"}],"replies":[{"embeddable":true,"href":"https:\/\/www.hediyepazar.com\/index.php?rest_route=%2Fwp%2Fv2%2Fcomments&post=122493"}],"wp:featuredmedia":[{"embeddable":true,"href":"https:\/\/www.hediyepazar.com\/index.php?rest_route=\/wp\/v2\/media\/122492"}],"wp:attachment":[{"href":"https:\/\/www.hediyepazar.com\/index.php?rest_route=%2Fwp%2Fv2%2Fmedia&parent=122493"}],"wp:term":[{"taxonomy":"product_brand","embeddable":true,"href":"https:\/\/www.hediyepazar.com\/index.php?rest_route=%2Fwp%2Fv2%2Fproduct_brand&post=122493"},{"taxonomy":"product_cat","embeddable":true,"href":"https:\/\/www.hediyepazar.com\/index.php?rest_route=%2Fwp%2Fv2%2Fproduct_cat&post=122493"},{"taxonomy":"product_tag","embeddable":true,"href":"https:\/\/www.hediyepazar.com\/index.php?rest_route=%2Fwp%2Fv2%2Fproduct_tag&post=122493"}],"curies":[{"name":"wp","href":"https:\/\/api.w.org\/{rel}","templated":true}]}}