{"id":122501,"date":"2026-05-06T09:55:23","date_gmt":"2026-05-06T12:55:23","guid":{"rendered":"https:\/\/www.hediyepazar.com\/?product=5000-mah-bataryali-bisiklet-fari-cob-cakar-cok-fonksiyonlu"},"modified":"2026-05-06T09:55:23","modified_gmt":"2026-05-06T12:55:23","slug":"5000-mah-bataryali-bisiklet-fari-cob-cakar-cok-fonksiyonlu","status":"publish","type":"product","link":"https:\/\/www.hediyepazar.com\/?product=5000-mah-bataryali-bisiklet-fari-cob-cakar-cok-fonksiyonlu","title":{"rendered":"5000 mAh Bataryal\u0131 Bisiklet Far\u0131 COB \u00c7akar \u00c7ok Fonksiyonlu"},"content":{"rendered":"<p>600 l\u00fcmen \u0131\u015f\u0131k g\u00fcc\u00fcne sahip bu bisiklet far\u0131, gece s\u00fcr\u00fc\u015flerinde yolunuzu en net \u015fekilde g\u00f6rmeniz i\u00e7in \u00f6zel olarak tasarlanm\u0131\u015ft\u0131r. \u00c7ift LED sistemi uzak ve geni\u015f ayd\u0131nlatma sa\u011flar. COB yan \u00e7akar \u00f6zelli\u011fi, trafikte ekstra g\u00f6r\u00fcn\u00fcrl\u00fck sa\u011flayarak g\u00fcvenli\u011fi \u00fcst seviyeye ta\u015f\u0131r.\u00dcr\u00fcn\u00fcn en dikkat \u00e7ekici \u00f6zelliklerinden biri, 5000 mAh g\u00fc\u00e7l\u00fc bataryas\u0131d\u0131r. Bu batarya sadece uzun s\u00fcreli \u0131\u015f\u0131k performans\u0131 sa\u011flamakla kalmaz, ayn\u0131 zamanda powerbank olarak kullan\u0131labilir. Herhangi bir acil durumda telefonunuzu veya di\u011fer k\u00fc\u00e7\u00fck elektronik cihazlar\u0131n\u0131z\u0131 kolayca \u015farj edebilirsiniz.Montaj aparat\u0131 sayesinde cihaz bisiklete saniyeler i\u00e7inde tak\u0131l\u0131r. Sars\u0131nt\u0131lara ve zorlu yollara dayan\u0131kl\u0131 yap\u0131s\u0131 sayesinde yerinden \u00e7\u0131kmaz. Dijital batarya g\u00f6stergesi, \u015farj durumunu net olarak g\u00f6stererek kullan\u0131m kolayl\u0131\u011f\u0131 sunar. Type-C giri\u015fi h\u0131zl\u0131 \u015farj avantaj\u0131 sa\u011flar.Su ge\u00e7irmez tasar\u0131m\u0131, her t\u00fcrl\u00fc hava \u015fart\u0131nda g\u00f6n\u00fcl rahatl\u0131\u011f\u0131yla kullan\u0131m sunar. Ya\u011fmurlu havalarda dahi performans\u0131ndan \u00f6d\u00fcn vermeden \u00e7al\u0131\u015f\u0131r. \u00c7oklu \u0131\u015f\u0131k modlar\u0131, farkl\u0131 s\u00fcr\u00fc\u015f ortamlar\u0131 i\u00e7in ideal se\u00e7enekler sunar.Hem g\u00fcvenlik hem ayd\u0131nlatma hem de powerbank fonksiyonunu tek bir \u00fcr\u00fcnde sunmas\u0131 sayesinde son derece \u00e7ok y\u00f6nl\u00fc bir \u00fcr\u00fcnd\u00fcr.<\/p>\n","protected":false},"excerpt":{"rendered":"<p>600 l\u00fcmen \u0131\u015f\u0131k g\u00fcc\u00fcne sahip bu bisiklet far\u0131, gece s\u00fcr\u00fc\u015flerinde yolunuzu en net \u015fekilde g\u00f6rmeniz i\u00e7in \u00f6zel olarak tasarlanm\u0131\u015ft\u0131r. \u00c7ift LED sistemi uzak ve geni\u015f ayd\u0131nlatma sa\u011flar. COB yan \u00e7akar \u00f6zelli\u011fi, trafikte ekstra g\u00f6r\u00fcn\u00fcrl\u00fck sa\u011flayarak g\u00fcvenli\u011fi \u00fcst seviyeye ta\u015f\u0131r.\u00dcr\u00fcn\u00fcn en dikkat \u00e7ekici \u00f6zelliklerinden biri, 5000 mAh g\u00fc\u00e7l\u00fc bataryas\u0131d\u0131r. Bu batarya sadece uzun s\u00fcreli \u0131\u015f\u0131k performans\u0131&#8230;<\/p>\n","protected":false},"featured_media":122500,"comment_status":"open","ping_status":"closed","template":"","meta":{"_kad_post_transparent":"","_kad_post_title":"","_kad_post_layout":"","_kad_post_sidebar_id":"","_kad_post_content_style":"","_kad_post_vertical_padding":"","_kad_post_feature":"","_kad_post_feature_position":"","_kad_post_header":false,"_kad_post_footer":false,"_kad_post_classname":""},"product_brand":[],"product_cat":[14937],"product_tag":[],"class_list":{"0":"post-122501","1":"product","2":"type-product","3":"status-publish","4":"has-post-thumbnail","6":"product_cat-powerbank-powerbank-2","8":"first","9":"instock","10":"purchasable","11":"product-type-simple","12":"entry","13":"content-bg","14":"loop-entry"},"_links":{"self":[{"href":"https:\/\/www.hediyepazar.com\/index.php?rest_route=\/wp\/v2\/product\/122501","targetHints":{"allow":["GET"]}}],"collection":[{"href":"https:\/\/www.hediyepazar.com\/index.php?rest_route=\/wp\/v2\/product"}],"about":[{"href":"https:\/\/www.hediyepazar.com\/index.php?rest_route=\/wp\/v2\/types\/product"}],"replies":[{"embeddable":true,"href":"https:\/\/www.hediyepazar.com\/index.php?rest_route=%2Fwp%2Fv2%2Fcomments&post=122501"}],"wp:featuredmedia":[{"embeddable":true,"href":"https:\/\/www.hediyepazar.com\/index.php?rest_route=\/wp\/v2\/media\/122500"}],"wp:attachment":[{"href":"https:\/\/www.hediyepazar.com\/index.php?rest_route=%2Fwp%2Fv2%2Fmedia&parent=122501"}],"wp:term":[{"taxonomy":"product_brand","embeddable":true,"href":"https:\/\/www.hediyepazar.com\/index.php?rest_route=%2Fwp%2Fv2%2Fproduct_brand&post=122501"},{"taxonomy":"product_cat","embeddable":true,"href":"https:\/\/www.hediyepazar.com\/index.php?rest_route=%2Fwp%2Fv2%2Fproduct_cat&post=122501"},{"taxonomy":"product_tag","embeddable":true,"href":"https:\/\/www.hediyepazar.com\/index.php?rest_route=%2Fwp%2Fv2%2Fproduct_tag&post=122501"}],"curies":[{"name":"wp","href":"https:\/\/api.w.org\/{rel}","templated":true}]}}