{"id":122505,"date":"2026-05-06T09:56:07","date_gmt":"2026-05-06T12:56:07","guid":{"rendered":"https:\/\/www.hediyepazar.com\/?product=600-lumen-sarjli-bisiklet-fari-cob-yan-cakar-acil-durum"},"modified":"2026-05-06T09:56:07","modified_gmt":"2026-05-06T12:56:07","slug":"600-lumen-sarjli-bisiklet-fari-cob-yan-cakar-acil-durum","status":"publish","type":"product","link":"https:\/\/www.hediyepazar.com\/?product=600-lumen-sarjli-bisiklet-fari-cob-yan-cakar-acil-durum","title":{"rendered":"600 L\u00fcmen \u015earjl\u0131 Bisiklet Far\u0131 COB Yan \u00c7akar Acil Durum"},"content":{"rendered":"<p>Geli\u015fmi\u015f LED teknolojisiyle donat\u0131lan bu \u00e7ok fonksiyonlu bisiklet \u0131\u015f\u0131\u011f\u0131, g\u00fc\u00e7l\u00fc ayd\u0131nlatma, g\u00fcvenlik \u00e7akarlar\u0131 ve powerbank fonksiyonunu tek bir g\u00f6vdede bir araya getirir. \u00c7ift LED sistemi sayesinde 600 l\u00fcmen parlakl\u0131k sunarak karanl\u0131k ortamlarda g\u00fc\u00e7l\u00fc bir yol g\u00f6r\u00fc\u015f\u00fc sa\u011flar. COB LED \u00e7akar b\u00f6l\u00fcm\u00fc, \u00f6zellikle trafikte fark edilme oran\u0131n\u0131 en \u00fcst d\u00fczeye \u00e7\u0131karmak i\u00e7in k\u0131rm\u0131z\u0131 ve mavi fla\u015f modu sunar.5000 mAh dahili batarya, uzun s\u00fcreli s\u00fcr\u00fc\u015flerde en b\u00fcy\u00fck destek\u00e7iniz olur. Bu batarya, telefon, kamera, \u0131\u015f\u0131k zinciri gibi cihazlar\u0131 \u015farj edebilme \u00f6zelli\u011fiyle hem s\u00fcr\u00fc\u015f hem kamp hem de acil durumlarda y\u00fcksek kullan\u0131m kolayl\u0131\u011f\u0131 sunar. Type-C h\u0131zl\u0131 \u015farj giri\u015fi sayesinde k\u0131sa s\u00fcrede \u015farj edilebilir.Cihaz\u0131n dijital ekran\u0131, anl\u0131k pil seviyesini net bir \u015fekilde g\u00f6sterir. Montaj aparat\u0131 ile gidona s\u0131k\u0131ca tutturulabilir ve s\u00fcr\u00fc\u015f s\u0131ras\u0131nda yerinden \u00e7\u0131kmaz. Su ge\u00e7irmez g\u00f6vde yap\u0131s\u0131 ya\u011fmurda, y\u00fcksek nemli alanlarda, sisli havalarda bile g\u00fcvenle kullan\u0131m sa\u011flar.Farkl\u0131 \u0131\u015f\u0131k modlar\u0131 (y\u00fcksek parlakl\u0131k, orta parlakl\u0131k, tasarruf modu ve \u00e7akar) s\u00fcr\u00fc\u015f ortam\u0131na g\u00f6re \u0131\u015f\u0131k ayar\u0131n\u0131 yapman\u0131za olanak tan\u0131r. B\u00f6ylece hem enerji tasarrufu sa\u011flan\u0131r hem de uzun s\u00fcreli g\u00fcvenli kullan\u0131m sunar.Bu \u00fcr\u00fcn, bisiklet s\u00fcr\u00fc\u015f g\u00fcvenli\u011fini art\u0131rmak isteyen herkes i\u00e7in ideal bir se\u00e7imdir. Hem ayd\u0131nlatma hem g\u00fcvenlik hem de powerbank \u00f6zelli\u011fiyle tam bir \u00e7ok y\u00f6nl\u00fc ekipmand\u0131r.<\/p>\n","protected":false},"excerpt":{"rendered":"<p>Geli\u015fmi\u015f LED teknolojisiyle donat\u0131lan bu \u00e7ok fonksiyonlu bisiklet \u0131\u015f\u0131\u011f\u0131, g\u00fc\u00e7l\u00fc ayd\u0131nlatma, g\u00fcvenlik \u00e7akarlar\u0131 ve powerbank fonksiyonunu tek bir g\u00f6vdede bir araya getirir. \u00c7ift LED sistemi sayesinde 600 l\u00fcmen parlakl\u0131k sunarak karanl\u0131k ortamlarda g\u00fc\u00e7l\u00fc bir yol g\u00f6r\u00fc\u015f\u00fc sa\u011flar. COB LED \u00e7akar b\u00f6l\u00fcm\u00fc, \u00f6zellikle trafikte fark edilme oran\u0131n\u0131 en \u00fcst d\u00fczeye \u00e7\u0131karmak i\u00e7in k\u0131rm\u0131z\u0131 ve mavi fla\u015f&#8230;<\/p>\n","protected":false},"featured_media":122504,"comment_status":"open","ping_status":"closed","template":"","meta":{"_kad_post_transparent":"","_kad_post_title":"","_kad_post_layout":"","_kad_post_sidebar_id":"","_kad_post_content_style":"","_kad_post_vertical_padding":"","_kad_post_feature":"","_kad_post_feature_position":"","_kad_post_header":false,"_kad_post_footer":false,"_kad_post_classname":""},"product_brand":[],"product_cat":[14937],"product_tag":[],"class_list":{"0":"post-122505","1":"product","2":"type-product","3":"status-publish","4":"has-post-thumbnail","6":"product_cat-powerbank-powerbank-2","8":"first","9":"instock","10":"purchasable","11":"product-type-simple","12":"entry","13":"content-bg","14":"loop-entry"},"_links":{"self":[{"href":"https:\/\/www.hediyepazar.com\/index.php?rest_route=\/wp\/v2\/product\/122505","targetHints":{"allow":["GET"]}}],"collection":[{"href":"https:\/\/www.hediyepazar.com\/index.php?rest_route=\/wp\/v2\/product"}],"about":[{"href":"https:\/\/www.hediyepazar.com\/index.php?rest_route=\/wp\/v2\/types\/product"}],"replies":[{"embeddable":true,"href":"https:\/\/www.hediyepazar.com\/index.php?rest_route=%2Fwp%2Fv2%2Fcomments&post=122505"}],"wp:featuredmedia":[{"embeddable":true,"href":"https:\/\/www.hediyepazar.com\/index.php?rest_route=\/wp\/v2\/media\/122504"}],"wp:attachment":[{"href":"https:\/\/www.hediyepazar.com\/index.php?rest_route=%2Fwp%2Fv2%2Fmedia&parent=122505"}],"wp:term":[{"taxonomy":"product_brand","embeddable":true,"href":"https:\/\/www.hediyepazar.com\/index.php?rest_route=%2Fwp%2Fv2%2Fproduct_brand&post=122505"},{"taxonomy":"product_cat","embeddable":true,"href":"https:\/\/www.hediyepazar.com\/index.php?rest_route=%2Fwp%2Fv2%2Fproduct_cat&post=122505"},{"taxonomy":"product_tag","embeddable":true,"href":"https:\/\/www.hediyepazar.com\/index.php?rest_route=%2Fwp%2Fv2%2Fproduct_tag&post=122505"}],"curies":[{"name":"wp","href":"https:\/\/api.w.org\/{rel}","templated":true}]}}