{"id":122507,"date":"2026-05-06T09:56:13","date_gmt":"2026-05-06T12:56:13","guid":{"rendered":"https:\/\/www.hediyepazar.com\/?product=su-gecirmez-bisiklet-isigi-5000-mah-powerbankli-on-far"},"modified":"2026-05-06T09:56:13","modified_gmt":"2026-05-06T12:56:13","slug":"su-gecirmez-bisiklet-isigi-5000-mah-powerbankli-on-far","status":"publish","type":"product","link":"https:\/\/www.hediyepazar.com\/?product=su-gecirmez-bisiklet-isigi-5000-mah-powerbankli-on-far","title":{"rendered":"Su Ge\u00e7irmez Bisiklet I\u015f\u0131\u011f\u0131 5000 mAh Powerbankli \u00d6n Far"},"content":{"rendered":"<p>600 l\u00fcmen g\u00fcc\u00fcndeki bu bisiklet far\u0131, gece s\u00fcr\u00fc\u015flerinde maksimum g\u00f6r\u00fc\u015f alan\u0131 sunmak \u00fczere tasarlanm\u0131\u015ft\u0131r. \u00c7ift LED yap\u0131s\u0131 uzak ayd\u0131nlatmada m\u00fckemmel performans verirken, geni\u015f a\u00e7\u0131l\u0131 COB \u00e7akar sistemi trafikte g\u00f6r\u00fcn\u00fcrl\u00fc\u011f\u00fcn\u00fcz\u00fc en \u00fcst seviyeye \u00e7\u0131kar\u0131r. \u00d6zellikle gece bisiklet s\u00fcr\u00fc\u015flerinde hem sizi hem de \u00e7evredekileri koruyan geli\u015fmi\u015f bir g\u00fcvenlik ekipman\u0131d\u0131r.Cihaz\u0131n \u00f6ne \u00e7\u0131kan \u00f6zelliklerinden biri, 5000 mAh kapasiteye sahip g\u00fc\u00e7l\u00fc dahili bataryas\u0131d\u0131r. Bu batarya, uzun ayd\u0131nlatma s\u00fcresi sunarken ayn\u0131 zamanda powerbank olarak kullan\u0131labilir. Acil durumlarda telefonunuzu \u015farj ederek ula\u015f\u0131m\u0131 ve ileti\u015fimi kesintisiz h\u00e2le getirir. Dijital batarya ekran\u0131 sayesinde cihaz\u0131n ne kadar \u015farj\u0131 kald\u0131\u011f\u0131n\u0131 kolayl\u0131kla takip edebilirsiniz.Montaj aparat\u0131 sayesinde bisiklet gidonuna saniyeler i\u00e7erisinde tak\u0131l\u0131p \u00e7\u0131kar\u0131labilir. Sallanma yapmaz, s\u00fcr\u00fc\u015f s\u0131ras\u0131nda yerinden oynamaz. Su ge\u00e7irmez g\u00f6vdesi sayesinde ya\u011fmur, kar, sis gibi zorlay\u0131c\u0131 hava \u015fartlar\u0131nda g\u00f6n\u00fcl rahatl\u0131\u011f\u0131yla kullan\u0131labilir. Dayan\u0131kl\u0131 yap\u0131s\u0131 uzun \u00f6m\u00fcrl\u00fc kullan\u0131m sa\u011flar.Cihaz, birden fazla \u0131\u015f\u0131k modu sunar. G\u00fc\u00e7l\u00fc \u0131\u015f\u0131k, tasarruf modu, strob (yan\u0131p s\u00f6nme) ve acil \u00e7akar se\u00e7enekleriyle farkl\u0131 s\u00fcr\u00fc\u015f ortamlar\u0131 i\u00e7in ideal \u00e7\u00f6z\u00fcm sunar. Hem g\u00fcnd\u00fcz hem gece s\u00fcr\u00fc\u015flerinde aktif g\u00fcvenlik sa\u011flar. Kamp, t\u0131rman\u0131\u015f, y\u00fcr\u00fcy\u00fc\u015f gibi aktivitelerde portatif el feneri olarak da kullan\u0131labilir.Bu bisiklet \u0131\u015f\u0131\u011f\u0131; profesyonel sporcular, g\u00fcnl\u00fck bisiklet kullan\u0131c\u0131lar\u0131 ve \u015fehir i\u00e7i ula\u015f\u0131mda g\u00fcvenlik arayan herkes i\u00e7in ideal bir se\u00e7enektir.<\/p>\n","protected":false},"excerpt":{"rendered":"<p>600 l\u00fcmen g\u00fcc\u00fcndeki bu bisiklet far\u0131, gece s\u00fcr\u00fc\u015flerinde maksimum g\u00f6r\u00fc\u015f alan\u0131 sunmak \u00fczere tasarlanm\u0131\u015ft\u0131r. \u00c7ift LED yap\u0131s\u0131 uzak ayd\u0131nlatmada m\u00fckemmel performans verirken, geni\u015f a\u00e7\u0131l\u0131 COB \u00e7akar sistemi trafikte g\u00f6r\u00fcn\u00fcrl\u00fc\u011f\u00fcn\u00fcz\u00fc en \u00fcst seviyeye \u00e7\u0131kar\u0131r. \u00d6zellikle gece bisiklet s\u00fcr\u00fc\u015flerinde hem sizi hem de \u00e7evredekileri koruyan geli\u015fmi\u015f bir g\u00fcvenlik ekipman\u0131d\u0131r.Cihaz\u0131n \u00f6ne \u00e7\u0131kan \u00f6zelliklerinden biri, 5000 mAh kapasiteye sahip&#8230;<\/p>\n","protected":false},"featured_media":122506,"comment_status":"open","ping_status":"closed","template":"","meta":{"_kad_post_transparent":"","_kad_post_title":"","_kad_post_layout":"","_kad_post_sidebar_id":"","_kad_post_content_style":"","_kad_post_vertical_padding":"","_kad_post_feature":"","_kad_post_feature_position":"","_kad_post_header":false,"_kad_post_footer":false,"_kad_post_classname":""},"product_brand":[],"product_cat":[14937],"product_tag":[],"class_list":{"0":"post-122507","1":"product","2":"type-product","3":"status-publish","4":"has-post-thumbnail","6":"product_cat-powerbank-powerbank-2","8":"first","9":"instock","10":"purchasable","11":"product-type-simple","12":"entry","13":"content-bg","14":"loop-entry"},"_links":{"self":[{"href":"https:\/\/www.hediyepazar.com\/index.php?rest_route=\/wp\/v2\/product\/122507","targetHints":{"allow":["GET"]}}],"collection":[{"href":"https:\/\/www.hediyepazar.com\/index.php?rest_route=\/wp\/v2\/product"}],"about":[{"href":"https:\/\/www.hediyepazar.com\/index.php?rest_route=\/wp\/v2\/types\/product"}],"replies":[{"embeddable":true,"href":"https:\/\/www.hediyepazar.com\/index.php?rest_route=%2Fwp%2Fv2%2Fcomments&post=122507"}],"wp:featuredmedia":[{"embeddable":true,"href":"https:\/\/www.hediyepazar.com\/index.php?rest_route=\/wp\/v2\/media\/122506"}],"wp:attachment":[{"href":"https:\/\/www.hediyepazar.com\/index.php?rest_route=%2Fwp%2Fv2%2Fmedia&parent=122507"}],"wp:term":[{"taxonomy":"product_brand","embeddable":true,"href":"https:\/\/www.hediyepazar.com\/index.php?rest_route=%2Fwp%2Fv2%2Fproduct_brand&post=122507"},{"taxonomy":"product_cat","embeddable":true,"href":"https:\/\/www.hediyepazar.com\/index.php?rest_route=%2Fwp%2Fv2%2Fproduct_cat&post=122507"},{"taxonomy":"product_tag","embeddable":true,"href":"https:\/\/www.hediyepazar.com\/index.php?rest_route=%2Fwp%2Fv2%2Fproduct_tag&post=122507"}],"curies":[{"name":"wp","href":"https:\/\/api.w.org\/{rel}","templated":true}]}}