{"id":122540,"date":"2026-05-06T10:01:20","date_gmt":"2026-05-06T13:01:20","guid":{"rendered":"https:\/\/www.hediyepazar.com\/?product=1080-cok-yonlu-musluk-aparati-puskurtme-ve-kopuk-akisli"},"modified":"2026-05-06T10:01:20","modified_gmt":"2026-05-06T13:01:20","slug":"1080-cok-yonlu-musluk-aparati-puskurtme-ve-kopuk-akisli","status":"publish","type":"product","link":"https:\/\/www.hediyepazar.com\/?product=1080-cok-yonlu-musluk-aparati-puskurtme-ve-kopuk-akisli","title":{"rendered":"1080\u00b0 \u00c7ok Y\u00f6nl\u00fc Musluk Aparat\u0131 P\u00fcsk\u00fcrtme ve K\u00f6p\u00fck Ak\u0131\u015fl\u0131"},"content":{"rendered":"<p>1080\u00b0 d\u00f6nebilen filtreli musluk ba\u015fl\u0131\u011f\u0131, g\u00fcnl\u00fck su kullan\u0131m\u0131n\u0131 \u00e7ok daha kolay, kontroll\u00fc ve konforlu hale getirmek i\u00e7in tasarlanm\u0131\u015f yenilik\u00e7i bir \u00fcr\u00fcnd\u00fcr. Geleneksel musluklar\u0131n aksine tam hareket kabiliyeti sunan yap\u0131s\u0131 sayesinde su ak\u0131\u015f\u0131n\u0131 istedi\u011finiz y\u00f6ne y\u00f6nlendirebilir, lavabonun her noktas\u0131na kolayca ula\u015fabilirsiniz. \u00d6zellikle y\u00fcz y\u0131karken, gargara yaparken veya lavaboyu temizlerken b\u00fcy\u00fck kolayl\u0131k sa\u011flar.\u0130ki farkl\u0131 su ak\u0131\u015f modu sunan tasar\u0131m, kullan\u0131m alan\u0131na g\u00f6re ak\u0131\u015f t\u00fcr\u00fcn\u00fc de\u011fi\u015ftirmenize olanak tan\u0131r. K\u00f6p\u00fck ak\u0131\u015f modu daha yumu\u015fak ve kontroll\u00fc bir su sunarak cilt temizli\u011fi, el y\u0131kama ve hassas i\u015flerde idealdir. P\u00fcsk\u00fcrtme modu ise geni\u015f alan\u0131 kapsayan dinamik bir ak\u0131\u015f sunarak lavabonun temizlenmesini ve suyun her noktaya kolayca eri\u015fmesini sa\u011flar.\u00dcr\u00fcndeki filtre sistemi suyu daha temiz bir ak\u0131\u015fa d\u00f6n\u00fc\u015ft\u00fcrmeye yard\u0131mc\u0131 olur. \u00c7ok katmanl\u0131 filtre yap\u0131s\u0131, su i\u00e7indeki k\u00fc\u00e7\u00fck partik\u00fclleri tutarak daha p\u00fcr\u00fczs\u00fcz bir ak\u0131\u015f sa\u011flamay\u0131 destekler. Damlama kar\u015f\u0131t\u0131 conta yap\u0131s\u0131 ise kullan\u0131m s\u0131ras\u0131nda suyun bo\u015fa akmas\u0131n\u0131 ve s\u0131\u00e7ramas\u0131n\u0131 engeller.Montaj\u0131 pratik olan bu musluk ucu, 20\/22\/24 mm d\u0131\u015f di\u015fli musluklara kolayl\u0131kla tak\u0131labilir. Paket i\u00e7erisinde g\u00f6nderilen alyan anahtar\u0131 ve contalar, kurulumu daha sa\u011flam hale getirir. Kullan\u0131c\u0131 dostu tasar\u0131m\u0131, herkesin dakikalar i\u00e7inde musluk ba\u015fl\u0131\u011f\u0131n\u0131 de\u011fi\u015ftirmesine olanak tan\u0131r.Ayarlanabilir yap\u0131s\u0131 sayesinde musluk ba\u015fl\u0131\u011f\u0131n\u0131 istedi\u011finiz a\u00e7\u0131ya getirerek su ak\u0131\u015f\u0131n\u0131 kontrol edebilir, lavabonun her k\u00f6\u015fesini kolayca y\u0131kayabilirsiniz. Bu \u00f6zellik, \u00f6zellikle mutfakta bula\u015f\u0131k \u00f6n y\u0131kama veya evye kenarlar\u0131n\u0131 temizleme i\u015flemlerinde b\u00fcy\u00fck avantaj sa\u011flar.Su tasarrufu sunan ak\u0131\u015f yap\u0131s\u0131 sayesinde hem ekonomik hem \u00e7evreci bir kullan\u0131m elde edilir. Modern ya\u015fam alanlar\u0131nda fonksiyonellik arayanlar i\u00e7in etkili bir \u00e7\u00f6z\u00fcm sunan bu musluk ba\u015fl\u0131\u011f\u0131, konforlu kullan\u0131m deneyimiyle \u00f6ne \u00e7\u0131kar.<\/p>\n","protected":false},"excerpt":{"rendered":"<p>1080\u00b0 d\u00f6nebilen filtreli musluk ba\u015fl\u0131\u011f\u0131, g\u00fcnl\u00fck su kullan\u0131m\u0131n\u0131 \u00e7ok daha kolay, kontroll\u00fc ve konforlu hale getirmek i\u00e7in tasarlanm\u0131\u015f yenilik\u00e7i bir \u00fcr\u00fcnd\u00fcr. Geleneksel musluklar\u0131n aksine tam hareket kabiliyeti sunan yap\u0131s\u0131 sayesinde su ak\u0131\u015f\u0131n\u0131 istedi\u011finiz y\u00f6ne y\u00f6nlendirebilir, lavabonun her noktas\u0131na kolayca ula\u015fabilirsiniz. \u00d6zellikle y\u00fcz y\u0131karken, gargara yaparken veya lavaboyu temizlerken b\u00fcy\u00fck kolayl\u0131k sa\u011flar.\u0130ki farkl\u0131 su ak\u0131\u015f modu&#8230;<\/p>\n","protected":false},"featured_media":122539,"comment_status":"open","ping_status":"closed","template":"","meta":{"_kad_post_transparent":"","_kad_post_title":"","_kad_post_layout":"","_kad_post_sidebar_id":"","_kad_post_content_style":"","_kad_post_vertical_padding":"","_kad_post_feature":"","_kad_post_feature_position":"","_kad_post_header":false,"_kad_post_footer":false,"_kad_post_classname":""},"product_brand":[],"product_cat":[14931],"product_tag":[],"class_list":{"0":"post-122540","1":"product","2":"type-product","3":"status-publish","4":"has-post-thumbnail","6":"product_cat-musluk-basligi-musluk-basligi","8":"first","9":"instock","10":"purchasable","11":"product-type-simple","12":"entry","13":"content-bg","14":"loop-entry"},"_links":{"self":[{"href":"https:\/\/www.hediyepazar.com\/index.php?rest_route=\/wp\/v2\/product\/122540","targetHints":{"allow":["GET"]}}],"collection":[{"href":"https:\/\/www.hediyepazar.com\/index.php?rest_route=\/wp\/v2\/product"}],"about":[{"href":"https:\/\/www.hediyepazar.com\/index.php?rest_route=\/wp\/v2\/types\/product"}],"replies":[{"embeddable":true,"href":"https:\/\/www.hediyepazar.com\/index.php?rest_route=%2Fwp%2Fv2%2Fcomments&post=122540"}],"wp:featuredmedia":[{"embeddable":true,"href":"https:\/\/www.hediyepazar.com\/index.php?rest_route=\/wp\/v2\/media\/122539"}],"wp:attachment":[{"href":"https:\/\/www.hediyepazar.com\/index.php?rest_route=%2Fwp%2Fv2%2Fmedia&parent=122540"}],"wp:term":[{"taxonomy":"product_brand","embeddable":true,"href":"https:\/\/www.hediyepazar.com\/index.php?rest_route=%2Fwp%2Fv2%2Fproduct_brand&post=122540"},{"taxonomy":"product_cat","embeddable":true,"href":"https:\/\/www.hediyepazar.com\/index.php?rest_route=%2Fwp%2Fv2%2Fproduct_cat&post=122540"},{"taxonomy":"product_tag","embeddable":true,"href":"https:\/\/www.hediyepazar.com\/index.php?rest_route=%2Fwp%2Fv2%2Fproduct_tag&post=122540"}],"curies":[{"name":"wp","href":"https:\/\/api.w.org\/{rel}","templated":true}]}}