{"id":122542,"date":"2026-05-06T10:02:02","date_gmt":"2026-05-06T13:02:02","guid":{"rendered":"https:\/\/www.hediyepazar.com\/?product=donen-musluk-basligi-1080-derece-ayarlanabilir-filtreli-sprey-uc"},"modified":"2026-05-06T10:02:02","modified_gmt":"2026-05-06T13:02:02","slug":"donen-musluk-basligi-1080-derece-ayarlanabilir-filtreli-sprey-uc","status":"publish","type":"product","link":"https:\/\/www.hediyepazar.com\/?product=donen-musluk-basligi-1080-derece-ayarlanabilir-filtreli-sprey-uc","title":{"rendered":"D\u00f6nen Musluk Ba\u015fl\u0131\u011f\u0131 1080 Derece Ayarlanabilir Filtreli Sprey U\u00e7"},"content":{"rendered":"<p>1080\u00b0 d\u00f6nebilen musluk ba\u015fl\u0131\u011f\u0131, lavabonuzda \u00e7ok y\u00f6nl\u00fc kullan\u0131m avantaj\u0131 sa\u011flayan fonksiyonel bir tasar\u0131ma sahiptir. Standart musluklara g\u00f6re \u00e7ok daha geni\u015f hareket kabiliyeti sunan bu \u00fcr\u00fcn, suyu tam istedi\u011finiz noktaya y\u00f6nlendirerek g\u00fcnl\u00fck temizlik i\u015flerini ve ki\u015fisel bak\u0131m rutininizi kolayla\u015ft\u0131r\u0131r.Tam 1080 derece d\u00f6nebilmesi, musluk ba\u015fl\u0131\u011f\u0131n\u0131 hem yukar\u0131 hem a\u015fa\u011f\u0131, hem sa\u011f hem sol tarafa y\u00f6nlendirebilmenize imkan tan\u0131r. B\u00f6ylece y\u00fcz\u00fcn\u00fcz\u00fc, sa\u00e7lar\u0131n\u0131z\u0131, ellerinizi y\u0131karken veya gargara yaparken suyu daha kontroll\u00fc bir \u015fekilde kullanabilirsiniz. \u00d6zellikle sabit musluklardan kaynaklanan su s\u0131\u00e7ramas\u0131 problemi bu \u00fcr\u00fcnle b\u00fcy\u00fck \u00f6l\u00e7\u00fcde ortadan kalkar.Musluk ba\u015fl\u0131\u011f\u0131, iki farkl\u0131 su ak\u0131\u015f modu sunar: p\u00fcsk\u00fcrtme modu ve k\u00f6p\u00fck ak\u0131\u015f modu. K\u00f6p\u00fck ak\u0131\u015f modu, daha yumu\u015fak bir su deneyimi sunarak hassas kullan\u0131m gerektiren y\u00fcz y\u0131kama ve ki\u015fisel temizlik i\u015flerinde ideal bir \u00e7\u00f6z\u00fcmd\u00fcr. P\u00fcsk\u00fcrtme modu ise geni\u015f a\u00e7\u0131l\u0131 g\u00fc\u00e7l\u00fc bir ak\u0131\u015f sa\u011flayarak lavabonun her noktas\u0131na eri\u015fir ve temizlik i\u015flemlerini \u00e7ok daha h\u0131zl\u0131 hale getirir.\u00dcr\u00fcndeki d\u00f6rt katmanl\u0131 filtre sistemi suyun i\u00e7erisindeki tortu ve kirleri tutmaya yard\u0131mc\u0131 olur. Ayn\u0131 zamanda suyun daha d\u00fczenli akmas\u0131n\u0131 sa\u011flar. S\u0131zd\u0131rmazl\u0131k sa\u011flayan \u00e7ift conta yap\u0131s\u0131, musluk ba\u015fl\u0131\u011f\u0131n\u0131n g\u00fcvenli ve damlamadan kullan\u0131m\u0131n\u0131 destekler.Montaj s\u00fcreci olduk\u00e7a basit olup ekstra bir uzmana ihtiya\u00e7 duyulmaz. 20\u201324 mm aras\u0131 d\u0131\u015f di\u015fli musluklara do\u011frudan tak\u0131labilen yap\u0131s\u0131 ile \u00e7o\u011fu ev muslu\u011funa uyum sa\u011flar. Paket i\u00e7erisinde yer alan alyan anahtar\u0131 ve contalar, kurulumu daha sa\u011flam ve pratik hale getirir.1080\u00b0 hareket \u00f6zelli\u011fi sayesinde lavaboda suyun y\u00f6n\u00fcn\u00fc ayarlamak \u00e7ok kolayd\u0131r. Bu \u00f6zellik, hem temizlik i\u015flerinde zaman kazand\u0131r\u0131r hem de suyun gereksiz yere da\u011f\u0131lmas\u0131n\u0131 engelleyerek su tasarrufu sa\u011flar.Mutfa\u011f\u0131n\u0131zda, banyonuzda veya lavabo alan\u0131nda pratiklik ve konfor ar\u0131yorsan\u0131z, bu d\u00f6ner musluk ba\u015fl\u0131\u011f\u0131 ya\u015fam kalitenizi y\u00fckseltecek fonksiyonel bir \u00e7\u00f6z\u00fcmd\u00fcr.<\/p>\n","protected":false},"excerpt":{"rendered":"<p>1080\u00b0 d\u00f6nebilen musluk ba\u015fl\u0131\u011f\u0131, lavabonuzda \u00e7ok y\u00f6nl\u00fc kullan\u0131m avantaj\u0131 sa\u011flayan fonksiyonel bir tasar\u0131ma sahiptir. Standart musluklara g\u00f6re \u00e7ok daha geni\u015f hareket kabiliyeti sunan bu \u00fcr\u00fcn, suyu tam istedi\u011finiz noktaya y\u00f6nlendirerek g\u00fcnl\u00fck temizlik i\u015flerini ve ki\u015fisel bak\u0131m rutininizi kolayla\u015ft\u0131r\u0131r.Tam 1080 derece d\u00f6nebilmesi, musluk ba\u015fl\u0131\u011f\u0131n\u0131 hem yukar\u0131 hem a\u015fa\u011f\u0131, hem sa\u011f hem sol tarafa y\u00f6nlendirebilmenize imkan tan\u0131r&#8230;.<\/p>\n","protected":false},"featured_media":122541,"comment_status":"open","ping_status":"closed","template":"","meta":{"_kad_post_transparent":"","_kad_post_title":"","_kad_post_layout":"","_kad_post_sidebar_id":"","_kad_post_content_style":"","_kad_post_vertical_padding":"","_kad_post_feature":"","_kad_post_feature_position":"","_kad_post_header":false,"_kad_post_footer":false,"_kad_post_classname":""},"product_brand":[],"product_cat":[14931],"product_tag":[],"class_list":{"0":"post-122542","1":"product","2":"type-product","3":"status-publish","4":"has-post-thumbnail","6":"product_cat-musluk-basligi-musluk-basligi","8":"first","9":"instock","10":"purchasable","11":"product-type-simple","12":"entry","13":"content-bg","14":"loop-entry"},"_links":{"self":[{"href":"https:\/\/www.hediyepazar.com\/index.php?rest_route=\/wp\/v2\/product\/122542","targetHints":{"allow":["GET"]}}],"collection":[{"href":"https:\/\/www.hediyepazar.com\/index.php?rest_route=\/wp\/v2\/product"}],"about":[{"href":"https:\/\/www.hediyepazar.com\/index.php?rest_route=\/wp\/v2\/types\/product"}],"replies":[{"embeddable":true,"href":"https:\/\/www.hediyepazar.com\/index.php?rest_route=%2Fwp%2Fv2%2Fcomments&post=122542"}],"wp:featuredmedia":[{"embeddable":true,"href":"https:\/\/www.hediyepazar.com\/index.php?rest_route=\/wp\/v2\/media\/122541"}],"wp:attachment":[{"href":"https:\/\/www.hediyepazar.com\/index.php?rest_route=%2Fwp%2Fv2%2Fmedia&parent=122542"}],"wp:term":[{"taxonomy":"product_brand","embeddable":true,"href":"https:\/\/www.hediyepazar.com\/index.php?rest_route=%2Fwp%2Fv2%2Fproduct_brand&post=122542"},{"taxonomy":"product_cat","embeddable":true,"href":"https:\/\/www.hediyepazar.com\/index.php?rest_route=%2Fwp%2Fv2%2Fproduct_cat&post=122542"},{"taxonomy":"product_tag","embeddable":true,"href":"https:\/\/www.hediyepazar.com\/index.php?rest_route=%2Fwp%2Fv2%2Fproduct_tag&post=122542"}],"curies":[{"name":"wp","href":"https:\/\/api.w.org\/{rel}","templated":true}]}}