{"id":122544,"date":"2026-05-06T10:02:11","date_gmt":"2026-05-06T13:02:11","guid":{"rendered":"https:\/\/www.hediyepazar.com\/?product=1080-donebilen-puskurtme-filtreli-musluk-basligi-su-tasarruflu"},"modified":"2026-05-06T10:02:11","modified_gmt":"2026-05-06T13:02:11","slug":"1080-donebilen-puskurtme-filtreli-musluk-basligi-su-tasarruflu","status":"publish","type":"product","link":"https:\/\/www.hediyepazar.com\/?product=1080-donebilen-puskurtme-filtreli-musluk-basligi-su-tasarruflu","title":{"rendered":"1080\u00b0 D\u00f6nebilen P\u00fcsk\u00fcrtme Filtreli Musluk Ba\u015fl\u0131\u011f\u0131 Su Tasarruflu"},"content":{"rendered":"<p>1080\u00b0 d\u00f6nebilen p\u00fcsk\u00fcrtme filtreli musluk ba\u015fl\u0131\u011f\u0131, lavabonuzdaki su kullan\u0131m\u0131n\u0131 \u00e7ok daha pratik ve konforlu hale getiren yenilik\u00e7i bir \u00fcr\u00fcnd\u00fcr. Tam 1080 derecelik d\u00f6nebilme \u00f6zelli\u011fi sayesinde muslu\u011fu istedi\u011finiz y\u00f6ne \u00e7evirebilir, y\u00fcksek manevra kabiliyetiyle y\u00fcz y\u0131karken, gargara yaparken veya lavaboyu temizlerken \u00e7ok daha rahat bir kullan\u0131m elde edebilirsiniz. Geleneksel sabit musluklar\u0131n aksine bu ba\u015fl\u0131k, suyu tam istedi\u011finiz noktaya y\u00f6nlendirebilmenize olanak tan\u0131r.\u00dcr\u00fcn, iki farkl\u0131 ak\u0131\u015f moduna sahiptir: k\u00f6p\u00fck ak\u0131\u015f ve p\u00fcsk\u00fcrtme modu. K\u00f6p\u00fck ak\u0131\u015f modu, suyu daha yumu\u015fak ve kontroll\u00fc bir \u015fekilde ileterek y\u00fcz y\u0131kama, el temizli\u011fi gibi g\u00fcnl\u00fck i\u015flemlerde konfor sunar. P\u00fcsk\u00fcrtme modu ise geni\u015f alan\u0131 kaplayan g\u00fc\u00e7l\u00fc bir ak\u0131\u015f sa\u011flayarak lavabonun her k\u00f6\u015fesine ula\u015f\u0131r, temizlik i\u015flerini olduk\u00e7a kolayla\u015ft\u0131r\u0131r.Dahili filtre sistemi sayesinde su i\u00e7erisindeki kirleri tutmaya yard\u0131mc\u0131 olur. D\u00f6rt katmanl\u0131 filtre sistemi, su ak\u0131\u015f\u0131n\u0131 daha temiz hale getirirken ayn\u0131 zamanda damlama sorununun \u00f6n\u00fcne ge\u00e7meye destek olur. \u00dcr\u00fcn tasar\u0131m\u0131nda kullan\u0131lan \u00e7ift conta sistemi, ak\u0131\u015f s\u0131ras\u0131nda s\u0131z\u0131nt\u0131 olu\u015fmas\u0131n\u0131 engellemeye yard\u0131mc\u0131 olur.Kurulumu olduk\u00e7a pratiktir. \u00c7o\u011fu standart muslukla uyumlu olan tasar\u0131m\u0131 sayesinde, 20\/22\/24 mm \u00f6l\u00e7\u00fclerindeki d\u0131\u015f di\u015fli musluklara do\u011frudan tak\u0131labilir. \u00dcr\u00fcnle birlikte gelen alyan anahtar\u0131 ve conta halkalar\u0131, kolay ve h\u0131zl\u0131 bir montaj i\u00e7in gerekli deste\u011fi sa\u011flar. Kullan\u0131c\u0131lar hi\u00e7bir profesyonel yard\u0131m almadan musluk ba\u015fl\u0131\u011f\u0131n\u0131 dakikalar i\u00e7inde takabilir.Ayarlanabilir yap\u0131s\u0131 sayesinde su ak\u0131\u015f\u0131n\u0131n y\u00f6n\u00fcn\u00fc kontrol etmek kolayd\u0131r. Lavabonun \u00e7ap\u0131na uygun \u015fekilde d\u00f6nd\u00fcr\u00fclerek su s\u0131\u00e7ramas\u0131 engellenir ve kullan\u0131m s\u0131ras\u0131nda temiz, d\u00fczenli bir alan elde edilir. Su tasarrufu sa\u011flayan yap\u0131s\u0131, hem konforlu kullan\u0131m hem ekonomik avantaj sunar.Banyo, mutfak veya lavabo fark etmeksizin t\u00fcm ya\u015fam alanlar\u0131nda b\u00fcy\u00fck bir pratiklik sa\u011flayan bu musluk ba\u015fl\u0131\u011f\u0131, modern kullan\u0131m al\u0131\u015fkanl\u0131klar\u0131na uyum sa\u011flayan fonksiyonel bir \u00fcr\u00fcnd\u00fcr.<\/p>\n","protected":false},"excerpt":{"rendered":"<p>1080\u00b0 d\u00f6nebilen p\u00fcsk\u00fcrtme filtreli musluk ba\u015fl\u0131\u011f\u0131, lavabonuzdaki su kullan\u0131m\u0131n\u0131 \u00e7ok daha pratik ve konforlu hale getiren yenilik\u00e7i bir \u00fcr\u00fcnd\u00fcr. Tam 1080 derecelik d\u00f6nebilme \u00f6zelli\u011fi sayesinde muslu\u011fu istedi\u011finiz y\u00f6ne \u00e7evirebilir, y\u00fcksek manevra kabiliyetiyle y\u00fcz y\u0131karken, gargara yaparken veya lavaboyu temizlerken \u00e7ok daha rahat bir kullan\u0131m elde edebilirsiniz. Geleneksel sabit musluklar\u0131n aksine bu ba\u015fl\u0131k, suyu tam istedi\u011finiz&#8230;<\/p>\n","protected":false},"featured_media":122543,"comment_status":"open","ping_status":"closed","template":"","meta":{"_kad_post_transparent":"","_kad_post_title":"","_kad_post_layout":"","_kad_post_sidebar_id":"","_kad_post_content_style":"","_kad_post_vertical_padding":"","_kad_post_feature":"","_kad_post_feature_position":"","_kad_post_header":false,"_kad_post_footer":false,"_kad_post_classname":""},"product_brand":[],"product_cat":[14931],"product_tag":[],"class_list":{"0":"post-122544","1":"product","2":"type-product","3":"status-publish","4":"has-post-thumbnail","6":"product_cat-musluk-basligi-musluk-basligi","8":"first","9":"instock","10":"purchasable","11":"product-type-simple","12":"entry","13":"content-bg","14":"loop-entry"},"_links":{"self":[{"href":"https:\/\/www.hediyepazar.com\/index.php?rest_route=\/wp\/v2\/product\/122544","targetHints":{"allow":["GET"]}}],"collection":[{"href":"https:\/\/www.hediyepazar.com\/index.php?rest_route=\/wp\/v2\/product"}],"about":[{"href":"https:\/\/www.hediyepazar.com\/index.php?rest_route=\/wp\/v2\/types\/product"}],"replies":[{"embeddable":true,"href":"https:\/\/www.hediyepazar.com\/index.php?rest_route=%2Fwp%2Fv2%2Fcomments&post=122544"}],"wp:featuredmedia":[{"embeddable":true,"href":"https:\/\/www.hediyepazar.com\/index.php?rest_route=\/wp\/v2\/media\/122543"}],"wp:attachment":[{"href":"https:\/\/www.hediyepazar.com\/index.php?rest_route=%2Fwp%2Fv2%2Fmedia&parent=122544"}],"wp:term":[{"taxonomy":"product_brand","embeddable":true,"href":"https:\/\/www.hediyepazar.com\/index.php?rest_route=%2Fwp%2Fv2%2Fproduct_brand&post=122544"},{"taxonomy":"product_cat","embeddable":true,"href":"https:\/\/www.hediyepazar.com\/index.php?rest_route=%2Fwp%2Fv2%2Fproduct_cat&post=122544"},{"taxonomy":"product_tag","embeddable":true,"href":"https:\/\/www.hediyepazar.com\/index.php?rest_route=%2Fwp%2Fv2%2Fproduct_tag&post=122544"}],"curies":[{"name":"wp","href":"https:\/\/api.w.org\/{rel}","templated":true}]}}