{"id":122588,"date":"2026-05-06T10:09:14","date_gmt":"2026-05-06T13:09:14","guid":{"rendered":"https:\/\/www.hediyepazar.com\/?product=cok-fonksiyonlu-4-baslikli-sarjli-masaj-aleti-kas-agrisi-rahatlatici"},"modified":"2026-05-06T10:09:14","modified_gmt":"2026-05-06T13:09:14","slug":"cok-fonksiyonlu-4-baslikli-sarjli-masaj-aleti-kas-agrisi-rahatlatici","status":"publish","type":"product","link":"https:\/\/www.hediyepazar.com\/?product=cok-fonksiyonlu-4-baslikli-sarjli-masaj-aleti-kas-agrisi-rahatlatici","title":{"rendered":"\u00c7ok Fonksiyonlu 4 Ba\u015fl\u0131kl\u0131 \u015earjl\u0131 Masaj Aleti Kas A\u011fr\u0131s\u0131 Rahatlat\u0131c\u0131"},"content":{"rendered":"<p>Bu titre\u015fimli masaj tabancas\u0131, kompakt ve ta\u015f\u0131nabilir yap\u0131s\u0131yla g\u00fcnl\u00fck ya\u015famda h\u0131zl\u0131 ve etkili bir masaj deneyimi sunmak i\u00e7in tasarlanm\u0131\u015ft\u0131r. \u00d6zellikle bel, s\u0131rt, boyun ve bacak gibi b\u00f6lgelerde olu\u015fan gerginli\u011fi azaltmada olduk\u00e7a etkilidir. G\u00fc\u00e7l\u00fc titre\u015fim motoru, kaslara derinlemesine ula\u015farak rahatlama sa\u011flar ve spor sonras\u0131 toparlanma s\u00fcrecine katk\u0131da bulunur.\u00dcr\u00fcn d\u00f6rt masaj ba\u015fl\u0131\u011f\u0131 i\u00e7erir. Ba\u015fl\u0131klar, v\u00fccuttaki farkl\u0131 kas gruplar\u0131na \u00f6zel olarak geli\u015ftirilmi\u015ftir. Geni\u015f y\u00fczeyli ba\u015fl\u0131k, b\u00fcy\u00fck kas gruplar\u0131nda etkili kullan\u0131l\u0131rken daha k\u00fc\u00e7\u00fck ba\u015fl\u0131klar hassas noktalarda ideal performans sunar.Cihaz\u0131n \u015farjl\u0131 yap\u0131s\u0131 sayesinde masaj s\u0131ras\u0131nda kablo k\u0131s\u0131tlamas\u0131 ya\u015famazs\u0131n\u0131z. Ta\u015f\u0131nabilir bir \u00fcr\u00fcn oldu\u011fu i\u00e7in evde, sporda veya seyahatte \u00e7antan\u0131za at\u0131p her an yan\u0131n\u0131zda ta\u015f\u0131yabilirsiniz. Ergonomik tasar\u0131m\u0131, cihaz\u0131 elinizde dengeli ve rahat bir \u015fekilde kullanman\u0131z\u0131 sa\u011flar.Masaj tabancas\u0131ndaki \u00e7oklu h\u0131z ayar\u0131, farkl\u0131 ihtiya\u00e7lara g\u00f6re masaj yo\u011funlu\u011funu ayarlanabilir hale getirir. Hafif bir kas rahatlamas\u0131 ya da daha derin bir masaj uygulamak m\u00fcmk\u00fcn olur.Kas yorgunlu\u011funu azaltmak, stresi hafifletmek ve g\u00fcn i\u00e7inde daha enerjik hissetmek isteyen kullan\u0131c\u0131lar i\u00e7in ideal bir tercihtir. \u00d6zellikle sporcular i\u00e7in antrenman sonras\u0131 kaslar\u0131n toparlanmas\u0131na destek sa\u011flayan etkili bir cihazd\u0131r.\u015earj edilebilir bataryas\u0131 uzun kullan\u0131m s\u00fcresi sunar ve kullan\u0131c\u0131ya kesintisiz bir masaj deneyimi sa\u011flar. Sade ve modern tasar\u0131m detaylar\u0131 ile hem fonksiyonel hem estetik bir kullan\u0131m sunar.Bu masaj tabancas\u0131, g\u00fcnl\u00fck ya\u015famda kolayl\u0131kla kullan\u0131labilecek pratik bir masaj \u00e7\u00f6z\u00fcm\u00fc arayan herkes i\u00e7in m\u00fckemmel bir \u00fcr\u00fcnd\u00fcr.<\/p>\n","protected":false},"excerpt":{"rendered":"<p>Bu titre\u015fimli masaj tabancas\u0131, kompakt ve ta\u015f\u0131nabilir yap\u0131s\u0131yla g\u00fcnl\u00fck ya\u015famda h\u0131zl\u0131 ve etkili bir masaj deneyimi sunmak i\u00e7in tasarlanm\u0131\u015ft\u0131r. \u00d6zellikle bel, s\u0131rt, boyun ve bacak gibi b\u00f6lgelerde olu\u015fan gerginli\u011fi azaltmada olduk\u00e7a etkilidir. G\u00fc\u00e7l\u00fc titre\u015fim motoru, kaslara derinlemesine ula\u015farak rahatlama sa\u011flar ve spor sonras\u0131 toparlanma s\u00fcrecine katk\u0131da bulunur.\u00dcr\u00fcn d\u00f6rt masaj ba\u015fl\u0131\u011f\u0131 i\u00e7erir. Ba\u015fl\u0131klar, v\u00fccuttaki farkl\u0131 kas&#8230;<\/p>\n","protected":false},"featured_media":122587,"comment_status":"open","ping_status":"closed","template":"","meta":{"_kad_post_transparent":"","_kad_post_title":"","_kad_post_layout":"","_kad_post_sidebar_id":"","_kad_post_content_style":"","_kad_post_vertical_padding":"","_kad_post_feature":"","_kad_post_feature_position":"","_kad_post_header":false,"_kad_post_footer":false,"_kad_post_classname":""},"product_brand":[],"product_cat":[14939],"product_tag":[],"class_list":{"0":"post-122588","1":"product","2":"type-product","3":"status-publish","4":"has-post-thumbnail","6":"product_cat-masaj-cihazi-masaj-cihazi","8":"first","9":"instock","10":"purchasable","11":"product-type-simple","12":"entry","13":"content-bg","14":"loop-entry"},"_links":{"self":[{"href":"https:\/\/www.hediyepazar.com\/index.php?rest_route=\/wp\/v2\/product\/122588","targetHints":{"allow":["GET"]}}],"collection":[{"href":"https:\/\/www.hediyepazar.com\/index.php?rest_route=\/wp\/v2\/product"}],"about":[{"href":"https:\/\/www.hediyepazar.com\/index.php?rest_route=\/wp\/v2\/types\/product"}],"replies":[{"embeddable":true,"href":"https:\/\/www.hediyepazar.com\/index.php?rest_route=%2Fwp%2Fv2%2Fcomments&post=122588"}],"wp:featuredmedia":[{"embeddable":true,"href":"https:\/\/www.hediyepazar.com\/index.php?rest_route=\/wp\/v2\/media\/122587"}],"wp:attachment":[{"href":"https:\/\/www.hediyepazar.com\/index.php?rest_route=%2Fwp%2Fv2%2Fmedia&parent=122588"}],"wp:term":[{"taxonomy":"product_brand","embeddable":true,"href":"https:\/\/www.hediyepazar.com\/index.php?rest_route=%2Fwp%2Fv2%2Fproduct_brand&post=122588"},{"taxonomy":"product_cat","embeddable":true,"href":"https:\/\/www.hediyepazar.com\/index.php?rest_route=%2Fwp%2Fv2%2Fproduct_cat&post=122588"},{"taxonomy":"product_tag","embeddable":true,"href":"https:\/\/www.hediyepazar.com\/index.php?rest_route=%2Fwp%2Fv2%2Fproduct_tag&post=122588"}],"curies":[{"name":"wp","href":"https:\/\/api.w.org\/{rel}","templated":true}]}}