{"id":122602,"date":"2026-05-06T10:12:07","date_gmt":"2026-05-06T13:12:07","guid":{"rendered":"https:\/\/www.hediyepazar.com\/?product=3in1-fonksiyonel-sarjli-masaj-aleti-ayak-yuz-vucut-masaji"},"modified":"2026-05-06T10:12:07","modified_gmt":"2026-05-06T13:12:07","slug":"3in1-fonksiyonel-sarjli-masaj-aleti-ayak-yuz-vucut-masaji","status":"publish","type":"product","link":"https:\/\/www.hediyepazar.com\/?product=3in1-fonksiyonel-sarjli-masaj-aleti-ayak-yuz-vucut-masaji","title":{"rendered":"3in1 Fonksiyonel \u015earjl\u0131 Masaj Aleti Ayak Y\u00fcz V\u00fccut Masaj\u0131"},"content":{"rendered":"<p>Ta\u015f\u0131nabilir \u015earjl\u0131 3in1 Titre\u015fimli Masaj Aleti, g\u00fcn\u00fcn her an\u0131nda kendi ki\u015fisel rahatlama alan\u0131n\u0131z\u0131 olu\u015fturabilece\u011finiz pratik bir masaj \u00e7\u00f6z\u00fcm\u00fcd\u00fcr. K\u00fc\u00e7\u00fck ve hafif tasar\u0131m\u0131, \u00fcr\u00fcn\u00fc \u00e7antada ta\u015f\u0131may\u0131 ve her yerde kullanmay\u0131 son derece kolay hale getirir. B\u00f6ylece d\u0131\u015far\u0131da, ofiste, arabada ya da evde, ihtiyac\u0131n\u0131z olan anda masaj keyfini ya\u015fayabilirsiniz.\u00dc\u00e7 fonksiyonlu yap\u0131s\u0131 sayesinde y\u00fcz, ayak ve v\u00fccut masaj\u0131na ayn\u0131 cihazla ula\u015fabilmek m\u00fcmk\u00fcnd\u00fcr. \u00dcr\u00fcn, titre\u015fim teknolojisiyle \u00e7al\u0131\u015farak kaslar\u0131n gev\u015femesine katk\u0131da bulunur. Yorgunluk hissini azalt\u0131r, kan dola\u015f\u0131m\u0131n\u0131 destekler ve daha zinde hissetmenize yard\u0131mc\u0131 olur.\u00dcr\u00fcnle birlikte gelen esneme band\u0131, masaj\u0131 destekleyici ve etkisini art\u0131r\u0131c\u0131 bir aksesuar olarak tasarlanm\u0131\u015ft\u0131r. \u00d6zellikle s\u0131rt, omuz ve bacak b\u00f6lgelerinde band\u0131 kullanmak, masaj\u0131n derinli\u011fini art\u0131r\u0131r ve kaslar\u0131n daha rahat a\u00e7\u0131lmas\u0131n\u0131 sa\u011flar. Bu y\u00f6n\u00fcyle cihaz sadece bir masaj aleti de\u011fil, ayn\u0131 zamanda hareket a\u00e7ma ve esneme rutinini destekleyen \u00e7ok y\u00f6nl\u00fc bir yard\u0131mc\u0131d\u0131r.\u00dcretim kalitesiyle \u00f6ne \u00e7\u0131kan \u00c7in men\u015feli bu model, hem dayan\u0131kl\u0131 hem de uzun \u00f6m\u00fcrl\u00fc bir kullan\u0131m sunar. G\u00fcnl\u00fck kullan\u0131m i\u00e7in ideal oldu\u011fu gibi spor sonras\u0131 rahatlama, g\u00fcn boyu masa ba\u015f\u0131nda \u00e7al\u0131\u015fanlar\u0131n boyun-s\u0131rt b\u00f6lgesindeki gerilimi azaltmak gibi pek \u00e7ok alanda da etkilidir.Titre\u015fim deste\u011fi, pratik kullan\u0131m ve portatif tasar\u0131m birle\u015fti\u011finde, \u00fcr\u00fcn hem ki\u015fisel bak\u0131m hem de sa\u011fl\u0131kl\u0131 ya\u015fam rutini i\u00e7in olduk\u00e7a i\u015flevsel bir model haline gelir.G\u00fcnl\u00fck ya\u015fam\u0131n stresinden uzakla\u015fmak ve her an rahatlama hissi sa\u011flamak isteyen herkes i\u00e7in ideal bir yard\u0131mc\u0131d\u0131r.<\/p>\n","protected":false},"excerpt":{"rendered":"<p>Ta\u015f\u0131nabilir \u015earjl\u0131 3in1 Titre\u015fimli Masaj Aleti, g\u00fcn\u00fcn her an\u0131nda kendi ki\u015fisel rahatlama alan\u0131n\u0131z\u0131 olu\u015fturabilece\u011finiz pratik bir masaj \u00e7\u00f6z\u00fcm\u00fcd\u00fcr. K\u00fc\u00e7\u00fck ve hafif tasar\u0131m\u0131, \u00fcr\u00fcn\u00fc \u00e7antada ta\u015f\u0131may\u0131 ve her yerde kullanmay\u0131 son derece kolay hale getirir. B\u00f6ylece d\u0131\u015far\u0131da, ofiste, arabada ya da evde, ihtiyac\u0131n\u0131z olan anda masaj keyfini ya\u015fayabilirsiniz.\u00dc\u00e7 fonksiyonlu yap\u0131s\u0131 sayesinde y\u00fcz, ayak ve v\u00fccut masaj\u0131na&#8230;<\/p>\n","protected":false},"featured_media":122601,"comment_status":"open","ping_status":"closed","template":"","meta":{"_kad_post_transparent":"","_kad_post_title":"","_kad_post_layout":"","_kad_post_sidebar_id":"","_kad_post_content_style":"","_kad_post_vertical_padding":"","_kad_post_feature":"","_kad_post_feature_position":"","_kad_post_header":false,"_kad_post_footer":false,"_kad_post_classname":""},"product_brand":[],"product_cat":[14939],"product_tag":[],"class_list":{"0":"post-122602","1":"product","2":"type-product","3":"status-publish","4":"has-post-thumbnail","6":"product_cat-masaj-cihazi-masaj-cihazi","8":"first","9":"instock","10":"purchasable","11":"product-type-simple","12":"entry","13":"content-bg","14":"loop-entry"},"_links":{"self":[{"href":"https:\/\/www.hediyepazar.com\/index.php?rest_route=\/wp\/v2\/product\/122602","targetHints":{"allow":["GET"]}}],"collection":[{"href":"https:\/\/www.hediyepazar.com\/index.php?rest_route=\/wp\/v2\/product"}],"about":[{"href":"https:\/\/www.hediyepazar.com\/index.php?rest_route=\/wp\/v2\/types\/product"}],"replies":[{"embeddable":true,"href":"https:\/\/www.hediyepazar.com\/index.php?rest_route=%2Fwp%2Fv2%2Fcomments&post=122602"}],"wp:featuredmedia":[{"embeddable":true,"href":"https:\/\/www.hediyepazar.com\/index.php?rest_route=\/wp\/v2\/media\/122601"}],"wp:attachment":[{"href":"https:\/\/www.hediyepazar.com\/index.php?rest_route=%2Fwp%2Fv2%2Fmedia&parent=122602"}],"wp:term":[{"taxonomy":"product_brand","embeddable":true,"href":"https:\/\/www.hediyepazar.com\/index.php?rest_route=%2Fwp%2Fv2%2Fproduct_brand&post=122602"},{"taxonomy":"product_cat","embeddable":true,"href":"https:\/\/www.hediyepazar.com\/index.php?rest_route=%2Fwp%2Fv2%2Fproduct_cat&post=122602"},{"taxonomy":"product_tag","embeddable":true,"href":"https:\/\/www.hediyepazar.com\/index.php?rest_route=%2Fwp%2Fv2%2Fproduct_tag&post=122602"}],"curies":[{"name":"wp","href":"https:\/\/api.w.org\/{rel}","templated":true}]}}