{"id":122626,"date":"2026-05-06T10:15:19","date_gmt":"2026-05-06T13:15:19","guid":{"rendered":"https:\/\/www.hediyepazar.com\/?product=yildiz-led-isik-5-metre-dekoratif-aydinlatma-gunisigi-kopya"},"modified":"2026-05-06T10:15:19","modified_gmt":"2026-05-06T13:15:19","slug":"yildiz-led-isik-5-metre-dekoratif-aydinlatma-gunisigi-kopya","status":"publish","type":"product","link":"https:\/\/www.hediyepazar.com\/?product=yildiz-led-isik-5-metre-dekoratif-aydinlatma-gunisigi-kopya","title":{"rendered":"Y\u0131ld\u0131z Led I\u015f\u0131k 5 Metre Dekoratif Ayd\u0131nlatma G\u00fcn\u0131\u015f\u0131\u011f\u0131 (Kopya)"},"content":{"rendered":"<p>Enerji verimlili\u011fi sa\u011flayan LED teknolojisi, d\u00fc\u015f\u00fck g\u00fc\u00e7 t\u00fcketimiyle parlak ve net bir ayd\u0131nlatma sunar. 5 watt g\u00fc\u00e7le \u00e7al\u0131\u015fan bu dekoratif \u015ferit \u0131\u015f\u0131k, hem ekonomik hem de uzun \u00f6m\u00fcrl\u00fcd\u00fcr. Kablo ve LED yap\u0131s\u0131 dayan\u0131kl\u0131 malzemeden \u00fcretilmi\u015f olup g\u00fcnl\u00fck kullan\u0131mda a\u015f\u0131nmaya kar\u015f\u0131 dayan\u0131kl\u0131d\u0131r. 5 metrelik uzunluk geni\u015f s\u00fcsleme alan\u0131 sunar ve 20 y\u0131ld\u0131z LED\u2019in her biri y\u00fcksek parlakl\u0131k verir. Dekoratif kullan\u0131m i\u00e7in ideal olmas\u0131 nedeniyle ev, ofis, ma\u011faza ve etkinlik d\u00fczenlemelerinde tercih edilir.<\/p>\n","protected":false},"excerpt":{"rendered":"<p>Enerji verimlili\u011fi sa\u011flayan LED teknolojisi, d\u00fc\u015f\u00fck g\u00fc\u00e7 t\u00fcketimiyle parlak ve net bir ayd\u0131nlatma sunar. 5 watt g\u00fc\u00e7le \u00e7al\u0131\u015fan bu dekoratif \u015ferit \u0131\u015f\u0131k, hem ekonomik hem de uzun \u00f6m\u00fcrl\u00fcd\u00fcr. Kablo ve LED yap\u0131s\u0131 dayan\u0131kl\u0131 malzemeden \u00fcretilmi\u015f olup g\u00fcnl\u00fck kullan\u0131mda a\u015f\u0131nmaya kar\u015f\u0131 dayan\u0131kl\u0131d\u0131r. 5 metrelik uzunluk geni\u015f s\u00fcsleme alan\u0131 sunar ve 20 y\u0131ld\u0131z LED\u2019in her biri y\u00fcksek&#8230;<\/p>\n","protected":false},"featured_media":122625,"comment_status":"open","ping_status":"closed","template":"","meta":{"_kad_post_transparent":"","_kad_post_title":"","_kad_post_layout":"","_kad_post_sidebar_id":"","_kad_post_content_style":"","_kad_post_vertical_padding":"","_kad_post_feature":"","_kad_post_feature_position":"","_kad_post_header":false,"_kad_post_footer":false,"_kad_post_classname":""},"product_brand":[],"product_cat":[14933],"product_tag":[],"class_list":{"0":"post-122626","1":"product","2":"type-product","3":"status-publish","4":"has-post-thumbnail","6":"product_cat-led-isik-led-isik","8":"first","9":"instock","10":"purchasable","11":"product-type-simple","12":"entry","13":"content-bg","14":"loop-entry"},"_links":{"self":[{"href":"https:\/\/www.hediyepazar.com\/index.php?rest_route=\/wp\/v2\/product\/122626","targetHints":{"allow":["GET"]}}],"collection":[{"href":"https:\/\/www.hediyepazar.com\/index.php?rest_route=\/wp\/v2\/product"}],"about":[{"href":"https:\/\/www.hediyepazar.com\/index.php?rest_route=\/wp\/v2\/types\/product"}],"replies":[{"embeddable":true,"href":"https:\/\/www.hediyepazar.com\/index.php?rest_route=%2Fwp%2Fv2%2Fcomments&post=122626"}],"wp:featuredmedia":[{"embeddable":true,"href":"https:\/\/www.hediyepazar.com\/index.php?rest_route=\/wp\/v2\/media\/122625"}],"wp:attachment":[{"href":"https:\/\/www.hediyepazar.com\/index.php?rest_route=%2Fwp%2Fv2%2Fmedia&parent=122626"}],"wp:term":[{"taxonomy":"product_brand","embeddable":true,"href":"https:\/\/www.hediyepazar.com\/index.php?rest_route=%2Fwp%2Fv2%2Fproduct_brand&post=122626"},{"taxonomy":"product_cat","embeddable":true,"href":"https:\/\/www.hediyepazar.com\/index.php?rest_route=%2Fwp%2Fv2%2Fproduct_cat&post=122626"},{"taxonomy":"product_tag","embeddable":true,"href":"https:\/\/www.hediyepazar.com\/index.php?rest_route=%2Fwp%2Fv2%2Fproduct_tag&post=122626"}],"curies":[{"name":"wp","href":"https:\/\/api.w.org\/{rel}","templated":true}]}}