{"id":122628,"date":"2026-05-06T10:16:07","date_gmt":"2026-05-06T13:16:07","guid":{"rendered":"https:\/\/www.hediyepazar.com\/?product=yildiz-figurlu-led-serit-isik-5m-ic-mekan-dekor-aydinlatma"},"modified":"2026-05-06T10:16:07","modified_gmt":"2026-05-06T13:16:07","slug":"yildiz-figurlu-led-serit-isik-5m-ic-mekan-dekor-aydinlatma","status":"publish","type":"product","link":"https:\/\/www.hediyepazar.com\/?product=yildiz-figurlu-led-serit-isik-5m-ic-mekan-dekor-aydinlatma","title":{"rendered":"Y\u0131ld\u0131z Fig\u00fcrl\u00fc Led \u015eerit I\u015f\u0131k 5m \u0130\u00e7 Mekan Dekor Ayd\u0131nlatma"},"content":{"rendered":"<p>Bu y\u0131ld\u0131z \u015fekilli LED ayd\u0131nlatma, kullan\u0131m kolayl\u0131\u011f\u0131 sa\u011flayan yap\u0131s\u0131yla herkes taraf\u0131ndan rahatl\u0131kla kurulabilir. Ask\u0131 noktalar\u0131na tak\u0131labilir veya y\u00fczeye sabitlenerek kullan\u0131labilir. \u00dcr\u00fcn\u00fcn \u015febeke elektri\u011fi ile direkt \u00e7al\u0131\u015fmas\u0131 adapt\u00f6r gerektirmedi\u011fi i\u00e7in kullan\u0131c\u0131ya pratiklik sa\u011flar. A\u00e7ma kapama i\u015flemleri olduk\u00e7a basittir ve dekoratif d\u00fczenlemelerde h\u0131zl\u0131 sonu\u00e7 verir. Yatak odas\u0131, salon, vitrin, raf, kafe k\u00f6\u015feleri, foto\u011fraf alanlar\u0131 ve \u00f6zel etkinliklerde atmosferi an\u0131nda de\u011fi\u015ftirir. Uzun \u00f6m\u00fcrl\u00fc LED\u2019ler, 30.000 saatlik kullan\u0131m ile y\u0131llarca g\u00fcvenilir performans sunar.<\/p>\n","protected":false},"excerpt":{"rendered":"<p>Bu y\u0131ld\u0131z \u015fekilli LED ayd\u0131nlatma, kullan\u0131m kolayl\u0131\u011f\u0131 sa\u011flayan yap\u0131s\u0131yla herkes taraf\u0131ndan rahatl\u0131kla kurulabilir. Ask\u0131 noktalar\u0131na tak\u0131labilir veya y\u00fczeye sabitlenerek kullan\u0131labilir. \u00dcr\u00fcn\u00fcn \u015febeke elektri\u011fi ile direkt \u00e7al\u0131\u015fmas\u0131 adapt\u00f6r gerektirmedi\u011fi i\u00e7in kullan\u0131c\u0131ya pratiklik sa\u011flar. A\u00e7ma kapama i\u015flemleri olduk\u00e7a basittir ve dekoratif d\u00fczenlemelerde h\u0131zl\u0131 sonu\u00e7 verir. Yatak odas\u0131, salon, vitrin, raf, kafe k\u00f6\u015feleri, foto\u011fraf alanlar\u0131 ve \u00f6zel etkinliklerde&#8230;<\/p>\n","protected":false},"featured_media":122627,"comment_status":"open","ping_status":"closed","template":"","meta":{"_kad_post_transparent":"","_kad_post_title":"","_kad_post_layout":"","_kad_post_sidebar_id":"","_kad_post_content_style":"","_kad_post_vertical_padding":"","_kad_post_feature":"","_kad_post_feature_position":"","_kad_post_header":false,"_kad_post_footer":false,"_kad_post_classname":""},"product_brand":[],"product_cat":[14933],"product_tag":[],"class_list":{"0":"post-122628","1":"product","2":"type-product","3":"status-publish","4":"has-post-thumbnail","6":"product_cat-led-isik-led-isik","8":"first","9":"instock","10":"purchasable","11":"product-type-simple","12":"entry","13":"content-bg","14":"loop-entry"},"_links":{"self":[{"href":"https:\/\/www.hediyepazar.com\/index.php?rest_route=\/wp\/v2\/product\/122628","targetHints":{"allow":["GET"]}}],"collection":[{"href":"https:\/\/www.hediyepazar.com\/index.php?rest_route=\/wp\/v2\/product"}],"about":[{"href":"https:\/\/www.hediyepazar.com\/index.php?rest_route=\/wp\/v2\/types\/product"}],"replies":[{"embeddable":true,"href":"https:\/\/www.hediyepazar.com\/index.php?rest_route=%2Fwp%2Fv2%2Fcomments&post=122628"}],"wp:featuredmedia":[{"embeddable":true,"href":"https:\/\/www.hediyepazar.com\/index.php?rest_route=\/wp\/v2\/media\/122627"}],"wp:attachment":[{"href":"https:\/\/www.hediyepazar.com\/index.php?rest_route=%2Fwp%2Fv2%2Fmedia&parent=122628"}],"wp:term":[{"taxonomy":"product_brand","embeddable":true,"href":"https:\/\/www.hediyepazar.com\/index.php?rest_route=%2Fwp%2Fv2%2Fproduct_brand&post=122628"},{"taxonomy":"product_cat","embeddable":true,"href":"https:\/\/www.hediyepazar.com\/index.php?rest_route=%2Fwp%2Fv2%2Fproduct_cat&post=122628"},{"taxonomy":"product_tag","embeddable":true,"href":"https:\/\/www.hediyepazar.com\/index.php?rest_route=%2Fwp%2Fv2%2Fproduct_tag&post=122628"}],"curies":[{"name":"wp","href":"https:\/\/api.w.org\/{rel}","templated":true}]}}