{"id":122658,"date":"2026-05-06T10:20:49","date_gmt":"2026-05-06T13:20:49","guid":{"rendered":"https:\/\/www.hediyepazar.com\/?product=profesyonel-cift-bataryali-akulu-vidalama-sarjli-matkap-24-parca"},"modified":"2026-05-06T10:20:49","modified_gmt":"2026-05-06T13:20:49","slug":"profesyonel-cift-bataryali-akulu-vidalama-sarjli-matkap-24-parca","status":"publish","type":"product","link":"https:\/\/www.hediyepazar.com\/?product=profesyonel-cift-bataryali-akulu-vidalama-sarjli-matkap-24-parca","title":{"rendered":"Profesyonel \u00c7ift Bataryal\u0131 Ak\u00fcl\u00fc Vidalama \u015earjl\u0131 Matkap 24 Par\u00e7a"},"content":{"rendered":"<p>Bu matkap, 2 kg a\u011f\u0131rl\u0131\u011f\u0131 ile ta\u015f\u0131nabilir ve kolay kullan\u0131m sa\u011flayan bir yap\u0131ya sahiptir. Yumu\u015fak kavrama sa\u011flayan ergonomik tasar\u0131m\u0131, uzun s\u00fcreli kullan\u0131mda el yorgunlu\u011funu azalt\u0131rken, u\u00e7 seti ile birlikte gelmesi, ek aksesuar ihtiyac\u0131n\u0131 minimuma indirir. 2 y\u0131l garanti s\u00fcresi, \u00fcr\u00fcn\u00fcn kalite ve dayan\u0131kl\u0131l\u0131\u011f\u0131 konusunda g\u00fcven verir. Hafif, pratik ve ta\u015f\u0131nabilir bir matkap arayanlar i\u00e7in ideal bir se\u00e7enek olan bu model, g\u00fcnl\u00fck tamirat ve montaj i\u015flerinde kullan\u0131c\u0131ya b\u00fcy\u00fck kolayl\u0131k sunar. E\u011fer profesyonel kullan\u0131ma y\u00f6nelik daha g\u00fc\u00e7l\u00fc bir model ar\u0131yorsan\u0131z, metal mandrenli ve darbeli \u00f6zelliklere sahip alternatif modelleri de de\u011ferlendirebilirsiniz.<\/p>\n","protected":false},"excerpt":{"rendered":"<p>Bu matkap, 2 kg a\u011f\u0131rl\u0131\u011f\u0131 ile ta\u015f\u0131nabilir ve kolay kullan\u0131m sa\u011flayan bir yap\u0131ya sahiptir. Yumu\u015fak kavrama sa\u011flayan ergonomik tasar\u0131m\u0131, uzun s\u00fcreli kullan\u0131mda el yorgunlu\u011funu azalt\u0131rken, u\u00e7 seti ile birlikte gelmesi, ek aksesuar ihtiyac\u0131n\u0131 minimuma indirir. 2 y\u0131l garanti s\u00fcresi, \u00fcr\u00fcn\u00fcn kalite ve dayan\u0131kl\u0131l\u0131\u011f\u0131 konusunda g\u00fcven verir. Hafif, pratik ve ta\u015f\u0131nabilir bir matkap arayanlar i\u00e7in ideal&#8230;<\/p>\n","protected":false},"featured_media":122657,"comment_status":"open","ping_status":"closed","template":"","meta":{"_kad_post_transparent":"","_kad_post_title":"","_kad_post_layout":"","_kad_post_sidebar_id":"","_kad_post_content_style":"","_kad_post_vertical_padding":"","_kad_post_feature":"","_kad_post_feature_position":"","_kad_post_header":false,"_kad_post_footer":false,"_kad_post_classname":""},"product_brand":[],"product_cat":[15150],"product_tag":[],"class_list":{"0":"post-122658","1":"product","2":"type-product","3":"status-publish","4":"has-post-thumbnail","6":"product_cat-matkap-matkap","8":"first","9":"instock","10":"purchasable","11":"product-type-simple","12":"entry","13":"content-bg","14":"loop-entry"},"_links":{"self":[{"href":"https:\/\/www.hediyepazar.com\/index.php?rest_route=\/wp\/v2\/product\/122658","targetHints":{"allow":["GET"]}}],"collection":[{"href":"https:\/\/www.hediyepazar.com\/index.php?rest_route=\/wp\/v2\/product"}],"about":[{"href":"https:\/\/www.hediyepazar.com\/index.php?rest_route=\/wp\/v2\/types\/product"}],"replies":[{"embeddable":true,"href":"https:\/\/www.hediyepazar.com\/index.php?rest_route=%2Fwp%2Fv2%2Fcomments&post=122658"}],"wp:featuredmedia":[{"embeddable":true,"href":"https:\/\/www.hediyepazar.com\/index.php?rest_route=\/wp\/v2\/media\/122657"}],"wp:attachment":[{"href":"https:\/\/www.hediyepazar.com\/index.php?rest_route=%2Fwp%2Fv2%2Fmedia&parent=122658"}],"wp:term":[{"taxonomy":"product_brand","embeddable":true,"href":"https:\/\/www.hediyepazar.com\/index.php?rest_route=%2Fwp%2Fv2%2Fproduct_brand&post=122658"},{"taxonomy":"product_cat","embeddable":true,"href":"https:\/\/www.hediyepazar.com\/index.php?rest_route=%2Fwp%2Fv2%2Fproduct_cat&post=122658"},{"taxonomy":"product_tag","embeddable":true,"href":"https:\/\/www.hediyepazar.com\/index.php?rest_route=%2Fwp%2Fv2%2Fproduct_tag&post=122658"}],"curies":[{"name":"wp","href":"https:\/\/api.w.org\/{rel}","templated":true}]}}