{"id":122662,"date":"2026-05-06T10:21:07","date_gmt":"2026-05-06T13:21:07","guid":{"rendered":"https:\/\/www.hediyepazar.com\/?product=matkap-seti-24-parca-cift-bataryali-darbeli-led-isikli-vidalama"},"modified":"2026-05-06T10:21:07","modified_gmt":"2026-05-06T13:21:07","slug":"matkap-seti-24-parca-cift-bataryali-darbeli-led-isikli-vidalama","status":"publish","type":"product","link":"https:\/\/www.hediyepazar.com\/?product=matkap-seti-24-parca-cift-bataryali-darbeli-led-isikli-vidalama","title":{"rendered":"Matkap Seti 24 Par\u00e7a \u00c7ift Bataryal\u0131 Darbeli Led I\u015f\u0131kl\u0131 Vidalama"},"content":{"rendered":"<p>Bu 12V ak\u00fcl\u00fc matkap, evde ve at\u00f6lyelerde kullan\u0131lmak \u00fczere tasarlanm\u0131\u015f, hafif ve ergonomik bir elektrikli el aletidir. 1500mAh kapasiteli \u00e7ift ak\u00fcs\u00fc sayesinde uzun s\u00fcreli kullan\u0131m imkan\u0131 sunarken, k\u00f6m\u00fcrl\u00fc motoru ile yeterli g\u00fc\u00e7 sa\u011flar. Matkab\u0131n 10mm plastik mandreni, matkap u\u00e7lar\u0131n\u0131n kolayca de\u011fi\u015ftirilmesini sa\u011flarken, metal di\u015fli \u015fanz\u0131man sistemi, dayan\u0131kl\u0131l\u0131\u011f\u0131 art\u0131rarak uzun \u00f6m\u00fcrl\u00fc bir kullan\u0131m sunar. 2 vitesli h\u0131z ayar\u0131 ile farkl\u0131 uygulamalara uygun olarak kullan\u0131labilir; 0-350RPM d\u00fc\u015f\u00fck h\u0131z se\u00e7ene\u011fi hassas i\u015fler i\u00e7in, 0-1350RPM y\u00fcksek h\u0131z se\u00e7ene\u011fi ise daha g\u00fc\u00e7l\u00fc delme ve vidalama i\u015flemleri i\u00e7in idealdir. LED ayd\u0131nlatma \u00f6zelli\u011fi, d\u00fc\u015f\u00fck \u0131\u015f\u0131kl\u0131 ortamlarda bile rahat \u00e7al\u0131\u015fmay\u0131 m\u00fcmk\u00fcn k\u0131lar.<\/p>\n","protected":false},"excerpt":{"rendered":"<p>Bu 12V ak\u00fcl\u00fc matkap, evde ve at\u00f6lyelerde kullan\u0131lmak \u00fczere tasarlanm\u0131\u015f, hafif ve ergonomik bir elektrikli el aletidir. 1500mAh kapasiteli \u00e7ift ak\u00fcs\u00fc sayesinde uzun s\u00fcreli kullan\u0131m imkan\u0131 sunarken, k\u00f6m\u00fcrl\u00fc motoru ile yeterli g\u00fc\u00e7 sa\u011flar. Matkab\u0131n 10mm plastik mandreni, matkap u\u00e7lar\u0131n\u0131n kolayca de\u011fi\u015ftirilmesini sa\u011flarken, metal di\u015fli \u015fanz\u0131man sistemi, dayan\u0131kl\u0131l\u0131\u011f\u0131 art\u0131rarak uzun \u00f6m\u00fcrl\u00fc bir kullan\u0131m sunar. 2 vitesli&#8230;<\/p>\n","protected":false},"featured_media":122661,"comment_status":"open","ping_status":"closed","template":"","meta":{"_kad_post_transparent":"","_kad_post_title":"","_kad_post_layout":"","_kad_post_sidebar_id":"","_kad_post_content_style":"","_kad_post_vertical_padding":"","_kad_post_feature":"","_kad_post_feature_position":"","_kad_post_header":false,"_kad_post_footer":false,"_kad_post_classname":""},"product_brand":[],"product_cat":[15150],"product_tag":[],"class_list":{"0":"post-122662","1":"product","2":"type-product","3":"status-publish","4":"has-post-thumbnail","6":"product_cat-matkap-matkap","8":"first","9":"instock","10":"purchasable","11":"product-type-simple","12":"entry","13":"content-bg","14":"loop-entry"},"_links":{"self":[{"href":"https:\/\/www.hediyepazar.com\/index.php?rest_route=\/wp\/v2\/product\/122662","targetHints":{"allow":["GET"]}}],"collection":[{"href":"https:\/\/www.hediyepazar.com\/index.php?rest_route=\/wp\/v2\/product"}],"about":[{"href":"https:\/\/www.hediyepazar.com\/index.php?rest_route=\/wp\/v2\/types\/product"}],"replies":[{"embeddable":true,"href":"https:\/\/www.hediyepazar.com\/index.php?rest_route=%2Fwp%2Fv2%2Fcomments&post=122662"}],"wp:featuredmedia":[{"embeddable":true,"href":"https:\/\/www.hediyepazar.com\/index.php?rest_route=\/wp\/v2\/media\/122661"}],"wp:attachment":[{"href":"https:\/\/www.hediyepazar.com\/index.php?rest_route=%2Fwp%2Fv2%2Fmedia&parent=122662"}],"wp:term":[{"taxonomy":"product_brand","embeddable":true,"href":"https:\/\/www.hediyepazar.com\/index.php?rest_route=%2Fwp%2Fv2%2Fproduct_brand&post=122662"},{"taxonomy":"product_cat","embeddable":true,"href":"https:\/\/www.hediyepazar.com\/index.php?rest_route=%2Fwp%2Fv2%2Fproduct_cat&post=122662"},{"taxonomy":"product_tag","embeddable":true,"href":"https:\/\/www.hediyepazar.com\/index.php?rest_route=%2Fwp%2Fv2%2Fproduct_tag&post=122662"}],"curies":[{"name":"wp","href":"https:\/\/api.w.org\/{rel}","templated":true}]}}