{"id":122666,"date":"2026-05-06T10:21:26","date_gmt":"2026-05-06T13:21:26","guid":{"rendered":"https:\/\/www.hediyepazar.com\/?product=reflektor-gunes-panelli-solarli-sarjli-ucgen-isikli-trafik-reflektor-fener"},"modified":"2026-05-06T10:21:26","modified_gmt":"2026-05-06T13:21:26","slug":"reflektor-gunes-panelli-solarli-sarjli-ucgen-isikli-trafik-reflektor-fener","status":"publish","type":"product","link":"https:\/\/www.hediyepazar.com\/?product=reflektor-gunes-panelli-solarli-sarjli-ucgen-isikli-trafik-reflektor-fener","title":{"rendered":"Reflekt\u00f6r G\u00fcne\u015f Panelli Solarl\u0131 \u015earjl\u0131 \u00dc\u00e7gen I\u015f\u0131kl\u0131 Trafik Reflekt\u00f6r Fener"},"content":{"rendered":"<p>G\u00fcne\u015f enerjisiyle \u00e7al\u0131\u015fan bu \u00e7ok ama\u00e7l\u0131 acil durum \u0131\u015f\u0131\u011f\u0131, ara\u00e7lar\u0131n\u0131z i\u00e7in m\u00fckemmel bir \u00e7\u00f6z\u00fcm sunar. Arkas\u0131nda bulunan g\u00fcne\u015f paneli sayesinde enerji ihtiyac\u0131n\u0131z\u0131 do\u011fal kaynaklardan kar\u015f\u0131layabilirsiniz. Telefon \u015farj\u0131 i\u00e7in \u00e7\u0131k\u0131\u015f ve giri\u015f aray\u00fcz\u00fc, pratik kullan\u0131m sa\u011flar. 500 l\u00fcmen g\u00fcc\u00fcndeki \u0131\u015f\u0131\u011f\u0131, geni\u015f alanlar\u0131 ayd\u0131nlatarak g\u00fcvenli\u011fi art\u0131r\u0131r. Ta\u015f\u0131nabilir ve hafif yap\u0131s\u0131, kullan\u0131m\u0131 kolayla\u015ft\u0131r\u0131rken, dayan\u0131kl\u0131 tasar\u0131m\u0131 ile her t\u00fcrl\u00fc ara\u00e7 i\u00e7in uygundur. 5 farkl\u0131 \u0131\u015f\u0131k moduna sahip olan bu cihaz, g\u00fc\u00e7l\u00fc \u0131\u015f\u0131k, zay\u0131f \u0131\u015f\u0131k, k\u0131rm\u0131z\u0131 uyar\u0131 \u0131\u015f\u0131\u011f\u0131, yan\u0131p s\u00f6nen \u0131\u015f\u0131klar ve uyar\u0131 lambalar\u0131 yava\u015f\u00e7a yan\u0131p s\u00f6nme se\u00e7enekleri sunar. Arac\u0131n\u0131z ar\u0131za yaparsa, y\u00fcksek derecede g\u00f6r\u00fcn\u00fcrl\u00fck sa\u011flayan LED \u0131\u015f\u0131klar\u0131yla di\u011fer s\u00fcr\u00fcc\u00fcleri uyar\u0131r ve g\u00fcvenli\u011finizi art\u0131r\u0131r.<\/p>\n","protected":false},"excerpt":{"rendered":"<p>G\u00fcne\u015f enerjisiyle \u00e7al\u0131\u015fan bu \u00e7ok ama\u00e7l\u0131 acil durum \u0131\u015f\u0131\u011f\u0131, ara\u00e7lar\u0131n\u0131z i\u00e7in m\u00fckemmel bir \u00e7\u00f6z\u00fcm sunar. Arkas\u0131nda bulunan g\u00fcne\u015f paneli sayesinde enerji ihtiyac\u0131n\u0131z\u0131 do\u011fal kaynaklardan kar\u015f\u0131layabilirsiniz. Telefon \u015farj\u0131 i\u00e7in \u00e7\u0131k\u0131\u015f ve giri\u015f aray\u00fcz\u00fc, pratik kullan\u0131m sa\u011flar. 500 l\u00fcmen g\u00fcc\u00fcndeki \u0131\u015f\u0131\u011f\u0131, geni\u015f alanlar\u0131 ayd\u0131nlatarak g\u00fcvenli\u011fi art\u0131r\u0131r. Ta\u015f\u0131nabilir ve hafif yap\u0131s\u0131, kullan\u0131m\u0131 kolayla\u015ft\u0131r\u0131rken, dayan\u0131kl\u0131 tasar\u0131m\u0131 ile her t\u00fcrl\u00fc&#8230;<\/p>\n","protected":false},"featured_media":122665,"comment_status":"open","ping_status":"closed","template":"","meta":{"_kad_post_transparent":"","_kad_post_title":"","_kad_post_layout":"","_kad_post_sidebar_id":"","_kad_post_content_style":"","_kad_post_vertical_padding":"","_kad_post_feature":"","_kad_post_feature_position":"","_kad_post_header":false,"_kad_post_footer":false,"_kad_post_classname":""},"product_brand":[],"product_cat":[15152],"product_tag":[],"class_list":{"0":"post-122666","1":"product","2":"type-product","3":"status-publish","4":"has-post-thumbnail","6":"product_cat-reflektor-reflektor","8":"first","9":"instock","10":"purchasable","11":"product-type-simple","12":"entry","13":"content-bg","14":"loop-entry"},"_links":{"self":[{"href":"https:\/\/www.hediyepazar.com\/index.php?rest_route=\/wp\/v2\/product\/122666","targetHints":{"allow":["GET"]}}],"collection":[{"href":"https:\/\/www.hediyepazar.com\/index.php?rest_route=\/wp\/v2\/product"}],"about":[{"href":"https:\/\/www.hediyepazar.com\/index.php?rest_route=\/wp\/v2\/types\/product"}],"replies":[{"embeddable":true,"href":"https:\/\/www.hediyepazar.com\/index.php?rest_route=%2Fwp%2Fv2%2Fcomments&post=122666"}],"wp:featuredmedia":[{"embeddable":true,"href":"https:\/\/www.hediyepazar.com\/index.php?rest_route=\/wp\/v2\/media\/122665"}],"wp:attachment":[{"href":"https:\/\/www.hediyepazar.com\/index.php?rest_route=%2Fwp%2Fv2%2Fmedia&parent=122666"}],"wp:term":[{"taxonomy":"product_brand","embeddable":true,"href":"https:\/\/www.hediyepazar.com\/index.php?rest_route=%2Fwp%2Fv2%2Fproduct_brand&post=122666"},{"taxonomy":"product_cat","embeddable":true,"href":"https:\/\/www.hediyepazar.com\/index.php?rest_route=%2Fwp%2Fv2%2Fproduct_cat&post=122666"},{"taxonomy":"product_tag","embeddable":true,"href":"https:\/\/www.hediyepazar.com\/index.php?rest_route=%2Fwp%2Fv2%2Fproduct_tag&post=122666"}],"curies":[{"name":"wp","href":"https:\/\/api.w.org\/{rel}","templated":true}]}}