{"id":122707,"date":"2026-05-06T10:28:05","date_gmt":"2026-05-06T13:28:05","guid":{"rendered":"https:\/\/www.hediyepazar.com\/?product=hizli-sarj-dijital-gostergeli-powerbankli-coklu-sarj-ozelligi-2"},"modified":"2026-05-06T10:28:05","modified_gmt":"2026-05-06T13:28:05","slug":"hizli-sarj-dijital-gostergeli-powerbankli-coklu-sarj-ozelligi-2","status":"publish","type":"product","link":"https:\/\/www.hediyepazar.com\/?product=hizli-sarj-dijital-gostergeli-powerbankli-coklu-sarj-ozelligi-2","title":{"rendered":"H\u0131zl\u0131 \u015earj Dijital G\u00f6stergeli Powerbankli \u00c7oklu \u015earj \u00d6zelli\u011fi"},"content":{"rendered":"<p>Kablolu ve kablosuz ba\u011flant\u0131 se\u00e7enekleri sunan bu powerbank, modern kullan\u0131c\u0131lar\u0131n ihtiya\u00e7lar\u0131na y\u00f6nelik tasarlanm\u0131\u015ft\u0131r. Kablosuz \u015farj \u00f6zelli\u011fi sayesinde, uyumlu cihazlar\u0131n\u0131z\u0131 kablo karma\u015fas\u0131 olmadan kolayca \u015farj edebilirsiniz. Ayn\u0131 zamanda USB Micro, Type-C ve Lightning portlar\u0131na sahip olmas\u0131, neredeyse t\u00fcm cihazlarla uyumlu oldu\u011fu anlam\u0131na gelir. Bu \u00f6zellik, farkl\u0131 marka ve model cihazlar kullanan ki\u015filer i\u00e7in b\u00fcy\u00fck bir avantaj sunar. \u0130ster ak\u0131ll\u0131 telefon, ister tablet, ister ak\u0131ll\u0131 saat gibi cihazlar\u0131n\u0131z\u0131 h\u0131zl\u0131 ve verimli bir \u015fekilde \u015farj ederek g\u00fcnl\u00fck hayat\u0131n\u0131za kolayl\u0131k katar.<\/p>\n","protected":false},"excerpt":{"rendered":"<p>Kablolu ve kablosuz ba\u011flant\u0131 se\u00e7enekleri sunan bu powerbank, modern kullan\u0131c\u0131lar\u0131n ihtiya\u00e7lar\u0131na y\u00f6nelik tasarlanm\u0131\u015ft\u0131r. Kablosuz \u015farj \u00f6zelli\u011fi sayesinde, uyumlu cihazlar\u0131n\u0131z\u0131 kablo karma\u015fas\u0131 olmadan kolayca \u015farj edebilirsiniz. Ayn\u0131 zamanda USB Micro, Type-C ve Lightning portlar\u0131na sahip olmas\u0131, neredeyse t\u00fcm cihazlarla uyumlu oldu\u011fu anlam\u0131na gelir. Bu \u00f6zellik, farkl\u0131 marka ve model cihazlar kullanan ki\u015filer i\u00e7in b\u00fcy\u00fck bir avantaj&#8230;<\/p>\n","protected":false},"featured_media":122706,"comment_status":"open","ping_status":"closed","template":"","meta":{"_kad_post_transparent":"","_kad_post_title":"","_kad_post_layout":"","_kad_post_sidebar_id":"","_kad_post_content_style":"","_kad_post_vertical_padding":"","_kad_post_feature":"","_kad_post_feature_position":"","_kad_post_header":false,"_kad_post_footer":false,"_kad_post_classname":""},"product_brand":[],"product_cat":[14937],"product_tag":[],"class_list":{"0":"post-122707","1":"product","2":"type-product","3":"status-publish","4":"has-post-thumbnail","6":"product_cat-powerbank-powerbank-2","8":"first","9":"instock","10":"purchasable","11":"product-type-simple","12":"entry","13":"content-bg","14":"loop-entry"},"_links":{"self":[{"href":"https:\/\/www.hediyepazar.com\/index.php?rest_route=\/wp\/v2\/product\/122707","targetHints":{"allow":["GET"]}}],"collection":[{"href":"https:\/\/www.hediyepazar.com\/index.php?rest_route=\/wp\/v2\/product"}],"about":[{"href":"https:\/\/www.hediyepazar.com\/index.php?rest_route=\/wp\/v2\/types\/product"}],"replies":[{"embeddable":true,"href":"https:\/\/www.hediyepazar.com\/index.php?rest_route=%2Fwp%2Fv2%2Fcomments&post=122707"}],"wp:featuredmedia":[{"embeddable":true,"href":"https:\/\/www.hediyepazar.com\/index.php?rest_route=\/wp\/v2\/media\/122706"}],"wp:attachment":[{"href":"https:\/\/www.hediyepazar.com\/index.php?rest_route=%2Fwp%2Fv2%2Fmedia&parent=122707"}],"wp:term":[{"taxonomy":"product_brand","embeddable":true,"href":"https:\/\/www.hediyepazar.com\/index.php?rest_route=%2Fwp%2Fv2%2Fproduct_brand&post=122707"},{"taxonomy":"product_cat","embeddable":true,"href":"https:\/\/www.hediyepazar.com\/index.php?rest_route=%2Fwp%2Fv2%2Fproduct_cat&post=122707"},{"taxonomy":"product_tag","embeddable":true,"href":"https:\/\/www.hediyepazar.com\/index.php?rest_route=%2Fwp%2Fv2%2Fproduct_tag&post=122707"}],"curies":[{"name":"wp","href":"https:\/\/api.w.org\/{rel}","templated":true}]}}