{"id":122719,"date":"2026-05-06T10:29:53","date_gmt":"2026-05-06T13:29:53","guid":{"rendered":"https:\/\/www.hediyepazar.com\/?product=ergonomik-tasarimli-12v-matkap-2-vitesli-led-aydinlatmali-ve-dayanikli"},"modified":"2026-05-06T10:29:53","modified_gmt":"2026-05-06T13:29:53","slug":"ergonomik-tasarimli-12v-matkap-2-vitesli-led-aydinlatmali-ve-dayanikli","status":"publish","type":"product","link":"https:\/\/www.hediyepazar.com\/?product=ergonomik-tasarimli-12v-matkap-2-vitesli-led-aydinlatmali-ve-dayanikli","title":{"rendered":"Ergonomik Tasar\u0131ml\u0131 12V Matkap | 2 Vitesli LED Ayd\u0131nlatmal\u0131 ve Dayan\u0131kl\u0131"},"content":{"rendered":"<p>Hafif ve kullan\u0131m\u0131 kolay bu 12V ak\u00fcl\u00fc matkap, ergonomik tasar\u0131m\u0131 ile el yorgunlu\u011funu en aza indirir. 20-30 Nm tork g\u00fcc\u00fc, farkl\u0131 malzemelerde g\u00fc\u00e7l\u00fc delme sa\u011flar. Metal y\u00fczeylerde 10 mm, ah\u015fap y\u00fczeylerde 20 mm kapasiteye sahiptir. Plastik mandren h\u0131zl\u0131 u\u00e7 de\u011fi\u015fimi imkan\u0131 verir. 2 kademeli h\u0131z ayar\u0131, hassas vidalama ve g\u00fc\u00e7l\u00fc delme i\u015flemlerinde performans sa\u011flar. 1500mAh kapasiteli \u00e7ift batarya uzun kullan\u0131m s\u00fcresi sunarken, h\u0131zl\u0131 \u015farj \u00f6zelli\u011fi sayesinde pil k\u0131sa s\u00fcrede dolar. LED \u0131\u015f\u0131k deste\u011fi, d\u00fc\u015f\u00fck \u0131\u015f\u0131kl\u0131 alanlarda rahat \u00e7al\u0131\u015fmay\u0131 sa\u011flar. Dayan\u0131kl\u0131 yap\u0131s\u0131 ve 2 y\u0131l garanti ile g\u00fcvenilir bir \u00fcr\u00fcn olarak \u00f6ne \u00e7\u0131kar.<\/p>\n","protected":false},"excerpt":{"rendered":"<p>Hafif ve kullan\u0131m\u0131 kolay bu 12V ak\u00fcl\u00fc matkap, ergonomik tasar\u0131m\u0131 ile el yorgunlu\u011funu en aza indirir. 20-30 Nm tork g\u00fcc\u00fc, farkl\u0131 malzemelerde g\u00fc\u00e7l\u00fc delme sa\u011flar. Metal y\u00fczeylerde 10 mm, ah\u015fap y\u00fczeylerde 20 mm kapasiteye sahiptir. Plastik mandren h\u0131zl\u0131 u\u00e7 de\u011fi\u015fimi imkan\u0131 verir. 2 kademeli h\u0131z ayar\u0131, hassas vidalama ve g\u00fc\u00e7l\u00fc delme i\u015flemlerinde performans sa\u011flar. 1500mAh&#8230;<\/p>\n","protected":false},"featured_media":122718,"comment_status":"open","ping_status":"closed","template":"","meta":{"_kad_post_transparent":"","_kad_post_title":"","_kad_post_layout":"","_kad_post_sidebar_id":"","_kad_post_content_style":"","_kad_post_vertical_padding":"","_kad_post_feature":"","_kad_post_feature_position":"","_kad_post_header":false,"_kad_post_footer":false,"_kad_post_classname":""},"product_brand":[],"product_cat":[15150],"product_tag":[],"class_list":{"0":"post-122719","1":"product","2":"type-product","3":"status-publish","4":"has-post-thumbnail","6":"product_cat-matkap-matkap","8":"first","9":"instock","10":"purchasable","11":"product-type-simple","12":"entry","13":"content-bg","14":"loop-entry"},"_links":{"self":[{"href":"https:\/\/www.hediyepazar.com\/index.php?rest_route=\/wp\/v2\/product\/122719","targetHints":{"allow":["GET"]}}],"collection":[{"href":"https:\/\/www.hediyepazar.com\/index.php?rest_route=\/wp\/v2\/product"}],"about":[{"href":"https:\/\/www.hediyepazar.com\/index.php?rest_route=\/wp\/v2\/types\/product"}],"replies":[{"embeddable":true,"href":"https:\/\/www.hediyepazar.com\/index.php?rest_route=%2Fwp%2Fv2%2Fcomments&post=122719"}],"wp:featuredmedia":[{"embeddable":true,"href":"https:\/\/www.hediyepazar.com\/index.php?rest_route=\/wp\/v2\/media\/122718"}],"wp:attachment":[{"href":"https:\/\/www.hediyepazar.com\/index.php?rest_route=%2Fwp%2Fv2%2Fmedia&parent=122719"}],"wp:term":[{"taxonomy":"product_brand","embeddable":true,"href":"https:\/\/www.hediyepazar.com\/index.php?rest_route=%2Fwp%2Fv2%2Fproduct_brand&post=122719"},{"taxonomy":"product_cat","embeddable":true,"href":"https:\/\/www.hediyepazar.com\/index.php?rest_route=%2Fwp%2Fv2%2Fproduct_cat&post=122719"},{"taxonomy":"product_tag","embeddable":true,"href":"https:\/\/www.hediyepazar.com\/index.php?rest_route=%2Fwp%2Fv2%2Fproduct_tag&post=122719"}],"curies":[{"name":"wp","href":"https:\/\/api.w.org\/{rel}","templated":true}]}}