{"id":122735,"date":"2026-05-06T10:33:14","date_gmt":"2026-05-06T13:33:14","guid":{"rendered":"https:\/\/www.hediyepazar.com\/?product=coklu-cihaz-uyumu-ile-kablolu-ve-kablosuz-sarj-pratik-powerbank"},"modified":"2026-05-06T10:33:14","modified_gmt":"2026-05-06T13:33:14","slug":"coklu-cihaz-uyumu-ile-kablolu-ve-kablosuz-sarj-pratik-powerbank","status":"publish","type":"product","link":"https:\/\/www.hediyepazar.com\/?product=coklu-cihaz-uyumu-ile-kablolu-ve-kablosuz-sarj-pratik-powerbank","title":{"rendered":"\u00c7oklu Cihaz Uyumu ile Kablolu ve Kablosuz \u015earj \u2013 Pratik Powerbank"},"content":{"rendered":"<p>G\u00fcn\u00fcm\u00fczde sadece telefonlar\u0131m\u0131z de\u011fil, kulakl\u0131klar, ak\u0131ll\u0131 saatler ve tabletler gibi bir\u00e7ok cihaz\u0131 ayn\u0131 anda kullan\u0131yoruz. Bu powerbank, ayn\u0131 anda birden fazla cihaz\u0131 \u015farj edebilme \u00f6zelli\u011fiyle modern kullan\u0131c\u0131lar\u0131n t\u00fcm ihtiya\u00e7lar\u0131n\u0131 kar\u015f\u0131l\u0131yor. 10000mAh kapasitesi sayesinde tek bir \u015farjla birden fazla cihaz\u0131 birden fazla kez doldurabilirsiniz.USB, Type-C ve kablosuz \u015farj gibi farkl\u0131 \u00e7\u0131k\u0131\u015f se\u00e7enekleri sayesinde hem iPhone hem Android cihazlar, kulakl\u0131k, ak\u0131ll\u0131 saat gibi bir\u00e7ok farkl\u0131 elektronik \u00fcr\u00fcn\u00fc ayn\u0131 anda \u015farj etme imkan\u0131 sunar. \u00d6rne\u011fin; telefonunuzu kablolu, kulakl\u0131\u011f\u0131n\u0131z\u0131 kablosuz \u015fekilde ayn\u0131 anda \u015farj edebilirsiniz.22.5W kablolu h\u0131zl\u0131 \u015farj \u00e7\u0131k\u0131\u015f\u0131, cihaz\u0131n\u0131z\u0131 sadece birka\u00e7 dakikada y\u00fcksek \u015farj seviyelerine ula\u015ft\u0131r\u0131r. Bu, \u00f6zellikle yo\u011fun i\u015f g\u00fcnlerinde veya d\u0131\u015f mekan etkinliklerinde b\u00fcy\u00fck bir avantaj sa\u011flar. 15W kablosuz \u015farj \u00f6zelli\u011fi ise cihaz\u0131n\u0131z\u0131 sadece \u00fcst\u00fcne koyarak pratik bir \u015fekilde \u015farj etmenize imk\u00e2n tan\u0131r \u2013 kablo ta\u015f\u0131man\u0131za ya da u\u011fra\u015fman\u0131za gerek yok.Powerbank\u2019in kompakt yap\u0131s\u0131 sayesinde bu \u00e7oklu \u015farj \u00f6zelli\u011fi cebinize bile s\u0131\u011facak kadar ta\u015f\u0131nabilir bir tasar\u0131mla gelir. Geli\u015fmi\u015f koruma sistemi ise hem powerbank\u2019in hem de ba\u011fl\u0131 cihazlar\u0131n g\u00fcvenli\u011fini garanti alt\u0131na al\u0131r.Ofis ortam\u0131nda, seyahatte ya da g\u00fcnl\u00fck kullan\u0131mda birden fazla cihaz ta\u015f\u0131yorsan\u0131z, bu powerbank tam size g\u00f6re. Modern ya\u015fam\u0131n h\u0131z\u0131na ayak uydururken t\u00fcm cihazlar\u0131n\u0131z\u0131 kesintisiz kullanmak istiyorsan\u0131z, bu \u00fcr\u00fcn m\u00fckemmel bir tercih olacakt\u0131r.<\/p>\n","protected":false},"excerpt":{"rendered":"<p>G\u00fcn\u00fcm\u00fczde sadece telefonlar\u0131m\u0131z de\u011fil, kulakl\u0131klar, ak\u0131ll\u0131 saatler ve tabletler gibi bir\u00e7ok cihaz\u0131 ayn\u0131 anda kullan\u0131yoruz. Bu powerbank, ayn\u0131 anda birden fazla cihaz\u0131 \u015farj edebilme \u00f6zelli\u011fiyle modern kullan\u0131c\u0131lar\u0131n t\u00fcm ihtiya\u00e7lar\u0131n\u0131 kar\u015f\u0131l\u0131yor. 10000mAh kapasitesi sayesinde tek bir \u015farjla birden fazla cihaz\u0131 birden fazla kez doldurabilirsiniz.USB, Type-C ve kablosuz \u015farj gibi farkl\u0131 \u00e7\u0131k\u0131\u015f se\u00e7enekleri sayesinde hem iPhone hem&#8230;<\/p>\n","protected":false},"featured_media":122734,"comment_status":"open","ping_status":"closed","template":"","meta":{"_kad_post_transparent":"","_kad_post_title":"","_kad_post_layout":"","_kad_post_sidebar_id":"","_kad_post_content_style":"","_kad_post_vertical_padding":"","_kad_post_feature":"","_kad_post_feature_position":"","_kad_post_header":false,"_kad_post_footer":false,"_kad_post_classname":""},"product_brand":[],"product_cat":[14937],"product_tag":[],"class_list":{"0":"post-122735","1":"product","2":"type-product","3":"status-publish","4":"has-post-thumbnail","6":"product_cat-powerbank-powerbank-2","8":"first","9":"instock","10":"purchasable","11":"product-type-simple","12":"entry","13":"content-bg","14":"loop-entry"},"_links":{"self":[{"href":"https:\/\/www.hediyepazar.com\/index.php?rest_route=\/wp\/v2\/product\/122735","targetHints":{"allow":["GET"]}}],"collection":[{"href":"https:\/\/www.hediyepazar.com\/index.php?rest_route=\/wp\/v2\/product"}],"about":[{"href":"https:\/\/www.hediyepazar.com\/index.php?rest_route=\/wp\/v2\/types\/product"}],"replies":[{"embeddable":true,"href":"https:\/\/www.hediyepazar.com\/index.php?rest_route=%2Fwp%2Fv2%2Fcomments&post=122735"}],"wp:featuredmedia":[{"embeddable":true,"href":"https:\/\/www.hediyepazar.com\/index.php?rest_route=\/wp\/v2\/media\/122734"}],"wp:attachment":[{"href":"https:\/\/www.hediyepazar.com\/index.php?rest_route=%2Fwp%2Fv2%2Fmedia&parent=122735"}],"wp:term":[{"taxonomy":"product_brand","embeddable":true,"href":"https:\/\/www.hediyepazar.com\/index.php?rest_route=%2Fwp%2Fv2%2Fproduct_brand&post=122735"},{"taxonomy":"product_cat","embeddable":true,"href":"https:\/\/www.hediyepazar.com\/index.php?rest_route=%2Fwp%2Fv2%2Fproduct_cat&post=122735"},{"taxonomy":"product_tag","embeddable":true,"href":"https:\/\/www.hediyepazar.com\/index.php?rest_route=%2Fwp%2Fv2%2Fproduct_tag&post=122735"}],"curies":[{"name":"wp","href":"https:\/\/api.w.org\/{rel}","templated":true}]}}