{"id":122741,"date":"2026-05-06T10:33:41","date_gmt":"2026-05-06T13:33:41","guid":{"rendered":"https:\/\/www.hediyepazar.com\/?product=10000mah-kablosuz-ve-hizli-sarj-destekli-powerbank-tasinabilir-sarj-gucu"},"modified":"2026-05-06T10:33:41","modified_gmt":"2026-05-06T13:33:41","slug":"10000mah-kablosuz-ve-hizli-sarj-destekli-powerbank-tasinabilir-sarj-gucu","status":"publish","type":"product","link":"https:\/\/www.hediyepazar.com\/?product=10000mah-kablosuz-ve-hizli-sarj-destekli-powerbank-tasinabilir-sarj-gucu","title":{"rendered":"10000mAh Kablosuz ve H\u0131zl\u0131 \u015earj Destekli Powerbank \u2013 Ta\u015f\u0131nabilir \u015earj G\u00fcc\u00fc"},"content":{"rendered":"<p>Yo\u011fun tempolu bir g\u00fcn i\u00e7inde telefonunuzun \u015farj\u0131n\u0131n bitmesi, i\u015flerinizin yar\u0131m kalmas\u0131na neden olabilir. 10000mAh kapasiteye sahip bu kablolu ve kablosuz powerbank, cihazlar\u0131n\u0131z\u0131 g\u00fcn boyunca kesintisiz kullanabilmeniz i\u00e7in tasarlanm\u0131\u015ft\u0131r. Ak\u0131ll\u0131 telefon, tablet, kulakl\u0131k ve di\u011fer ta\u015f\u0131nabilir cihazlar\u0131n\u0131z\u0131 birka\u00e7 kez tam \u015farj edebilecek g\u00fc\u00e7te olan bu model, hem performans hem de konfor a\u00e7\u0131s\u0131ndan fark yarat\u0131r.22.5W h\u0131zl\u0131 \u015farj deste\u011fi ile kablolu ba\u011flant\u0131larda y\u00fcksek verim sa\u011flar. \u00d6zellikle acil durumlarda cihaz\u0131n\u0131z\u0131 k\u0131sa s\u00fcrede \u015farj ederek zaman kazand\u0131r\u0131r. 15W kablosuz \u015farj \u00f6zelli\u011fi ise sizi kablo ta\u015f\u0131ma derdinden kurtar\u0131r. Tek yapman\u0131z gereken cihaz\u0131n\u0131z\u0131 powerbank\u2019in \u00fczerine yerle\u015ftirmek ve \u015farj i\u015flemi ba\u015flas\u0131n!USB, Type-C, Micro USB ve Lightning gibi farkl\u0131 giri\u015f-\u00e7\u0131k\u0131\u015f se\u00e7enekleri sayesinde neredeyse t\u00fcm cihazlarla uyumludur. Ayn\u0131 anda birden fazla cihaz\u0131 \u015farj edebilme \u00f6zelli\u011fi, seyahat edenler veya i\u015flerini mobil ortamda s\u00fcrd\u00fcren kullan\u0131c\u0131lar i\u00e7in b\u00fcy\u00fck kolayl\u0131k sa\u011flar.\u015earj g\u00fcvenli\u011fi a\u00e7\u0131s\u0131ndan da olduk\u00e7a ba\u015far\u0131l\u0131d\u0131r. A\u015f\u0131r\u0131 ak\u0131m, a\u015f\u0131r\u0131 gerilim, k\u0131sa devre ve \u0131s\u0131nmaya kar\u015f\u0131 geli\u015fmi\u015f koruma sistemleri sayesinde cihazlar\u0131n\u0131z g\u00fcvenle \u015farj olur. Kompakt ve hafif tasar\u0131m\u0131 sayesinde \u00e7antan\u0131zda, cebinizde ya da el \u00e7antan\u0131zda rahatl\u0131kla ta\u015f\u0131yabilirsiniz.Hem pratik hem de g\u00fc\u00e7l\u00fc bir yard\u0131mc\u0131 olan bu powerbank, g\u00fcnl\u00fck hayat\u0131n\u0131z\u0131n vazge\u00e7ilmez bir par\u00e7as\u0131 olacak.<\/p>\n","protected":false},"excerpt":{"rendered":"<p>Yo\u011fun tempolu bir g\u00fcn i\u00e7inde telefonunuzun \u015farj\u0131n\u0131n bitmesi, i\u015flerinizin yar\u0131m kalmas\u0131na neden olabilir. 10000mAh kapasiteye sahip bu kablolu ve kablosuz powerbank, cihazlar\u0131n\u0131z\u0131 g\u00fcn boyunca kesintisiz kullanabilmeniz i\u00e7in tasarlanm\u0131\u015ft\u0131r. Ak\u0131ll\u0131 telefon, tablet, kulakl\u0131k ve di\u011fer ta\u015f\u0131nabilir cihazlar\u0131n\u0131z\u0131 birka\u00e7 kez tam \u015farj edebilecek g\u00fc\u00e7te olan bu model, hem performans hem de konfor a\u00e7\u0131s\u0131ndan fark yarat\u0131r.22.5W h\u0131zl\u0131 \u015farj&#8230;<\/p>\n","protected":false},"featured_media":122740,"comment_status":"open","ping_status":"closed","template":"","meta":{"_kad_post_transparent":"","_kad_post_title":"","_kad_post_layout":"","_kad_post_sidebar_id":"","_kad_post_content_style":"","_kad_post_vertical_padding":"","_kad_post_feature":"","_kad_post_feature_position":"","_kad_post_header":false,"_kad_post_footer":false,"_kad_post_classname":""},"product_brand":[],"product_cat":[14937],"product_tag":[],"class_list":{"0":"post-122741","1":"product","2":"type-product","3":"status-publish","4":"has-post-thumbnail","6":"product_cat-powerbank-powerbank-2","8":"first","9":"instock","10":"purchasable","11":"product-type-simple","12":"entry","13":"content-bg","14":"loop-entry"},"_links":{"self":[{"href":"https:\/\/www.hediyepazar.com\/index.php?rest_route=\/wp\/v2\/product\/122741","targetHints":{"allow":["GET"]}}],"collection":[{"href":"https:\/\/www.hediyepazar.com\/index.php?rest_route=\/wp\/v2\/product"}],"about":[{"href":"https:\/\/www.hediyepazar.com\/index.php?rest_route=\/wp\/v2\/types\/product"}],"replies":[{"embeddable":true,"href":"https:\/\/www.hediyepazar.com\/index.php?rest_route=%2Fwp%2Fv2%2Fcomments&post=122741"}],"wp:featuredmedia":[{"embeddable":true,"href":"https:\/\/www.hediyepazar.com\/index.php?rest_route=\/wp\/v2\/media\/122740"}],"wp:attachment":[{"href":"https:\/\/www.hediyepazar.com\/index.php?rest_route=%2Fwp%2Fv2%2Fmedia&parent=122741"}],"wp:term":[{"taxonomy":"product_brand","embeddable":true,"href":"https:\/\/www.hediyepazar.com\/index.php?rest_route=%2Fwp%2Fv2%2Fproduct_brand&post=122741"},{"taxonomy":"product_cat","embeddable":true,"href":"https:\/\/www.hediyepazar.com\/index.php?rest_route=%2Fwp%2Fv2%2Fproduct_cat&post=122741"},{"taxonomy":"product_tag","embeddable":true,"href":"https:\/\/www.hediyepazar.com\/index.php?rest_route=%2Fwp%2Fv2%2Fproduct_tag&post=122741"}],"curies":[{"name":"wp","href":"https:\/\/api.w.org\/{rel}","templated":true}]}}