{"id":122759,"date":"2026-05-06T10:39:08","date_gmt":"2026-05-06T13:39:08","guid":{"rendered":"https:\/\/www.hediyepazar.com\/?product=kablosuz-led-masa-lambasi-1800mah-3-renk-aydinlatma-dokunmatik"},"modified":"2026-05-06T10:39:08","modified_gmt":"2026-05-06T13:39:08","slug":"kablosuz-led-masa-lambasi-1800mah-3-renk-aydinlatma-dokunmatik","status":"publish","type":"product","link":"https:\/\/www.hediyepazar.com\/?product=kablosuz-led-masa-lambasi-1800mah-3-renk-aydinlatma-dokunmatik","title":{"rendered":"Kablosuz LED Masa Lambas\u0131 1800mAh 3 Renk Ayd\u0131nlatma Dokunmatik"},"content":{"rendered":"<p>\u015e\u0131k tasar\u0131m\u0131yla dikkat \u00e7eken bu kablosuz LED masa lambas\u0131, fonksiyonel \u00f6zellikleri sayesinde g\u00fcnl\u00fck kullan\u0131mda b\u00fcy\u00fck kolayl\u0131k sunar. \u00dc\u00e7 farkl\u0131 \u0131\u015f\u0131k rengi; \u00e7al\u0131\u015fma, dinlenme, makyaj veya yemek ortamlar\u0131na g\u00f6re uyarlanabilir. Kademesiz parlakl\u0131k ayar\u0131 ortam\u0131n atmosferini ki\u015fiselle\u015ftirmenize olanak tan\u0131r. 1800mAh bataryas\u0131 sayesinde kablosuz kullan\u0131m rahatl\u0131\u011f\u0131 sa\u011flar ve USB ile kolayca \u015farj edilir. Metal g\u00f6vdesi y\u00fcksek kalite hissi verirken, akrilik abajur modern bir \u0131\u015f\u0131k da\u011f\u0131l\u0131m\u0131 sunar. Kaymaz taban\u0131 g\u00fcvenli kullan\u0131m sa\u011flar. Minimalist yap\u0131s\u0131 sayesinde ev dekorasyonu ile m\u00fckemmel uyum sa\u011flar. Komodin \u00fcst\u00fc, k\u00fct\u00fcphane, ofis masas\u0131 veya restoran masalar\u0131nda \u015f\u0131k bir ayd\u0131nlatma \u00e7\u00f6z\u00fcm\u00fc olarak kullan\u0131labilir.<\/p>\n","protected":false},"excerpt":{"rendered":"<p>\u015e\u0131k tasar\u0131m\u0131yla dikkat \u00e7eken bu kablosuz LED masa lambas\u0131, fonksiyonel \u00f6zellikleri sayesinde g\u00fcnl\u00fck kullan\u0131mda b\u00fcy\u00fck kolayl\u0131k sunar. \u00dc\u00e7 farkl\u0131 \u0131\u015f\u0131k rengi; \u00e7al\u0131\u015fma, dinlenme, makyaj veya yemek ortamlar\u0131na g\u00f6re uyarlanabilir. Kademesiz parlakl\u0131k ayar\u0131 ortam\u0131n atmosferini ki\u015fiselle\u015ftirmenize olanak tan\u0131r. 1800mAh bataryas\u0131 sayesinde kablosuz kullan\u0131m rahatl\u0131\u011f\u0131 sa\u011flar ve USB ile kolayca \u015farj edilir. Metal g\u00f6vdesi y\u00fcksek kalite hissi&#8230;<\/p>\n","protected":false},"featured_media":122758,"comment_status":"open","ping_status":"closed","template":"","meta":{"_kad_post_transparent":"","_kad_post_title":"","_kad_post_layout":"","_kad_post_sidebar_id":"","_kad_post_content_style":"","_kad_post_vertical_padding":"","_kad_post_feature":"","_kad_post_feature_position":"","_kad_post_header":false,"_kad_post_footer":false,"_kad_post_classname":""},"product_brand":[],"product_cat":[14967],"product_tag":[],"class_list":{"0":"post-122759","1":"product","2":"type-product","3":"status-publish","4":"has-post-thumbnail","6":"product_cat-gece-lambasi-gece-lambasi","8":"first","9":"instock","10":"purchasable","11":"product-type-simple","12":"entry","13":"content-bg","14":"loop-entry"},"_links":{"self":[{"href":"https:\/\/www.hediyepazar.com\/index.php?rest_route=\/wp\/v2\/product\/122759","targetHints":{"allow":["GET"]}}],"collection":[{"href":"https:\/\/www.hediyepazar.com\/index.php?rest_route=\/wp\/v2\/product"}],"about":[{"href":"https:\/\/www.hediyepazar.com\/index.php?rest_route=\/wp\/v2\/types\/product"}],"replies":[{"embeddable":true,"href":"https:\/\/www.hediyepazar.com\/index.php?rest_route=%2Fwp%2Fv2%2Fcomments&post=122759"}],"wp:featuredmedia":[{"embeddable":true,"href":"https:\/\/www.hediyepazar.com\/index.php?rest_route=\/wp\/v2\/media\/122758"}],"wp:attachment":[{"href":"https:\/\/www.hediyepazar.com\/index.php?rest_route=%2Fwp%2Fv2%2Fmedia&parent=122759"}],"wp:term":[{"taxonomy":"product_brand","embeddable":true,"href":"https:\/\/www.hediyepazar.com\/index.php?rest_route=%2Fwp%2Fv2%2Fproduct_brand&post=122759"},{"taxonomy":"product_cat","embeddable":true,"href":"https:\/\/www.hediyepazar.com\/index.php?rest_route=%2Fwp%2Fv2%2Fproduct_cat&post=122759"},{"taxonomy":"product_tag","embeddable":true,"href":"https:\/\/www.hediyepazar.com\/index.php?rest_route=%2Fwp%2Fv2%2Fproduct_tag&post=122759"}],"curies":[{"name":"wp","href":"https:\/\/api.w.org\/{rel}","templated":true}]}}