{"id":122763,"date":"2026-05-06T10:39:25","date_gmt":"2026-05-06T13:39:25","guid":{"rendered":"https:\/\/www.hediyepazar.com\/?product=sarjli-masa-lambasi-3-isik-modu-kademesiz-karartma-metal-govde"},"modified":"2026-05-06T10:39:25","modified_gmt":"2026-05-06T13:39:25","slug":"sarjli-masa-lambasi-3-isik-modu-kademesiz-karartma-metal-govde","status":"publish","type":"product","link":"https:\/\/www.hediyepazar.com\/?product=sarjli-masa-lambasi-3-isik-modu-kademesiz-karartma-metal-govde","title":{"rendered":"\u015earjl\u0131 Masa Lambas\u0131 3 I\u015f\u0131k Modu Kademesiz Karartma Metal G\u00f6vde"},"content":{"rendered":"<p>Bu \u015farjl\u0131 LED masa lambas\u0131, modern ya\u015fam alanlar\u0131 i\u00e7in tasarlanm\u0131\u015f \u015f\u0131k ve i\u015flevsel bir ayd\u0131nlatma \u00e7\u00f6z\u00fcm\u00fcd\u00fcr. \u00dc\u00e7 farkl\u0131 \u0131\u015f\u0131k modu\u2014beyaz \u0131\u015f\u0131k, s\u0131cak beyaz ve do\u011fal \u0131\u015f\u0131k\u2014farkl\u0131 kullan\u0131m senaryolar\u0131 i\u00e7in ideal se\u00e7enekler sunar. Kademesiz parlakl\u0131k ayar\u0131, \u0131\u015f\u0131\u011f\u0131 istedi\u011finiz yo\u011funlu\u011fa getirmenizi sa\u011flar. D\u00fc\u015f\u00fck parlakl\u0131kta lo\u015f ve rahatlat\u0131c\u0131 bir ortam olu\u015fturabilir, y\u00fcksek parlakl\u0131kta okuma ve \u00e7al\u0131\u015fma verimlili\u011fini art\u0131rabilirsiniz. Kablosuz yap\u0131s\u0131 sayesinde kolay ta\u015f\u0131n\u0131r ve priz ba\u011f\u0131ml\u0131l\u0131\u011f\u0131n\u0131 ortadan kald\u0131r\u0131r. 1800mAh dahili batarya USB \u00fczerinden kolayca \u015farj edilebilir. Metal g\u00f6vdesi premium his sunarken, elektrokaplama y\u00fczeyi \u00e7izilmelere kar\u015f\u0131 dayan\u0131kl\u0131d\u0131r. Akrilik abajur \u0131\u015f\u0131\u011f\u0131 homojen da\u011f\u0131tarak g\u00f6zlerin yorulmas\u0131n\u0131 engeller. Minimal tasar\u0131m\u0131 sayesinde komodin, masa, mutfak, kitapl\u0131k, kafe ve restoran dekorlar\u0131nda harika bir tamamlay\u0131c\u0131 olur.<\/p>\n","protected":false},"excerpt":{"rendered":"<p>Bu \u015farjl\u0131 LED masa lambas\u0131, modern ya\u015fam alanlar\u0131 i\u00e7in tasarlanm\u0131\u015f \u015f\u0131k ve i\u015flevsel bir ayd\u0131nlatma \u00e7\u00f6z\u00fcm\u00fcd\u00fcr. \u00dc\u00e7 farkl\u0131 \u0131\u015f\u0131k modu\u2014beyaz \u0131\u015f\u0131k, s\u0131cak beyaz ve do\u011fal \u0131\u015f\u0131k\u2014farkl\u0131 kullan\u0131m senaryolar\u0131 i\u00e7in ideal se\u00e7enekler sunar. Kademesiz parlakl\u0131k ayar\u0131, \u0131\u015f\u0131\u011f\u0131 istedi\u011finiz yo\u011funlu\u011fa getirmenizi sa\u011flar. D\u00fc\u015f\u00fck parlakl\u0131kta lo\u015f ve rahatlat\u0131c\u0131 bir ortam olu\u015fturabilir, y\u00fcksek parlakl\u0131kta okuma ve \u00e7al\u0131\u015fma verimlili\u011fini art\u0131rabilirsiniz&#8230;.<\/p>\n","protected":false},"featured_media":122762,"comment_status":"open","ping_status":"closed","template":"","meta":{"_kad_post_transparent":"","_kad_post_title":"","_kad_post_layout":"","_kad_post_sidebar_id":"","_kad_post_content_style":"","_kad_post_vertical_padding":"","_kad_post_feature":"","_kad_post_feature_position":"","_kad_post_header":false,"_kad_post_footer":false,"_kad_post_classname":""},"product_brand":[],"product_cat":[14967],"product_tag":[],"class_list":{"0":"post-122763","1":"product","2":"type-product","3":"status-publish","4":"has-post-thumbnail","6":"product_cat-gece-lambasi-gece-lambasi","8":"first","9":"instock","10":"purchasable","11":"product-type-simple","12":"entry","13":"content-bg","14":"loop-entry"},"_links":{"self":[{"href":"https:\/\/www.hediyepazar.com\/index.php?rest_route=\/wp\/v2\/product\/122763","targetHints":{"allow":["GET"]}}],"collection":[{"href":"https:\/\/www.hediyepazar.com\/index.php?rest_route=\/wp\/v2\/product"}],"about":[{"href":"https:\/\/www.hediyepazar.com\/index.php?rest_route=\/wp\/v2\/types\/product"}],"replies":[{"embeddable":true,"href":"https:\/\/www.hediyepazar.com\/index.php?rest_route=%2Fwp%2Fv2%2Fcomments&post=122763"}],"wp:featuredmedia":[{"embeddable":true,"href":"https:\/\/www.hediyepazar.com\/index.php?rest_route=\/wp\/v2\/media\/122762"}],"wp:attachment":[{"href":"https:\/\/www.hediyepazar.com\/index.php?rest_route=%2Fwp%2Fv2%2Fmedia&parent=122763"}],"wp:term":[{"taxonomy":"product_brand","embeddable":true,"href":"https:\/\/www.hediyepazar.com\/index.php?rest_route=%2Fwp%2Fv2%2Fproduct_brand&post=122763"},{"taxonomy":"product_cat","embeddable":true,"href":"https:\/\/www.hediyepazar.com\/index.php?rest_route=%2Fwp%2Fv2%2Fproduct_cat&post=122763"},{"taxonomy":"product_tag","embeddable":true,"href":"https:\/\/www.hediyepazar.com\/index.php?rest_route=%2Fwp%2Fv2%2Fproduct_tag&post=122763"}],"curies":[{"name":"wp","href":"https:\/\/api.w.org\/{rel}","templated":true}]}}