{"id":122769,"date":"2026-05-06T10:40:22","date_gmt":"2026-05-06T13:40:22","guid":{"rendered":"https:\/\/www.hediyepazar.com\/?product=dijital-ekranli-akilli-bardaklik-arac-ici-termal-isitici-sogutucu"},"modified":"2026-05-06T10:40:22","modified_gmt":"2026-05-06T13:40:22","slug":"dijital-ekranli-akilli-bardaklik-arac-ici-termal-isitici-sogutucu","status":"publish","type":"product","link":"https:\/\/www.hediyepazar.com\/?product=dijital-ekranli-akilli-bardaklik-arac-ici-termal-isitici-sogutucu","title":{"rendered":"Dijital Ekranl\u0131 Ak\u0131ll\u0131 Bardakl\u0131k Ara\u00e7 \u0130\u00e7i Termal Is\u0131t\u0131c\u0131 So\u011futucu"},"content":{"rendered":"<p>Ara\u00e7 i\u00e7i kullan\u0131m i\u00e7in tasarlanan bu ak\u0131ll\u0131 bardakl\u0131k, \u0131s\u0131tma ve so\u011futma fonksiyonlar\u0131n\u0131 bir arada sunan \u00fcst\u00fcn bir teknolojik \u00fcr\u00fcnd\u00fcr. S\u0131radan bardakl\u0131klardan ayr\u0131lan en \u00f6nemli fark\u0131, i\u00e7ece\u011fi korumak yerine aktif olarak s\u0131cakl\u0131k de\u011fi\u015ftirebilmesidir. S\u0131cak i\u00e7ecek 60\u00b0C\u2019ye kadar \u0131s\u0131nabilir, so\u011fuk i\u00e7ecek ise -4\u00b0C\u2019ye kadar so\u011futulabilir. Ayarlanabilir dijital ekran\u0131 sayesinde s\u0131cakl\u0131\u011f\u0131 kolayca kontrol edebilirsiniz. 2\u20133 dakika i\u00e7inde h\u0131zl\u0131 tepki veren sistemiyle vakit kaybetmeden ideal i\u00e7ecek s\u0131cakl\u0131\u011f\u0131na ula\u015fman\u0131z\u0131 sa\u011flar. Her t\u00fcrl\u00fc bardak, kutu i\u00e7ecek, termos ve \u015fi\u015feyle uyumludur. Ara\u00e7 \u00e7akmak giri\u015finden \u00e7al\u0131\u015f\u0131r ve t\u00fcm ara\u00e7 modelleriyle uyumluluk g\u00f6sterir. Sa\u011flam tasar\u0131m\u0131, sessiz \u00e7al\u0131\u015fma yap\u0131s\u0131 ve modern g\u00f6r\u00fcn\u00fcm\u00fcyle ara\u00e7 i\u00e7i konforu en \u00fcst seviyeye \u00e7\u0131kar\u0131r. G\u00fcnl\u00fck kullan\u0131mda, tatillerde ve uzun yolculuklarda b\u00fcy\u00fck kolayl\u0131k sa\u011flar.<\/p>\n","protected":false},"excerpt":{"rendered":"<p>Ara\u00e7 i\u00e7i kullan\u0131m i\u00e7in tasarlanan bu ak\u0131ll\u0131 bardakl\u0131k, \u0131s\u0131tma ve so\u011futma fonksiyonlar\u0131n\u0131 bir arada sunan \u00fcst\u00fcn bir teknolojik \u00fcr\u00fcnd\u00fcr. S\u0131radan bardakl\u0131klardan ayr\u0131lan en \u00f6nemli fark\u0131, i\u00e7ece\u011fi korumak yerine aktif olarak s\u0131cakl\u0131k de\u011fi\u015ftirebilmesidir. S\u0131cak i\u00e7ecek 60\u00b0C\u2019ye kadar \u0131s\u0131nabilir, so\u011fuk i\u00e7ecek ise -4\u00b0C\u2019ye kadar so\u011futulabilir. Ayarlanabilir dijital ekran\u0131 sayesinde s\u0131cakl\u0131\u011f\u0131 kolayca kontrol edebilirsiniz. 2\u20133 dakika i\u00e7inde h\u0131zl\u0131&#8230;<\/p>\n","protected":false},"featured_media":122768,"comment_status":"open","ping_status":"closed","template":"","meta":{"_kad_post_transparent":"","_kad_post_title":"","_kad_post_layout":"","_kad_post_sidebar_id":"","_kad_post_content_style":"","_kad_post_vertical_padding":"","_kad_post_feature":"","_kad_post_feature_position":"","_kad_post_header":false,"_kad_post_footer":false,"_kad_post_classname":""},"product_brand":[],"product_cat":[14909],"product_tag":[],"class_list":{"0":"post-122769","1":"product","2":"type-product","3":"status-publish","4":"has-post-thumbnail","6":"product_cat-termos-termos","8":"first","9":"instock","10":"purchasable","11":"product-type-simple","12":"entry","13":"content-bg","14":"loop-entry"},"_links":{"self":[{"href":"https:\/\/www.hediyepazar.com\/index.php?rest_route=\/wp\/v2\/product\/122769","targetHints":{"allow":["GET"]}}],"collection":[{"href":"https:\/\/www.hediyepazar.com\/index.php?rest_route=\/wp\/v2\/product"}],"about":[{"href":"https:\/\/www.hediyepazar.com\/index.php?rest_route=\/wp\/v2\/types\/product"}],"replies":[{"embeddable":true,"href":"https:\/\/www.hediyepazar.com\/index.php?rest_route=%2Fwp%2Fv2%2Fcomments&post=122769"}],"wp:featuredmedia":[{"embeddable":true,"href":"https:\/\/www.hediyepazar.com\/index.php?rest_route=\/wp\/v2\/media\/122768"}],"wp:attachment":[{"href":"https:\/\/www.hediyepazar.com\/index.php?rest_route=%2Fwp%2Fv2%2Fmedia&parent=122769"}],"wp:term":[{"taxonomy":"product_brand","embeddable":true,"href":"https:\/\/www.hediyepazar.com\/index.php?rest_route=%2Fwp%2Fv2%2Fproduct_brand&post=122769"},{"taxonomy":"product_cat","embeddable":true,"href":"https:\/\/www.hediyepazar.com\/index.php?rest_route=%2Fwp%2Fv2%2Fproduct_cat&post=122769"},{"taxonomy":"product_tag","embeddable":true,"href":"https:\/\/www.hediyepazar.com\/index.php?rest_route=%2Fwp%2Fv2%2Fproduct_tag&post=122769"}],"curies":[{"name":"wp","href":"https:\/\/api.w.org\/{rel}","templated":true}]}}