{"id":122771,"date":"2026-05-06T10:41:59","date_gmt":"2026-05-06T13:41:59","guid":{"rendered":"https:\/\/www.hediyepazar.com\/?product=arac-ici-isitici-sogutucu-bardaklik-60c-isitma-4c-sogutma"},"modified":"2026-05-06T10:41:59","modified_gmt":"2026-05-06T13:41:59","slug":"arac-ici-isitici-sogutucu-bardaklik-60c-isitma-4c-sogutma","status":"publish","type":"product","link":"https:\/\/www.hediyepazar.com\/?product=arac-ici-isitici-sogutucu-bardaklik-60c-isitma-4c-sogutma","title":{"rendered":"Ara\u00e7 \u0130\u00e7i Is\u0131t\u0131c\u0131 So\u011futucu Bardakl\u0131k 60\u00b0C Is\u0131tma -4\u00b0C So\u011futma"},"content":{"rendered":"<p>Bu ak\u0131ll\u0131 \u0131s\u0131t\u0131c\u0131-so\u011futucu ara\u00e7 bardakl\u0131\u011f\u0131, i\u00e7eceklerinizi istedi\u011finiz s\u0131cakl\u0131\u011fa getirebilen geli\u015fmi\u015f bir teknolojiye sahiptir. \u00dcr\u00fcn, s\u0131cak i\u00e7ecekleri 60 dereceye kadar \u0131s\u0131t\u0131rken, so\u011fuk i\u00e7ecekleri -4 dereceye kadar indirebilir. Bu \u00f6zellik sayesinde yolculu\u011funuzda kahveniz \u0131l\u0131k kalmaz, kolan\u0131z da istenmeyen s\u0131cakl\u0131klara \u00e7\u0131kmaz. Tam 2\u20133 dakika i\u00e7inde etkili sonu\u00e7 verir. Dijital ekran\u0131yla s\u0131cakl\u0131\u011f\u0131 takip etmeniz kolayd\u0131r. Her i\u00e7ecek boyutuna uyumlu geni\u015f bardak haznesi sayesinde g\u00fcnl\u00fck kullan\u0131m olduk\u00e7a rahatt\u0131r. Ara\u00e7 \u00e7akmak giri\u015finden \u00e7al\u0131\u015ft\u0131\u011f\u0131 i\u00e7in ek adapt\u00f6re ihtiya\u00e7 duymaz. G\u00fc\u00e7l\u00fc g\u00f6vde yap\u0131s\u0131 ve modern \u00e7izgileriyle ara\u00e7 i\u00e7i esteti\u011fine \u015f\u0131kl\u0131k katar. Uzun yol s\u00fcr\u00fcc\u00fcleri, kuryeler, taksiciler ve s\u0131k seyahat edenler i\u00e7in ideal bir \u00fcr\u00fcnd\u00fcr. Hem fonksiyonel hem de y\u00fcksek performansl\u0131 olmas\u0131yla kullan\u0131c\u0131 memnuniyetini art\u0131r\u0131r.<\/p>\n","protected":false},"excerpt":{"rendered":"<p>Bu ak\u0131ll\u0131 \u0131s\u0131t\u0131c\u0131-so\u011futucu ara\u00e7 bardakl\u0131\u011f\u0131, i\u00e7eceklerinizi istedi\u011finiz s\u0131cakl\u0131\u011fa getirebilen geli\u015fmi\u015f bir teknolojiye sahiptir. \u00dcr\u00fcn, s\u0131cak i\u00e7ecekleri 60 dereceye kadar \u0131s\u0131t\u0131rken, so\u011fuk i\u00e7ecekleri -4 dereceye kadar indirebilir. Bu \u00f6zellik sayesinde yolculu\u011funuzda kahveniz \u0131l\u0131k kalmaz, kolan\u0131z da istenmeyen s\u0131cakl\u0131klara \u00e7\u0131kmaz. Tam 2\u20133 dakika i\u00e7inde etkili sonu\u00e7 verir. Dijital ekran\u0131yla s\u0131cakl\u0131\u011f\u0131 takip etmeniz kolayd\u0131r. Her i\u00e7ecek boyutuna uyumlu&#8230;<\/p>\n","protected":false},"featured_media":122770,"comment_status":"open","ping_status":"closed","template":"","meta":{"_kad_post_transparent":"","_kad_post_title":"","_kad_post_layout":"","_kad_post_sidebar_id":"","_kad_post_content_style":"","_kad_post_vertical_padding":"","_kad_post_feature":"","_kad_post_feature_position":"","_kad_post_header":false,"_kad_post_footer":false,"_kad_post_classname":""},"product_brand":[],"product_cat":[14909],"product_tag":[],"class_list":{"0":"post-122771","1":"product","2":"type-product","3":"status-publish","4":"has-post-thumbnail","6":"product_cat-termos-termos","8":"first","9":"instock","10":"purchasable","11":"product-type-simple","12":"entry","13":"content-bg","14":"loop-entry"},"_links":{"self":[{"href":"https:\/\/www.hediyepazar.com\/index.php?rest_route=\/wp\/v2\/product\/122771","targetHints":{"allow":["GET"]}}],"collection":[{"href":"https:\/\/www.hediyepazar.com\/index.php?rest_route=\/wp\/v2\/product"}],"about":[{"href":"https:\/\/www.hediyepazar.com\/index.php?rest_route=\/wp\/v2\/types\/product"}],"replies":[{"embeddable":true,"href":"https:\/\/www.hediyepazar.com\/index.php?rest_route=%2Fwp%2Fv2%2Fcomments&post=122771"}],"wp:featuredmedia":[{"embeddable":true,"href":"https:\/\/www.hediyepazar.com\/index.php?rest_route=\/wp\/v2\/media\/122770"}],"wp:attachment":[{"href":"https:\/\/www.hediyepazar.com\/index.php?rest_route=%2Fwp%2Fv2%2Fmedia&parent=122771"}],"wp:term":[{"taxonomy":"product_brand","embeddable":true,"href":"https:\/\/www.hediyepazar.com\/index.php?rest_route=%2Fwp%2Fv2%2Fproduct_brand&post=122771"},{"taxonomy":"product_cat","embeddable":true,"href":"https:\/\/www.hediyepazar.com\/index.php?rest_route=%2Fwp%2Fv2%2Fproduct_cat&post=122771"},{"taxonomy":"product_tag","embeddable":true,"href":"https:\/\/www.hediyepazar.com\/index.php?rest_route=%2Fwp%2Fv2%2Fproduct_tag&post=122771"}],"curies":[{"name":"wp","href":"https:\/\/api.w.org\/{rel}","templated":true}]}}