{"id":122775,"date":"2026-05-06T10:42:17","date_gmt":"2026-05-06T13:42:17","guid":{"rendered":"https:\/\/www.hediyepazar.com\/?product=arac-ici-akilli-bardaklik-isitici-sogutucu-dijital-ekranli"},"modified":"2026-05-06T10:42:17","modified_gmt":"2026-05-06T13:42:17","slug":"arac-ici-akilli-bardaklik-isitici-sogutucu-dijital-ekranli","status":"publish","type":"product","link":"https:\/\/www.hediyepazar.com\/?product=arac-ici-akilli-bardaklik-isitici-sogutucu-dijital-ekranli","title":{"rendered":"Ara\u00e7 \u0130\u00e7i Ak\u0131ll\u0131 Bardakl\u0131k Is\u0131t\u0131c\u0131 So\u011futucu Dijital Ekranl\u0131"},"content":{"rendered":"<p>Ara\u00e7 i\u00e7i ak\u0131ll\u0131 \u0131s\u0131t\u0131c\u0131 ve so\u011futucu bardakl\u0131k, seyahat esnas\u0131nda i\u00e7eceklerinizi istedi\u011finiz s\u0131cakl\u0131kta tutmakla kalmaz, aktif olarak \u0131s\u0131t\u0131r veya so\u011futur. S\u0131radan termal bardakl\u0131klardan farkl\u0131 olarak bu \u00fcr\u00fcn yaln\u0131zca mevcut s\u0131cakl\u0131\u011f\u0131 korumaz; \u00f6rne\u011fin so\u011fuk koydu\u011funuz kahveyi k\u0131sa s\u00fcrede 60\u00b0C\u2019ye kadar \u0131s\u0131tabilir, oda s\u0131cakl\u0131\u011f\u0131ndaki bir kolay\u0131 ise -4\u00b0C\u2019ye kadar so\u011futabilir. 2\u20133 dakika i\u00e7inde etkili s\u0131cakl\u0131k de\u011fi\u015fimi sa\u011flar, b\u00f6ylece i\u00e7eceklerinizi beklemeden ideal k\u0131vamda t\u00fcketebilirsiniz. Dijital ekran\u0131 sayesinde dereceyi kolayca ayarlayabilir ve anl\u0131k olarak takip edebilirsiniz. Her boyuttaki i\u00e7ece\u011fe uyum sa\u011flayan geni\u015f hazne \u00f6l\u00e7\u00fcs\u00fc ile kahve, \u00e7ay, enerji i\u00e7ece\u011fi, kola, su \u015fi\u015fesi ve metal termoslarla uyumludur. Ara\u00e7 \u00e7akmak giri\u015finden g\u00fc\u00e7 al\u0131r ve t\u00fcm ara\u00e7 modellerinde sorunsuz \u00e7al\u0131\u015f\u0131r. \u015e\u0131k tasar\u0131m\u0131 ve g\u00fc\u00e7l\u00fc \u0131s\u0131tma-so\u011futma teknolojisiyle uzun yolculuklardan g\u00fcnl\u00fck \u015fehir i\u00e7i kullan\u0131m\u0131na kadar her s\u00fcr\u00fcc\u00fc i\u00e7in m\u00fckemmel bir konfor \u00fcr\u00fcn\u00fc sunar.<\/p>\n","protected":false},"excerpt":{"rendered":"<p>Ara\u00e7 i\u00e7i ak\u0131ll\u0131 \u0131s\u0131t\u0131c\u0131 ve so\u011futucu bardakl\u0131k, seyahat esnas\u0131nda i\u00e7eceklerinizi istedi\u011finiz s\u0131cakl\u0131kta tutmakla kalmaz, aktif olarak \u0131s\u0131t\u0131r veya so\u011futur. S\u0131radan termal bardakl\u0131klardan farkl\u0131 olarak bu \u00fcr\u00fcn yaln\u0131zca mevcut s\u0131cakl\u0131\u011f\u0131 korumaz; \u00f6rne\u011fin so\u011fuk koydu\u011funuz kahveyi k\u0131sa s\u00fcrede 60\u00b0C\u2019ye kadar \u0131s\u0131tabilir, oda s\u0131cakl\u0131\u011f\u0131ndaki bir kolay\u0131 ise -4\u00b0C\u2019ye kadar so\u011futabilir. 2\u20133 dakika i\u00e7inde etkili s\u0131cakl\u0131k de\u011fi\u015fimi sa\u011flar, b\u00f6ylece&#8230;<\/p>\n","protected":false},"featured_media":122774,"comment_status":"open","ping_status":"closed","template":"","meta":{"_kad_post_transparent":"","_kad_post_title":"","_kad_post_layout":"","_kad_post_sidebar_id":"","_kad_post_content_style":"","_kad_post_vertical_padding":"","_kad_post_feature":"","_kad_post_feature_position":"","_kad_post_header":false,"_kad_post_footer":false,"_kad_post_classname":""},"product_brand":[],"product_cat":[14909],"product_tag":[],"class_list":{"0":"post-122775","1":"product","2":"type-product","3":"status-publish","4":"has-post-thumbnail","6":"product_cat-termos-termos","8":"first","9":"instock","10":"purchasable","11":"product-type-simple","12":"entry","13":"content-bg","14":"loop-entry"},"_links":{"self":[{"href":"https:\/\/www.hediyepazar.com\/index.php?rest_route=\/wp\/v2\/product\/122775","targetHints":{"allow":["GET"]}}],"collection":[{"href":"https:\/\/www.hediyepazar.com\/index.php?rest_route=\/wp\/v2\/product"}],"about":[{"href":"https:\/\/www.hediyepazar.com\/index.php?rest_route=\/wp\/v2\/types\/product"}],"replies":[{"embeddable":true,"href":"https:\/\/www.hediyepazar.com\/index.php?rest_route=%2Fwp%2Fv2%2Fcomments&post=122775"}],"wp:featuredmedia":[{"embeddable":true,"href":"https:\/\/www.hediyepazar.com\/index.php?rest_route=\/wp\/v2\/media\/122774"}],"wp:attachment":[{"href":"https:\/\/www.hediyepazar.com\/index.php?rest_route=%2Fwp%2Fv2%2Fmedia&parent=122775"}],"wp:term":[{"taxonomy":"product_brand","embeddable":true,"href":"https:\/\/www.hediyepazar.com\/index.php?rest_route=%2Fwp%2Fv2%2Fproduct_brand&post=122775"},{"taxonomy":"product_cat","embeddable":true,"href":"https:\/\/www.hediyepazar.com\/index.php?rest_route=%2Fwp%2Fv2%2Fproduct_cat&post=122775"},{"taxonomy":"product_tag","embeddable":true,"href":"https:\/\/www.hediyepazar.com\/index.php?rest_route=%2Fwp%2Fv2%2Fproduct_tag&post=122775"}],"curies":[{"name":"wp","href":"https:\/\/api.w.org\/{rel}","templated":true}]}}