{"id":122787,"date":"2026-05-06T10:44:31","date_gmt":"2026-05-06T13:44:31","guid":{"rendered":"https:\/\/www.hediyepazar.com\/?product=1200a-takviye-kablosu-arac-acil-yardim-2-metre-guclu-masa"},"modified":"2026-05-06T10:44:31","modified_gmt":"2026-05-06T13:44:31","slug":"1200a-takviye-kablosu-arac-acil-yardim-2-metre-guclu-masa","status":"publish","type":"product","link":"https:\/\/www.hediyepazar.com\/?product=1200a-takviye-kablosu-arac-acil-yardim-2-metre-guclu-masa","title":{"rendered":"1200A Takviye Kablosu Ara\u00e7 Acil Yard\u0131m 2 Metre G\u00fc\u00e7l\u00fc Ma\u015fa"},"content":{"rendered":"<p>1200 Amper ak\u00fc takviye kablosu, g\u00fc\u00e7l\u00fc ak\u0131m iletimine ihtiya\u00e7 duyulan durumlarda etkili performans sunar. Ara\u00e7 ak\u00fcs\u00fc bitti\u011finde, dondu\u011funda veya zay\u0131flad\u0131\u011f\u0131nda g\u00fcvenilir bir takviye i\u015flemi ger\u00e7ekle\u015ftirmek i\u00e7in ideal bir \u00fcr\u00fcnd\u00fcr. 2 metre kablo uzunlu\u011fu sayesinde ara\u00e7lar aras\u0131ndaki mesafe sorun olmaz. Bak\u0131r u\u00e7lu ma\u015falar, ak\u00fc kutup ba\u015flar\u0131na g\u00fc\u00e7l\u00fc temas sa\u011flayarak enerji kayb\u0131n\u0131 en aza indirir. \u0130zole tutma alanlar\u0131 kullan\u0131c\u0131 g\u00fcvenli\u011fini garanti eder. Kullan\u0131m talimat\u0131na g\u00f6re kablolar \u00f6nce &#8220;-&#8221; daha sonra &#8220;+&#8221; u\u00e7lar\u0131na ba\u011flanmal\u0131d\u0131r. Takviye yap\u0131lan ara\u00e7 \u00e7al\u0131\u015ft\u0131\u011f\u0131nda kablolar ayn\u0131 s\u0131rayla \u00e7\u0131kar\u0131lmal\u0131d\u0131r. Kolay ta\u015f\u0131nabilir yap\u0131s\u0131 sayesinde bagajda yer kaplamaz ve ihtiya\u00e7 an\u0131nda h\u0131zl\u0131ca kullan\u0131labilir. So\u011fuk hava ko\u015fullar\u0131nda bile esnekli\u011fini koruyan kablo yap\u0131s\u0131 ile d\u00f6rt mevsim kullan\u0131m i\u00e7in uygundur.<\/p>\n","protected":false},"excerpt":{"rendered":"<p>1200 Amper ak\u00fc takviye kablosu, g\u00fc\u00e7l\u00fc ak\u0131m iletimine ihtiya\u00e7 duyulan durumlarda etkili performans sunar. Ara\u00e7 ak\u00fcs\u00fc bitti\u011finde, dondu\u011funda veya zay\u0131flad\u0131\u011f\u0131nda g\u00fcvenilir bir takviye i\u015flemi ger\u00e7ekle\u015ftirmek i\u00e7in ideal bir \u00fcr\u00fcnd\u00fcr. 2 metre kablo uzunlu\u011fu sayesinde ara\u00e7lar aras\u0131ndaki mesafe sorun olmaz. Bak\u0131r u\u00e7lu ma\u015falar, ak\u00fc kutup ba\u015flar\u0131na g\u00fc\u00e7l\u00fc temas sa\u011flayarak enerji kayb\u0131n\u0131 en aza indirir. \u0130zole tutma&#8230;<\/p>\n","protected":false},"featured_media":122786,"comment_status":"open","ping_status":"closed","template":"","meta":{"_kad_post_transparent":"","_kad_post_title":"","_kad_post_layout":"","_kad_post_sidebar_id":"","_kad_post_content_style":"","_kad_post_vertical_padding":"","_kad_post_feature":"","_kad_post_feature_position":"","_kad_post_header":false,"_kad_post_footer":false,"_kad_post_classname":""},"product_brand":[],"product_cat":[15142],"product_tag":[],"class_list":{"0":"post-122787","1":"product","2":"type-product","3":"status-publish","4":"has-post-thumbnail","6":"product_cat-arac-ici-aksesuar-arac-ici-aksesuar-2","8":"first","9":"instock","10":"purchasable","11":"product-type-simple","12":"entry","13":"content-bg","14":"loop-entry"},"_links":{"self":[{"href":"https:\/\/www.hediyepazar.com\/index.php?rest_route=\/wp\/v2\/product\/122787","targetHints":{"allow":["GET"]}}],"collection":[{"href":"https:\/\/www.hediyepazar.com\/index.php?rest_route=\/wp\/v2\/product"}],"about":[{"href":"https:\/\/www.hediyepazar.com\/index.php?rest_route=\/wp\/v2\/types\/product"}],"replies":[{"embeddable":true,"href":"https:\/\/www.hediyepazar.com\/index.php?rest_route=%2Fwp%2Fv2%2Fcomments&post=122787"}],"wp:featuredmedia":[{"embeddable":true,"href":"https:\/\/www.hediyepazar.com\/index.php?rest_route=\/wp\/v2\/media\/122786"}],"wp:attachment":[{"href":"https:\/\/www.hediyepazar.com\/index.php?rest_route=%2Fwp%2Fv2%2Fmedia&parent=122787"}],"wp:term":[{"taxonomy":"product_brand","embeddable":true,"href":"https:\/\/www.hediyepazar.com\/index.php?rest_route=%2Fwp%2Fv2%2Fproduct_brand&post=122787"},{"taxonomy":"product_cat","embeddable":true,"href":"https:\/\/www.hediyepazar.com\/index.php?rest_route=%2Fwp%2Fv2%2Fproduct_cat&post=122787"},{"taxonomy":"product_tag","embeddable":true,"href":"https:\/\/www.hediyepazar.com\/index.php?rest_route=%2Fwp%2Fv2%2Fproduct_tag&post=122787"}],"curies":[{"name":"wp","href":"https:\/\/api.w.org\/{rel}","templated":true}]}}