{"id":122789,"date":"2026-05-06T10:44:37","date_gmt":"2026-05-06T13:44:37","guid":{"rendered":"https:\/\/www.hediyepazar.com\/?product=aku-takviye-kablosu-1200a-izoleli-buyuk-masali-2m-dayanikli"},"modified":"2026-05-06T10:44:37","modified_gmt":"2026-05-06T13:44:37","slug":"aku-takviye-kablosu-1200a-izoleli-buyuk-masali-2m-dayanikli","status":"publish","type":"product","link":"https:\/\/www.hediyepazar.com\/?product=aku-takviye-kablosu-1200a-izoleli-buyuk-masali-2m-dayanikli","title":{"rendered":"Ak\u00fc Takviye Kablosu 1200A \u0130zoleli B\u00fcy\u00fck Ma\u015fal\u0131 2m Dayan\u0131kl\u0131"},"content":{"rendered":"<p>Bu 1200A ak\u00fc takviye kablosu, y\u00fcksek performans gerektiren durumlarda bile g\u00fc\u00e7l\u00fc iletim sa\u011flayan bak\u0131r u\u00e7lu ma\u015falar\u0131yla dikkat \u00e7eker. 2 metre uzunlu\u011fa sahip kablolar, ara\u00e7lar aras\u0131nda rahat kullan\u0131m imk\u00e2n\u0131 sunar. Kal\u0131n izolasyon kaplamas\u0131 g\u00fcvenli kullan\u0131m sa\u011flar ve elektrik temas riskini azalt\u0131r. Ma\u015falar\u0131n tutma b\u00f6lgeleri plastikle kaplanm\u0131\u015f olup kaymaz yap\u0131s\u0131yla g\u00fcvenli bir kavrama sunar. Kutu i\u00e7eri\u011finde art\u0131 ve eksi u\u00e7lar i\u00e7in iki adet ma\u015fal\u0131 kablo bulunur. Ak\u00fcn\u00fcz\u00fcn zay\u0131flad\u0131\u011f\u0131 ya da araban\u0131z \u00e7al\u0131\u015fmad\u0131\u011f\u0131 durumlarda ba\u015fka bir ak\u00fc ya da g\u00fc\u00e7 kayna\u011f\u0131na ba\u011flanarak arac\u0131n \u00e7al\u0131\u015fmas\u0131n\u0131 sa\u011flar. Takviye i\u015flemi s\u0131ras\u0131nda hem g\u00fc\u00e7l\u00fc iletkenlik hem de sa\u011flam kavrama sunan bu \u00fcr\u00fcn, her arac\u0131n bagaj\u0131nda mutlaka bulunmas\u0131 gereken acil durum malzemelerindendir.<\/p>\n","protected":false},"excerpt":{"rendered":"<p>Bu 1200A ak\u00fc takviye kablosu, y\u00fcksek performans gerektiren durumlarda bile g\u00fc\u00e7l\u00fc iletim sa\u011flayan bak\u0131r u\u00e7lu ma\u015falar\u0131yla dikkat \u00e7eker. 2 metre uzunlu\u011fa sahip kablolar, ara\u00e7lar aras\u0131nda rahat kullan\u0131m imk\u00e2n\u0131 sunar. Kal\u0131n izolasyon kaplamas\u0131 g\u00fcvenli kullan\u0131m sa\u011flar ve elektrik temas riskini azalt\u0131r. Ma\u015falar\u0131n tutma b\u00f6lgeleri plastikle kaplanm\u0131\u015f olup kaymaz yap\u0131s\u0131yla g\u00fcvenli bir kavrama sunar. Kutu i\u00e7eri\u011finde art\u0131&#8230;<\/p>\n","protected":false},"featured_media":122788,"comment_status":"open","ping_status":"closed","template":"","meta":{"_kad_post_transparent":"","_kad_post_title":"","_kad_post_layout":"","_kad_post_sidebar_id":"","_kad_post_content_style":"","_kad_post_vertical_padding":"","_kad_post_feature":"","_kad_post_feature_position":"","_kad_post_header":false,"_kad_post_footer":false,"_kad_post_classname":""},"product_brand":[],"product_cat":[15142],"product_tag":[],"class_list":{"0":"post-122789","1":"product","2":"type-product","3":"status-publish","4":"has-post-thumbnail","6":"product_cat-arac-ici-aksesuar-arac-ici-aksesuar-2","8":"first","9":"instock","10":"purchasable","11":"product-type-simple","12":"entry","13":"content-bg","14":"loop-entry"},"_links":{"self":[{"href":"https:\/\/www.hediyepazar.com\/index.php?rest_route=\/wp\/v2\/product\/122789","targetHints":{"allow":["GET"]}}],"collection":[{"href":"https:\/\/www.hediyepazar.com\/index.php?rest_route=\/wp\/v2\/product"}],"about":[{"href":"https:\/\/www.hediyepazar.com\/index.php?rest_route=\/wp\/v2\/types\/product"}],"replies":[{"embeddable":true,"href":"https:\/\/www.hediyepazar.com\/index.php?rest_route=%2Fwp%2Fv2%2Fcomments&post=122789"}],"wp:featuredmedia":[{"embeddable":true,"href":"https:\/\/www.hediyepazar.com\/index.php?rest_route=\/wp\/v2\/media\/122788"}],"wp:attachment":[{"href":"https:\/\/www.hediyepazar.com\/index.php?rest_route=%2Fwp%2Fv2%2Fmedia&parent=122789"}],"wp:term":[{"taxonomy":"product_brand","embeddable":true,"href":"https:\/\/www.hediyepazar.com\/index.php?rest_route=%2Fwp%2Fv2%2Fproduct_brand&post=122789"},{"taxonomy":"product_cat","embeddable":true,"href":"https:\/\/www.hediyepazar.com\/index.php?rest_route=%2Fwp%2Fv2%2Fproduct_cat&post=122789"},{"taxonomy":"product_tag","embeddable":true,"href":"https:\/\/www.hediyepazar.com\/index.php?rest_route=%2Fwp%2Fv2%2Fproduct_tag&post=122789"}],"curies":[{"name":"wp","href":"https:\/\/api.w.org\/{rel}","templated":true}]}}