{"id":122797,"date":"2026-05-06T10:45:06","date_gmt":"2026-05-06T13:45:06","guid":{"rendered":"https:\/\/www.hediyepazar.com\/?product=otomobil-bardak-tutucu-ikisi-bir-arada-360-donebilen-genis-kapasiteli"},"modified":"2026-05-06T10:45:06","modified_gmt":"2026-05-06T13:45:06","slug":"otomobil-bardak-tutucu-ikisi-bir-arada-360-donebilen-genis-kapasiteli","status":"publish","type":"product","link":"https:\/\/www.hediyepazar.com\/?product=otomobil-bardak-tutucu-ikisi-bir-arada-360-donebilen-genis-kapasiteli","title":{"rendered":"Otomobil Bardak Tutucu \u0130kisi Bir Arada 360\u00b0 D\u00f6nebilen Geni\u015f Kapasiteli"},"content":{"rendered":"<p>Araba i\u00e7indeki s\u0131n\u0131rl\u0131 alan\u0131 daha verimli kullanmak isteyenler i\u00e7in tasarlanan bu 360\u00b0 d\u00f6nebilen bardak tutucu, ikili fonksiyonuyla b\u00fcy\u00fck rahatl\u0131k sa\u011flar. Karbon fiber desenli \u015f\u0131k d\u0131\u015f y\u00fczeyi estetik bir g\u00f6r\u00fcn\u00fcm sunarken, dayan\u0131kl\u0131 g\u00f6vdesi uzun \u00f6m\u00fcrl\u00fc kullan\u0131m imk\u00e2n\u0131 tan\u0131r. Bardak tutucunun \u00fcst b\u00f6lmesi d\u00f6ner yap\u0131dad\u0131r ve ekstra bir saklama alan\u0131 olu\u015fturur. Telefon, kahve barda\u011f\u0131, i\u00e7ecek kutusu veya termos gibi bir\u00e7ok \u00fcr\u00fcn\u00fc rahat\u00e7a ta\u015f\u0131yabilirsiniz. Ayarlanabilir a\u00e7\u0131kl\u0131k sistemi sayesinde farkl\u0131 boyuttaki i\u00e7ecekleri sabit bir \u015fekilde tutar. Su ge\u00e7irmez y\u00fczeyi kolay temizlenir, kir tutmaz. Hem kullan\u0131m kolayl\u0131\u011f\u0131 hem de d\u00fczenlay\u0131c\u0131 \u00f6zelli\u011fiyle ara\u00e7 i\u00e7i konforu art\u0131r\u0131r. Her ara\u00e7 modeliyle uyumlu ve son derece pratik bir \u00fcr\u00fcnd\u00fcr.<\/p>\n","protected":false},"excerpt":{"rendered":"<p>Araba i\u00e7indeki s\u0131n\u0131rl\u0131 alan\u0131 daha verimli kullanmak isteyenler i\u00e7in tasarlanan bu 360\u00b0 d\u00f6nebilen bardak tutucu, ikili fonksiyonuyla b\u00fcy\u00fck rahatl\u0131k sa\u011flar. Karbon fiber desenli \u015f\u0131k d\u0131\u015f y\u00fczeyi estetik bir g\u00f6r\u00fcn\u00fcm sunarken, dayan\u0131kl\u0131 g\u00f6vdesi uzun \u00f6m\u00fcrl\u00fc kullan\u0131m imk\u00e2n\u0131 tan\u0131r. Bardak tutucunun \u00fcst b\u00f6lmesi d\u00f6ner yap\u0131dad\u0131r ve ekstra bir saklama alan\u0131 olu\u015fturur. Telefon, kahve barda\u011f\u0131, i\u00e7ecek kutusu veya&#8230;<\/p>\n","protected":false},"featured_media":122796,"comment_status":"open","ping_status":"closed","template":"","meta":{"_kad_post_transparent":"","_kad_post_title":"","_kad_post_layout":"","_kad_post_sidebar_id":"","_kad_post_content_style":"","_kad_post_vertical_padding":"","_kad_post_feature":"","_kad_post_feature_position":"","_kad_post_header":false,"_kad_post_footer":false,"_kad_post_classname":""},"product_brand":[],"product_cat":[15154],"product_tag":[],"class_list":{"0":"post-122797","1":"product","2":"type-product","3":"status-publish","4":"has-post-thumbnail","6":"product_cat-oto-bardaklik-oto-bardaklik","8":"first","9":"instock","10":"purchasable","11":"product-type-simple","12":"entry","13":"content-bg","14":"loop-entry"},"_links":{"self":[{"href":"https:\/\/www.hediyepazar.com\/index.php?rest_route=\/wp\/v2\/product\/122797","targetHints":{"allow":["GET"]}}],"collection":[{"href":"https:\/\/www.hediyepazar.com\/index.php?rest_route=\/wp\/v2\/product"}],"about":[{"href":"https:\/\/www.hediyepazar.com\/index.php?rest_route=\/wp\/v2\/types\/product"}],"replies":[{"embeddable":true,"href":"https:\/\/www.hediyepazar.com\/index.php?rest_route=%2Fwp%2Fv2%2Fcomments&post=122797"}],"wp:featuredmedia":[{"embeddable":true,"href":"https:\/\/www.hediyepazar.com\/index.php?rest_route=\/wp\/v2\/media\/122796"}],"wp:attachment":[{"href":"https:\/\/www.hediyepazar.com\/index.php?rest_route=%2Fwp%2Fv2%2Fmedia&parent=122797"}],"wp:term":[{"taxonomy":"product_brand","embeddable":true,"href":"https:\/\/www.hediyepazar.com\/index.php?rest_route=%2Fwp%2Fv2%2Fproduct_brand&post=122797"},{"taxonomy":"product_cat","embeddable":true,"href":"https:\/\/www.hediyepazar.com\/index.php?rest_route=%2Fwp%2Fv2%2Fproduct_cat&post=122797"},{"taxonomy":"product_tag","embeddable":true,"href":"https:\/\/www.hediyepazar.com\/index.php?rest_route=%2Fwp%2Fv2%2Fproduct_tag&post=122797"}],"curies":[{"name":"wp","href":"https:\/\/api.w.org\/{rel}","templated":true}]}}