{"id":122801,"date":"2026-05-06T10:45:17","date_gmt":"2026-05-06T13:45:17","guid":{"rendered":"https:\/\/www.hediyepazar.com\/?product=arac-ikili-bardak-tutucu-ayarlanabilir-genislik-360-doner-sistem"},"modified":"2026-05-06T10:45:17","modified_gmt":"2026-05-06T13:45:17","slug":"arac-ikili-bardak-tutucu-ayarlanabilir-genislik-360-doner-sistem","status":"publish","type":"product","link":"https:\/\/www.hediyepazar.com\/?product=arac-ikili-bardak-tutucu-ayarlanabilir-genislik-360-doner-sistem","title":{"rendered":"Ara\u00e7 \u0130kili Bardak Tutucu Ayarlanabilir Geni\u015flik 360\u00b0 D\u00f6ner Sistem"},"content":{"rendered":"<p>\u0130\u00e7 hacmi art\u0131ran ve ara\u00e7 i\u00e7inde d\u00fczen sa\u011flayan \u00e7iftli d\u00f6ner bardak tutucu, pratik kullan\u0131m\u0131yla \u00f6ne \u00e7\u0131kar. 360\u00b0 d\u00f6nebilen \u00f6zel sistemi sayesinde i\u00e7ece\u011finizi en uygun pozisyonda konumland\u0131rabilirsiniz. \u00dcr\u00fcn, ara\u00e7 i\u00e7indeki dar alanlar\u0131 de\u011ferlendirmek i\u00e7in geli\u015ftirilmi\u015f olup tek yuval\u0131 bardak tutucusunu iki alana d\u00f6n\u00fc\u015ft\u00fcr\u00fcr. Karbon fiber y\u00fczeyi hem estetik hem kaliteli bir g\u00f6r\u00fcn\u00fcm sunar. Kal\u0131nla\u015ft\u0131r\u0131lm\u0131\u015f dayan\u0131kl\u0131 plastik malzemeden \u00fcretilmi\u015f olmas\u0131 sayesinde uzun \u00f6m\u00fcrl\u00fc kullan\u0131m imk\u00e2n\u0131 sa\u011flar. Ayarlanabilir a\u00e7\u0131kl\u0131k \u00f6zelli\u011fi farkl\u0131 ebatlardaki \u015fi\u015fe, kupa, termos ve kutu i\u00e7eceklerle uyumludur. Su ge\u00e7irmez y\u00fczeyi kolay temizlenir ve kir tutmaz. Arac\u0131n\u0131z\u0131n i\u00e7 mek\u00e2n\u0131n\u0131 d\u00fczenli tutarken ayn\u0131 zamanda daha fazla e\u015fya koyma imk\u00e2n\u0131 sunar. Kullan\u0131c\u0131 dostu, sa\u011flam ve \u015f\u0131k tasar\u0131m\u0131yla ideal bir ara\u00e7 i\u00e7i aksesuar\u0131d\u0131r.<\/p>\n","protected":false},"excerpt":{"rendered":"<p>\u0130\u00e7 hacmi art\u0131ran ve ara\u00e7 i\u00e7inde d\u00fczen sa\u011flayan \u00e7iftli d\u00f6ner bardak tutucu, pratik kullan\u0131m\u0131yla \u00f6ne \u00e7\u0131kar. 360\u00b0 d\u00f6nebilen \u00f6zel sistemi sayesinde i\u00e7ece\u011finizi en uygun pozisyonda konumland\u0131rabilirsiniz. \u00dcr\u00fcn, ara\u00e7 i\u00e7indeki dar alanlar\u0131 de\u011ferlendirmek i\u00e7in geli\u015ftirilmi\u015f olup tek yuval\u0131 bardak tutucusunu iki alana d\u00f6n\u00fc\u015ft\u00fcr\u00fcr. Karbon fiber y\u00fczeyi hem estetik hem kaliteli bir g\u00f6r\u00fcn\u00fcm sunar. Kal\u0131nla\u015ft\u0131r\u0131lm\u0131\u015f dayan\u0131kl\u0131 plastik&#8230;<\/p>\n","protected":false},"featured_media":122800,"comment_status":"open","ping_status":"closed","template":"","meta":{"_kad_post_transparent":"","_kad_post_title":"","_kad_post_layout":"","_kad_post_sidebar_id":"","_kad_post_content_style":"","_kad_post_vertical_padding":"","_kad_post_feature":"","_kad_post_feature_position":"","_kad_post_header":false,"_kad_post_footer":false,"_kad_post_classname":""},"product_brand":[],"product_cat":[15154],"product_tag":[],"class_list":{"0":"post-122801","1":"product","2":"type-product","3":"status-publish","4":"has-post-thumbnail","6":"product_cat-oto-bardaklik-oto-bardaklik","8":"first","9":"instock","10":"purchasable","11":"product-type-simple","12":"entry","13":"content-bg","14":"loop-entry"},"_links":{"self":[{"href":"https:\/\/www.hediyepazar.com\/index.php?rest_route=\/wp\/v2\/product\/122801","targetHints":{"allow":["GET"]}}],"collection":[{"href":"https:\/\/www.hediyepazar.com\/index.php?rest_route=\/wp\/v2\/product"}],"about":[{"href":"https:\/\/www.hediyepazar.com\/index.php?rest_route=\/wp\/v2\/types\/product"}],"replies":[{"embeddable":true,"href":"https:\/\/www.hediyepazar.com\/index.php?rest_route=%2Fwp%2Fv2%2Fcomments&post=122801"}],"wp:featuredmedia":[{"embeddable":true,"href":"https:\/\/www.hediyepazar.com\/index.php?rest_route=\/wp\/v2\/media\/122800"}],"wp:attachment":[{"href":"https:\/\/www.hediyepazar.com\/index.php?rest_route=%2Fwp%2Fv2%2Fmedia&parent=122801"}],"wp:term":[{"taxonomy":"product_brand","embeddable":true,"href":"https:\/\/www.hediyepazar.com\/index.php?rest_route=%2Fwp%2Fv2%2Fproduct_brand&post=122801"},{"taxonomy":"product_cat","embeddable":true,"href":"https:\/\/www.hediyepazar.com\/index.php?rest_route=%2Fwp%2Fv2%2Fproduct_cat&post=122801"},{"taxonomy":"product_tag","embeddable":true,"href":"https:\/\/www.hediyepazar.com\/index.php?rest_route=%2Fwp%2Fv2%2Fproduct_tag&post=122801"}],"curies":[{"name":"wp","href":"https:\/\/api.w.org\/{rel}","templated":true}]}}