{"id":122847,"date":"2026-05-06T10:54:20","date_gmt":"2026-05-06T13:54:20","guid":{"rendered":"https:\/\/www.hediyepazar.com\/?product=pilli-kulak-burun-tuy-temizleyici-raks"},"modified":"2026-05-06T10:54:20","modified_gmt":"2026-05-06T13:54:20","slug":"pilli-kulak-burun-tuy-temizleyici-raks","status":"publish","type":"product","link":"https:\/\/www.hediyepazar.com\/?product=pilli-kulak-burun-tuy-temizleyici-raks","title":{"rendered":"Pilli Kulak Burun T\u00fcy Temizleyici Raks"},"content":{"rendered":"<p>Raks Leo Kulak Burun T\u00fcy Temizleme Makinas\u0131, ki\u015fisel bak\u0131m\u0131n\u0131 h\u0131zl\u0131, pratik ve g\u00fcvenli \u015fekilde yapmak isteyen kullan\u0131c\u0131lar i\u00e7in geli\u015ftirilmi\u015f profesyonel bir cihazd\u0131r. \u00d6zellikle burun ve kulak \u00e7evresindeki hassas t\u00fcyleri nazik\u00e7e temizlemek i\u00e7in tasarlanm\u0131\u015ft\u0131r. K\u0131rm\u0131z\u0131 renkli \u015f\u0131k g\u00f6vdesi modern bir g\u00f6r\u00fcn\u00fcm sunarken, ergonomik yap\u0131s\u0131 sayesinde ele tam oturur ve rahat kullan\u0131m sa\u011flar. Pilli kullan\u0131m \u00f6zelli\u011fi ile kablo karma\u015fas\u0131 olmadan \u00f6zg\u00fcrce kullan\u0131labilir. \u00dcr\u00fcnde bulunan pil g\u00f6stergesi, enerji seviyesini takip etmenize yard\u0131mc\u0131 olur; b\u00f6ylece i\u015flem s\u0131ras\u0131nda pil bitme sorunu ya\u015famazs\u0131n\u0131z. 45 dakikal\u0131k kullan\u0131m s\u00fcresi, uzun seanslarda bile kesintisiz performans sunar. Kuru kullan\u0131m tipi sayesinde hijyenik ve g\u00fcvenlidir; su gerektirmez ve her ortamda rahat\u00e7a kullan\u0131labilir. Hafif ve ta\u015f\u0131nabilir yap\u0131s\u0131 sayesinde seyahatlerde yan\u0131n\u0131zda rahatl\u0131kla ta\u015f\u0131yabilirsiniz. 2 y\u0131l distrib\u00fct\u00f6r garantisiyle birlikte sunulan bu cihaz, dayan\u0131kl\u0131 malzemesi ve y\u00fcksek performans\u0131yla ki\u015fisel bak\u0131m rutininizin vazge\u00e7ilmezi olacak.<\/p>\n","protected":false},"excerpt":{"rendered":"<p>Raks Leo Kulak Burun T\u00fcy Temizleme Makinas\u0131, ki\u015fisel bak\u0131m\u0131n\u0131 h\u0131zl\u0131, pratik ve g\u00fcvenli \u015fekilde yapmak isteyen kullan\u0131c\u0131lar i\u00e7in geli\u015ftirilmi\u015f profesyonel bir cihazd\u0131r. \u00d6zellikle burun ve kulak \u00e7evresindeki hassas t\u00fcyleri nazik\u00e7e temizlemek i\u00e7in tasarlanm\u0131\u015ft\u0131r. K\u0131rm\u0131z\u0131 renkli \u015f\u0131k g\u00f6vdesi modern bir g\u00f6r\u00fcn\u00fcm sunarken, ergonomik yap\u0131s\u0131 sayesinde ele tam oturur ve rahat kullan\u0131m sa\u011flar. Pilli kullan\u0131m \u00f6zelli\u011fi ile&#8230;<\/p>\n","protected":false},"featured_media":122846,"comment_status":"open","ping_status":"closed","template":"","meta":{"_kad_post_transparent":"","_kad_post_title":"","_kad_post_layout":"","_kad_post_sidebar_id":"","_kad_post_content_style":"","_kad_post_vertical_padding":"","_kad_post_feature":"","_kad_post_feature_position":"","_kad_post_header":false,"_kad_post_footer":false,"_kad_post_classname":""},"product_brand":[],"product_cat":[14925],"product_tag":[],"class_list":{"0":"post-122847","1":"product","2":"type-product","3":"status-publish","4":"has-post-thumbnail","6":"product_cat-tiras-makinesi-tiras-makinesi","8":"first","9":"instock","10":"purchasable","11":"product-type-simple","12":"entry","13":"content-bg","14":"loop-entry"},"_links":{"self":[{"href":"https:\/\/www.hediyepazar.com\/index.php?rest_route=\/wp\/v2\/product\/122847","targetHints":{"allow":["GET"]}}],"collection":[{"href":"https:\/\/www.hediyepazar.com\/index.php?rest_route=\/wp\/v2\/product"}],"about":[{"href":"https:\/\/www.hediyepazar.com\/index.php?rest_route=\/wp\/v2\/types\/product"}],"replies":[{"embeddable":true,"href":"https:\/\/www.hediyepazar.com\/index.php?rest_route=%2Fwp%2Fv2%2Fcomments&post=122847"}],"wp:featuredmedia":[{"embeddable":true,"href":"https:\/\/www.hediyepazar.com\/index.php?rest_route=\/wp\/v2\/media\/122846"}],"wp:attachment":[{"href":"https:\/\/www.hediyepazar.com\/index.php?rest_route=%2Fwp%2Fv2%2Fmedia&parent=122847"}],"wp:term":[{"taxonomy":"product_brand","embeddable":true,"href":"https:\/\/www.hediyepazar.com\/index.php?rest_route=%2Fwp%2Fv2%2Fproduct_brand&post=122847"},{"taxonomy":"product_cat","embeddable":true,"href":"https:\/\/www.hediyepazar.com\/index.php?rest_route=%2Fwp%2Fv2%2Fproduct_cat&post=122847"},{"taxonomy":"product_tag","embeddable":true,"href":"https:\/\/www.hediyepazar.com\/index.php?rest_route=%2Fwp%2Fv2%2Fproduct_tag&post=122847"}],"curies":[{"name":"wp","href":"https:\/\/api.w.org\/{rel}","templated":true}]}}