{"id":122855,"date":"2026-05-06T10:56:23","date_gmt":"2026-05-06T13:56:23","guid":{"rendered":"https:\/\/www.hediyepazar.com\/?product=sw55-akilli-saat"},"modified":"2026-05-06T10:56:23","modified_gmt":"2026-05-06T13:56:23","slug":"sw55-akilli-saat","status":"publish","type":"product","link":"https:\/\/www.hediyepazar.com\/?product=sw55-akilli-saat","title":{"rendered":"SW55 Ak\u0131ll\u0131 Saat"},"content":{"rendered":"<p>Bu ak\u0131ll\u0131 saat, ki\u015fisel asistan\u0131n\u0131z gibi \u00e7al\u0131\u015farak g\u00fcn i\u00e7erisindeki t\u00fcm rutinlerinizi d\u00fczenlemenize yard\u0131mc\u0131 olur.\u0130la\u00e7 hat\u0131rlatma, su i\u00e7me uyar\u0131s\u0131, hareketsizlik uyar\u0131s\u0131, alarm ve takvim planlamas\u0131 sayesinde zaman y\u00f6netimi \u00e7ok daha kolayd\u0131r.Telefonumu bul, QR kod, hesap makinesi ve sesli asistan gibi pratik fonksiyonlar g\u00fcnl\u00fck ihtiya\u00e7lar\u0131n\u0131za h\u0131zl\u0131 \u00e7\u00f6z\u00fcm sunar.<\/p>\n","protected":false},"excerpt":{"rendered":"<p>Bu ak\u0131ll\u0131 saat, ki\u015fisel asistan\u0131n\u0131z gibi \u00e7al\u0131\u015farak g\u00fcn i\u00e7erisindeki t\u00fcm rutinlerinizi d\u00fczenlemenize yard\u0131mc\u0131 olur.\u0130la\u00e7 hat\u0131rlatma, su i\u00e7me uyar\u0131s\u0131, hareketsizlik uyar\u0131s\u0131, alarm ve takvim planlamas\u0131 sayesinde zaman y\u00f6netimi \u00e7ok daha kolayd\u0131r.Telefonumu bul, QR kod, hesap makinesi ve sesli asistan gibi pratik fonksiyonlar g\u00fcnl\u00fck ihtiya\u00e7lar\u0131n\u0131za h\u0131zl\u0131 \u00e7\u00f6z\u00fcm sunar.<\/p>\n","protected":false},"featured_media":122854,"comment_status":"open","ping_status":"closed","template":"","meta":{"_kad_post_transparent":"","_kad_post_title":"","_kad_post_layout":"","_kad_post_sidebar_id":"","_kad_post_content_style":"","_kad_post_vertical_padding":"","_kad_post_feature":"","_kad_post_feature_position":"","_kad_post_header":false,"_kad_post_footer":false,"_kad_post_classname":""},"product_brand":[],"product_cat":[14935],"product_tag":[],"class_list":{"0":"post-122855","1":"product","2":"type-product","3":"status-publish","4":"has-post-thumbnail","6":"product_cat-akilli-saatler-akilli-saatler","8":"first","9":"instock","10":"purchasable","11":"product-type-simple","12":"entry","13":"content-bg","14":"loop-entry"},"_links":{"self":[{"href":"https:\/\/www.hediyepazar.com\/index.php?rest_route=\/wp\/v2\/product\/122855","targetHints":{"allow":["GET"]}}],"collection":[{"href":"https:\/\/www.hediyepazar.com\/index.php?rest_route=\/wp\/v2\/product"}],"about":[{"href":"https:\/\/www.hediyepazar.com\/index.php?rest_route=\/wp\/v2\/types\/product"}],"replies":[{"embeddable":true,"href":"https:\/\/www.hediyepazar.com\/index.php?rest_route=%2Fwp%2Fv2%2Fcomments&post=122855"}],"wp:featuredmedia":[{"embeddable":true,"href":"https:\/\/www.hediyepazar.com\/index.php?rest_route=\/wp\/v2\/media\/122854"}],"wp:attachment":[{"href":"https:\/\/www.hediyepazar.com\/index.php?rest_route=%2Fwp%2Fv2%2Fmedia&parent=122855"}],"wp:term":[{"taxonomy":"product_brand","embeddable":true,"href":"https:\/\/www.hediyepazar.com\/index.php?rest_route=%2Fwp%2Fv2%2Fproduct_brand&post=122855"},{"taxonomy":"product_cat","embeddable":true,"href":"https:\/\/www.hediyepazar.com\/index.php?rest_route=%2Fwp%2Fv2%2Fproduct_cat&post=122855"},{"taxonomy":"product_tag","embeddable":true,"href":"https:\/\/www.hediyepazar.com\/index.php?rest_route=%2Fwp%2Fv2%2Fproduct_tag&post=122855"}],"curies":[{"name":"wp","href":"https:\/\/api.w.org\/{rel}","templated":true}]}}