{"id":122859,"date":"2026-05-06T10:56:36","date_gmt":"2026-05-06T13:56:36","guid":{"rendered":"https:\/\/www.hediyepazar.com\/?product=amoled-akilli-saat-gelismis-sensorlu-kadin-sagligi-ve-hatirlatma-ozellikli"},"modified":"2026-05-06T10:56:36","modified_gmt":"2026-05-06T13:56:36","slug":"amoled-akilli-saat-gelismis-sensorlu-kadin-sagligi-ve-hatirlatma-ozellikli","status":"publish","type":"product","link":"https:\/\/www.hediyepazar.com\/?product=amoled-akilli-saat-gelismis-sensorlu-kadin-sagligi-ve-hatirlatma-ozellikli","title":{"rendered":"AMOLED Ak\u0131ll\u0131 Saat Geli\u015fmi\u015f Sens\u00f6rl\u00fc \u2013 Kad\u0131n Sa\u011fl\u0131\u011f\u0131 ve Hat\u0131rlatma \u00d6zellikli"},"content":{"rendered":"<p>Premium metal g\u00f6vde ve \u00e7elik kordon, bu ak\u0131ll\u0131 saate hem dayan\u0131kl\u0131l\u0131k hem de l\u00fcks bir g\u00f6r\u00fcn\u00fcm kazand\u0131r\u0131r. AMOLED ekran teknolojisi, y\u00fcksek kontrast ve canl\u0131 renkler sunarak klasik saat g\u00f6r\u00fcn\u00fcm\u00fcn\u00fc modern teknoloji ile birle\u015ftirir.Sadece mesaj bildirimlerini de\u011fil, telefon g\u00f6r\u00fc\u015fmelerini de bilekten y\u00f6netebilme imk\u00e2n\u0131 sa\u011flar. Rehber senkronizasyonu, \u00e7a\u011fr\u0131 ge\u00e7mi\u015fi, numara \u00e7evirici ve Bluetooth ba\u011flant\u0131s\u0131 ile g\u00fc\u00e7l\u00fc ileti\u015fim kurar. Su i\u00e7me ve ila\u00e7 hat\u0131rlat\u0131c\u0131, hareketsizlik uyar\u0131s\u0131 ve kad\u0131n sa\u011fl\u0131k modu g\u00fcnl\u00fck ya\u015fam\u0131n vazge\u00e7ilmez destek\u00e7ileri olur.Takvim, hava durumu, pusula ve alarm gibi fonksiyonlar, g\u00fcn i\u00e7inde planlama yapmay\u0131 kolayla\u015ft\u0131r\u0131r. Parlakl\u0131k ayar\u0131, g\u00fc\u00e7 tasarrufu modu ve ekran hareketi ile a\u00e7\u0131lma \u00f6zelli\u011fi ki\u015fisel kullan\u0131m konforunu \u00fcst seviyeye ta\u015f\u0131r.<\/p>\n","protected":false},"excerpt":{"rendered":"<p>Premium metal g\u00f6vde ve \u00e7elik kordon, bu ak\u0131ll\u0131 saate hem dayan\u0131kl\u0131l\u0131k hem de l\u00fcks bir g\u00f6r\u00fcn\u00fcm kazand\u0131r\u0131r. AMOLED ekran teknolojisi, y\u00fcksek kontrast ve canl\u0131 renkler sunarak klasik saat g\u00f6r\u00fcn\u00fcm\u00fcn\u00fc modern teknoloji ile birle\u015ftirir.Sadece mesaj bildirimlerini de\u011fil, telefon g\u00f6r\u00fc\u015fmelerini de bilekten y\u00f6netebilme imk\u00e2n\u0131 sa\u011flar. Rehber senkronizasyonu, \u00e7a\u011fr\u0131 ge\u00e7mi\u015fi, numara \u00e7evirici ve Bluetooth ba\u011flant\u0131s\u0131 ile g\u00fc\u00e7l\u00fc ileti\u015fim&#8230;<\/p>\n","protected":false},"featured_media":122858,"comment_status":"open","ping_status":"closed","template":"","meta":{"_kad_post_transparent":"","_kad_post_title":"","_kad_post_layout":"","_kad_post_sidebar_id":"","_kad_post_content_style":"","_kad_post_vertical_padding":"","_kad_post_feature":"","_kad_post_feature_position":"","_kad_post_header":false,"_kad_post_footer":false,"_kad_post_classname":""},"product_brand":[],"product_cat":[14935],"product_tag":[],"class_list":{"0":"post-122859","1":"product","2":"type-product","3":"status-publish","4":"has-post-thumbnail","6":"product_cat-akilli-saatler-akilli-saatler","8":"first","9":"instock","10":"purchasable","11":"product-type-simple","12":"entry","13":"content-bg","14":"loop-entry"},"_links":{"self":[{"href":"https:\/\/www.hediyepazar.com\/index.php?rest_route=\/wp\/v2\/product\/122859","targetHints":{"allow":["GET"]}}],"collection":[{"href":"https:\/\/www.hediyepazar.com\/index.php?rest_route=\/wp\/v2\/product"}],"about":[{"href":"https:\/\/www.hediyepazar.com\/index.php?rest_route=\/wp\/v2\/types\/product"}],"replies":[{"embeddable":true,"href":"https:\/\/www.hediyepazar.com\/index.php?rest_route=%2Fwp%2Fv2%2Fcomments&post=122859"}],"wp:featuredmedia":[{"embeddable":true,"href":"https:\/\/www.hediyepazar.com\/index.php?rest_route=\/wp\/v2\/media\/122858"}],"wp:attachment":[{"href":"https:\/\/www.hediyepazar.com\/index.php?rest_route=%2Fwp%2Fv2%2Fmedia&parent=122859"}],"wp:term":[{"taxonomy":"product_brand","embeddable":true,"href":"https:\/\/www.hediyepazar.com\/index.php?rest_route=%2Fwp%2Fv2%2Fproduct_brand&post=122859"},{"taxonomy":"product_cat","embeddable":true,"href":"https:\/\/www.hediyepazar.com\/index.php?rest_route=%2Fwp%2Fv2%2Fproduct_cat&post=122859"},{"taxonomy":"product_tag","embeddable":true,"href":"https:\/\/www.hediyepazar.com\/index.php?rest_route=%2Fwp%2Fv2%2Fproduct_tag&post=122859"}],"curies":[{"name":"wp","href":"https:\/\/api.w.org\/{rel}","templated":true}]}}