{"id":122869,"date":"2026-05-06T10:58:19","date_gmt":"2026-05-06T13:58:19","guid":{"rendered":"https:\/\/www.hediyepazar.com\/?product=enerji-tasarruflu-seffaf-kablo-5-m-50-led-dekor-isik"},"modified":"2026-05-06T10:58:19","modified_gmt":"2026-05-06T13:58:19","slug":"enerji-tasarruflu-seffaf-kablo-5-m-50-led-dekor-isik","status":"publish","type":"product","link":"https:\/\/www.hediyepazar.com\/?product=enerji-tasarruflu-seffaf-kablo-5-m-50-led-dekor-isik","title":{"rendered":"Enerji Tasarruflu \u015eeffaf Kablo 5 m 50 LED Dekor I\u015f\u0131k"},"content":{"rendered":"<p>\u015eeffaf kablo tasar\u0131m\u0131, bu LED \u0131\u015f\u0131\u011f\u0131 di\u011ferlerinden farkl\u0131 k\u0131lan en \u00f6nemli \u00f6zelliklerden biridir. Kablo duvarda, camda veya mobilya \u00fczerinde neredeyse g\u00f6r\u00fcnmez bir \u015fekilde durur, b\u00f6ylece yaln\u0131zca \u0131\u015f\u0131\u011f\u0131n etkisi \u00f6n plana \u00e7\u0131kar. Minimalist dekorasyon sevenler i\u00e7in ideal bir \u00fcr\u00fcnd\u00fcr. Ortama temiz, d\u00fczenli ve zarif bir g\u00f6r\u00fcn\u00fcm kazand\u0131r\u0131r. \u015eeffaf kablo, \u00f6zellikle foto\u011fraf ve video \u00e7ekimlerinde arka planda estetik bir g\u00f6r\u00fcnt\u00fc sa\u011flar. Dekoratif kullan\u0131m i\u00e7in son derece uygundur.<\/p>\n","protected":false},"excerpt":{"rendered":"<p>\u015eeffaf kablo tasar\u0131m\u0131, bu LED \u0131\u015f\u0131\u011f\u0131 di\u011ferlerinden farkl\u0131 k\u0131lan en \u00f6nemli \u00f6zelliklerden biridir. Kablo duvarda, camda veya mobilya \u00fczerinde neredeyse g\u00f6r\u00fcnmez bir \u015fekilde durur, b\u00f6ylece yaln\u0131zca \u0131\u015f\u0131\u011f\u0131n etkisi \u00f6n plana \u00e7\u0131kar. Minimalist dekorasyon sevenler i\u00e7in ideal bir \u00fcr\u00fcnd\u00fcr. Ortama temiz, d\u00fczenli ve zarif bir g\u00f6r\u00fcn\u00fcm kazand\u0131r\u0131r. \u015eeffaf kablo, \u00f6zellikle foto\u011fraf ve video \u00e7ekimlerinde arka planda&#8230;<\/p>\n","protected":false},"featured_media":122868,"comment_status":"open","ping_status":"closed","template":"","meta":{"_kad_post_transparent":"","_kad_post_title":"","_kad_post_layout":"","_kad_post_sidebar_id":"","_kad_post_content_style":"","_kad_post_vertical_padding":"","_kad_post_feature":"","_kad_post_feature_position":"","_kad_post_header":false,"_kad_post_footer":false,"_kad_post_classname":""},"product_brand":[],"product_cat":[14933],"product_tag":[],"class_list":{"0":"post-122869","1":"product","2":"type-product","3":"status-publish","4":"has-post-thumbnail","6":"product_cat-led-isik-led-isik","8":"first","9":"instock","10":"purchasable","11":"product-type-simple","12":"entry","13":"content-bg","14":"loop-entry"},"_links":{"self":[{"href":"https:\/\/www.hediyepazar.com\/index.php?rest_route=\/wp\/v2\/product\/122869","targetHints":{"allow":["GET"]}}],"collection":[{"href":"https:\/\/www.hediyepazar.com\/index.php?rest_route=\/wp\/v2\/product"}],"about":[{"href":"https:\/\/www.hediyepazar.com\/index.php?rest_route=\/wp\/v2\/types\/product"}],"replies":[{"embeddable":true,"href":"https:\/\/www.hediyepazar.com\/index.php?rest_route=%2Fwp%2Fv2%2Fcomments&post=122869"}],"wp:featuredmedia":[{"embeddable":true,"href":"https:\/\/www.hediyepazar.com\/index.php?rest_route=\/wp\/v2\/media\/122868"}],"wp:attachment":[{"href":"https:\/\/www.hediyepazar.com\/index.php?rest_route=%2Fwp%2Fv2%2Fmedia&parent=122869"}],"wp:term":[{"taxonomy":"product_brand","embeddable":true,"href":"https:\/\/www.hediyepazar.com\/index.php?rest_route=%2Fwp%2Fv2%2Fproduct_brand&post=122869"},{"taxonomy":"product_cat","embeddable":true,"href":"https:\/\/www.hediyepazar.com\/index.php?rest_route=%2Fwp%2Fv2%2Fproduct_cat&post=122869"},{"taxonomy":"product_tag","embeddable":true,"href":"https:\/\/www.hediyepazar.com\/index.php?rest_route=%2Fwp%2Fv2%2Fproduct_tag&post=122869"}],"curies":[{"name":"wp","href":"https:\/\/api.w.org\/{rel}","templated":true}]}}