{"id":122871,"date":"2026-05-06T10:58:34","date_gmt":"2026-05-06T13:58:34","guid":{"rendered":"https:\/\/www.hediyepazar.com\/?product=50li-led-seffaf-kablolu-5-m-aydinlatma-isik-susleme-led"},"modified":"2026-05-06T10:58:34","modified_gmt":"2026-05-06T13:58:34","slug":"50li-led-seffaf-kablolu-5-m-aydinlatma-isik-susleme-led","status":"publish","type":"product","link":"https:\/\/www.hediyepazar.com\/?product=50li-led-seffaf-kablolu-5-m-aydinlatma-isik-susleme-led","title":{"rendered":"50\u2019li LED \u015eeffaf Kablolu 5 m Ayd\u0131nlatma I\u015f\u0131k S\u00fcsleme Led"},"content":{"rendered":"<p>\u00dcr\u00fcn, 8 farkl\u0131 \u0131\u015f\u0131k modu sunarak dekorasyonunuzu diledi\u011finiz gibi ki\u015fiselle\u015ftirmenize imkan tan\u0131r. Yava\u015f ge\u00e7i\u015f, h\u0131zl\u0131 yan\u0131p s\u00f6nme, sabit \u0131\u015f\u0131k, dalga efekti gibi modlar aras\u0131ndan tek tu\u015fla se\u00e7im yapabilirsiniz. Mod sabitleme \u00f6zelli\u011fi sayesinde istedi\u011finiz \u0131\u015f\u0131k d\u00fczenini koruyabilirsiniz. Bu \u00e7ok fonksiyonlu kullan\u0131m, \u00f6zellikle y\u0131lba\u015f\u0131 kutlamalar\u0131, d\u00fc\u011f\u00fcnler, bah\u00e7e dekorasyonlar\u0131 ve i\u00e7 mekan s\u00fcslemeleri i\u00e7in idealdir. Hem e\u011flenceli hem de romantik atmosfer yaratmak isteyenler i\u00e7in harika bir se\u00e7enektir.<\/p>\n","protected":false},"excerpt":{"rendered":"<p>\u00dcr\u00fcn, 8 farkl\u0131 \u0131\u015f\u0131k modu sunarak dekorasyonunuzu diledi\u011finiz gibi ki\u015fiselle\u015ftirmenize imkan tan\u0131r. Yava\u015f ge\u00e7i\u015f, h\u0131zl\u0131 yan\u0131p s\u00f6nme, sabit \u0131\u015f\u0131k, dalga efekti gibi modlar aras\u0131ndan tek tu\u015fla se\u00e7im yapabilirsiniz. Mod sabitleme \u00f6zelli\u011fi sayesinde istedi\u011finiz \u0131\u015f\u0131k d\u00fczenini koruyabilirsiniz. Bu \u00e7ok fonksiyonlu kullan\u0131m, \u00f6zellikle y\u0131lba\u015f\u0131 kutlamalar\u0131, d\u00fc\u011f\u00fcnler, bah\u00e7e dekorasyonlar\u0131 ve i\u00e7 mekan s\u00fcslemeleri i\u00e7in idealdir. Hem e\u011flenceli hem&#8230;<\/p>\n","protected":false},"featured_media":122870,"comment_status":"open","ping_status":"closed","template":"","meta":{"_kad_post_transparent":"","_kad_post_title":"","_kad_post_layout":"","_kad_post_sidebar_id":"","_kad_post_content_style":"","_kad_post_vertical_padding":"","_kad_post_feature":"","_kad_post_feature_position":"","_kad_post_header":false,"_kad_post_footer":false,"_kad_post_classname":""},"product_brand":[],"product_cat":[14933],"product_tag":[],"class_list":{"0":"post-122871","1":"product","2":"type-product","3":"status-publish","4":"has-post-thumbnail","6":"product_cat-led-isik-led-isik","8":"first","9":"instock","10":"purchasable","11":"product-type-simple","12":"entry","13":"content-bg","14":"loop-entry"},"_links":{"self":[{"href":"https:\/\/www.hediyepazar.com\/index.php?rest_route=\/wp\/v2\/product\/122871","targetHints":{"allow":["GET"]}}],"collection":[{"href":"https:\/\/www.hediyepazar.com\/index.php?rest_route=\/wp\/v2\/product"}],"about":[{"href":"https:\/\/www.hediyepazar.com\/index.php?rest_route=\/wp\/v2\/types\/product"}],"replies":[{"embeddable":true,"href":"https:\/\/www.hediyepazar.com\/index.php?rest_route=%2Fwp%2Fv2%2Fcomments&post=122871"}],"wp:featuredmedia":[{"embeddable":true,"href":"https:\/\/www.hediyepazar.com\/index.php?rest_route=\/wp\/v2\/media\/122870"}],"wp:attachment":[{"href":"https:\/\/www.hediyepazar.com\/index.php?rest_route=%2Fwp%2Fv2%2Fmedia&parent=122871"}],"wp:term":[{"taxonomy":"product_brand","embeddable":true,"href":"https:\/\/www.hediyepazar.com\/index.php?rest_route=%2Fwp%2Fv2%2Fproduct_brand&post=122871"},{"taxonomy":"product_cat","embeddable":true,"href":"https:\/\/www.hediyepazar.com\/index.php?rest_route=%2Fwp%2Fv2%2Fproduct_cat&post=122871"},{"taxonomy":"product_tag","embeddable":true,"href":"https:\/\/www.hediyepazar.com\/index.php?rest_route=%2Fwp%2Fv2%2Fproduct_tag&post=122871"}],"curies":[{"name":"wp","href":"https:\/\/api.w.org\/{rel}","templated":true}]}}